{"id":999,"date":"2023-11-14T20:40:14","date_gmt":"2023-11-14T20:40:14","guid":{"rendered":"https:\/\/gerhman.com\/?post_type=product&#038;p=999"},"modified":"2024-06-25T19:14:33","modified_gmt":"2024-06-25T19:14:33","slug":"lynx-maxi-drum-long-throw-drum-diffuser","status":"publish","type":"product","link":"https:\/\/gerhman.com\/tr\/urun\/lynx-maxi-drum-long-throw-drum-diffuser\/","title":{"rendered":"Lynx Maxi Drum \u2013 jet drum dif\u00fcz\u00f6r"},"content":{"rendered":"<div class=\"page\" title=\"WBL d\u0131\u015f hava panjurlar\u0131 &#039;Z&#039; form kanat profilleri ile en zor hava \u015fartlar\u0131nda y\u00fcksek performans sergiler.\">\n<div class=\"section\">\n<div class=\"layoutArea\">\n<div class=\"column\">\n<p>Lynx Maxi Drum dif\u00fcz\u00f6rler, mimari uygulamalar\u0131n gereksinimlerini kar\u015f\u0131lamak ve uzun mesafelerde optimal hava da\u011f\u0131t\u0131m performans\u0131n\u0131 s\u00fcrd\u00fcrmek i\u00e7in tasarlanm\u0131\u015ft\u0131r. Bu jet dif\u00fcz\u00f6rler, ekstr\u00fczyon al\u00fcminyumdan yap\u0131lm\u0131\u015f tamamen ayarlanabilir, aerodinamik desen kontrol kanatlar\u0131na sahiptir.<\/p>\n<p>Lynx Maxi Drum, m\u00fchendislik ba\u015far\u0131s\u0131n\u0131 ve mimari \u00e7ekicili\u011fi m\u00fckemmel bir \u015fekilde bir araya getiriyor.<\/p>\n<\/div>\n<div class=\"page\" title=\"WBL d\u0131\u015f hava panjurlar\u0131 &#039;Z&#039; form kanat profilleri ile en zor hava \u015fartlar\u0131nda y\u00fcksek performans sergiler.\">\n<div class=\"section\">\n<div class=\"layoutArea\">\n<div class=\"column\">\n<p><strong>Genel Uygulama<\/strong><\/p>\n<p>Jet nozul dif\u00fcz\u00f6rler, b\u00fcy\u00fck alanlarda havay\u0131 yatay y\u00f6nde atmak i\u00e7in duvara monte edilebilir veya havay\u0131 a\u015fa\u011f\u0131 do\u011fru atmak i\u00e7in tavana monte edilebilir;<\/p>\n<\/div>\n<div class=\"page\" title=\"WBL d\u0131\u015f hava panjurlar\u0131 &#039;Z&#039; form kanat profilleri ile en zor hava \u015fartlar\u0131nda y\u00fcksek performans sergiler.\">\n<div class=\"section\">\n<div class=\"layoutArea\">\n<div class=\"column\">\n<p><strong>Uygulama Alanlar\u0131\u00a0<\/strong><\/p>\n<\/div>\n<\/div>\n<div class=\"layoutArea\">\n<div class=\"column\">\n<ul>\n<li>\u2022Al\u0131\u015fveri\u015f merkezleri<\/li>\n<li>\u2022Havaalanlar\u0131<\/li>\n<li>\u2022\u0130stasyonlar<\/li>\n<li>\u2022Stadyum ve arenalar<\/li>\n<li>\u2022Geni\u015f ve y\u00fcksek mahaller<\/li>\n<\/ul>\n<\/div>\n<div class=\"page\" title=\"WBL d\u0131\u015f hava panjurlar\u0131 &#039;Z&#039; form kanat profilleri ile en zor hava \u015fartlar\u0131nda y\u00fcksek performans sergiler.\">\n<div class=\"section\">\n<div class=\"layoutArea\">\n<div class=\"column\"><\/div>\n<\/div>\n<\/div>\n<\/div>\n<div class=\"page\" title=\"WBL d\u0131\u015f hava panjurlar\u0131 &#039;Z&#039; form kanat profilleri ile en zor hava \u015fartlar\u0131nda y\u00fcksek performans sergiler.\">\n<div class=\"section\">\n<div class=\"layoutArea\">\n<div class=\"column\"><\/div>\n<\/div>\n<\/div>\n<\/div>\n<\/div>\n<\/div>\n<\/div>\n<\/div>\n<\/div>\n<\/div>\n<\/div>\n<\/div>\n<\/div>","protected":false},"excerpt":{"rendered":"<p>Lynx Maxi Drum diffusers are designed to meet the needs of architectural applications demand and maintaining optimal air distribution performance over long distances. These jet diffusers<span class=\"excerpt-hellip\"> [\u2026]<\/span><\/p>\n","protected":false},"featured_media":1001,"comment_status":"open","ping_status":"closed","template":"","meta":[],"product_brand":[],"product_cat":[32,24,30,27,29],"product_tag":[],"class_list":{"0":"post-999","1":"product","2":"type-product","3":"status-publish","4":"has-post-thumbnail","6":"product_cat-architectural-diffusers","7":"product_cat-building-ventilation","8":"product_cat-ceiling-diffusers","9":"product_cat-ventilation-diffusers","10":"product_cat-wall-diffusers","12":"first","13":"instock","14":"shipping-taxable","15":"product-type-simple"},"_links":{"self":[{"href":"https:\/\/gerhman.com\/tr\/wp-json\/wp\/v2\/product\/999","targetHints":{"allow":["GET"]}}],"collection":[{"href":"https:\/\/gerhman.com\/tr\/wp-json\/wp\/v2\/product"}],"about":[{"href":"https:\/\/gerhman.com\/tr\/wp-json\/wp\/v2\/types\/product"}],"replies":[{"embeddable":true,"href":"https:\/\/gerhman.com\/tr\/wp-json\/wp\/v2\/comments?post=999"}],"version-history":[{"count":2,"href":"https:\/\/gerhman.com\/tr\/wp-json\/wp\/v2\/product\/999\/revisions"}],"predecessor-version":[{"id":1003,"href":"https:\/\/gerhman.com\/tr\/wp-json\/wp\/v2\/product\/999\/revisions\/1003"}],"wp:featuredmedia":[{"embeddable":true,"href":"https:\/\/gerhman.com\/tr\/wp-json\/wp\/v2\/media\/1001"}],"wp:attachment":[{"href":"https:\/\/gerhman.com\/tr\/wp-json\/wp\/v2\/media?parent=999"}],"wp:term":[{"taxonomy":"product_brand","embeddable":true,"href":"https:\/\/gerhman.com\/tr\/wp-json\/wp\/v2\/product_brand?post=999"},{"taxonomy":"product_cat","embeddable":true,"href":"https:\/\/gerhman.com\/tr\/wp-json\/wp\/v2\/product_cat?post=999"},{"taxonomy":"product_tag","embeddable":true,"href":"https:\/\/gerhman.com\/tr\/wp-json\/wp\/v2\/product_tag?post=999"}],"curies":[{"name":"wp","href":"https:\/\/api.w.org\/{rel}","templated":true}]}}