{"id":911,"date":"2023-09-16T22:08:37","date_gmt":"2023-09-16T22:08:37","guid":{"rendered":"https:\/\/gerhman.com\/?post_type=product&#038;p=911"},"modified":"2025-05-30T20:08:44","modified_gmt":"2025-05-30T20:08:44","slug":"gff-in-line-filter-housing","status":"publish","type":"product","link":"https:\/\/gerhman.com\/tr\/urun\/gff-in-line-filter-housing\/","title":{"rendered":"GFF \u2013 kanal tipi filtre h\u00fccresi"},"content":{"rendered":"<p>Kanal tipi filtre h\u00fccreleri, egzoz ve besleme hava uygulamalar\u0131nda kullan\u0131lan ve HVAC sistemlerinde, geli\u015ftirilmi\u015f par\u00e7ac\u0131k y\u00f6netimi gerekti\u011fi durumlarda uygundur.<\/p>\n<p><strong>Ana \u00f6zellikler ve uygulamalar<\/strong><\/p>\n<div>Standart ve y\u00fcksek hava ak\u0131\u015f\u0131na sahip H10, H13 ve H14 s\u0131n\u0131f\u0131 HEPA filtreler.<\/div>\n<div>Hem \u00fcfleme hem de hava egzoz sistemleri i\u00e7in uygundur.<\/div>\n<div>Mikrobiyal b\u00fcy\u00fcmenin \u00f6nlenmesi i\u00e7in  antibakteriyel epoksi-poliester toz boya kaplama.<\/div>\n<div>\u2022Kolay filtre de\u011fi\u015fimi<\/div>\n<div>\u2022Filtreyi de\u011fi\u015ftirmek ve kullan\u0131c\u0131y\u0131 bilgilendirmek i\u00e7in bas\u0131n\u00e7 fark\u0131 sens\u00f6r\u00fc (iste\u011fe ba\u011fl\u0131)<\/div>\n<div>\u2022Filtre bas\u0131n\u00e7 kayb\u0131n\u0131 \u00f6l\u00e7mek i\u00e7in entegre test problu.<\/div>\n<div>\u2022 Filtrenin \u00fczerindeki partik\u00fcl konsantrasyonunu \u00f6l\u00e7mek i\u00e7in test probu<\/div>\n<div>\u2022 Hastanelerde steril hava beslemesi - ayr\u0131ca steril hava katk\u0131 sa\u011flay\u0131c\u0131larla birlikte kullan\u0131labilir<\/div>\n<div>\u2022Makine ve a\u011f\u0131r ekipman montaj\u0131n\u0131n bir par\u00e7as\u0131 olarak ATEX2 \u2013 Zonlarda egzoz hava filtrelemesi<\/div>\n<div>\u2022 Offshore b\u00f6lgelerde filtreleme g\u00f6revleri (deniz suyuna dayan\u0131kl\u0131 filtre sistemi)<\/div>\n<div>\u2022 Korozif gazlar\u0131n veya aerosollerin filtrelenmesi.<\/div>\n<div>\u2022 Proses hava filtreleme.<\/div>\n<div>\u2022 Laboratuvarlarda ve end\u00fcstride temiz \u00e7al\u0131\u015fma alanlar\u0131 i\u00e7in besleme hava filtrelemesi.<\/div>\n<div>\u2022 \u0130la\u00e7, g\u0131da ve elektronik \u00fcretim alanlar\u0131nda kullan\u0131m<\/div>\n<table border=\"0\" width=\"518\" cellspacing=\"0\" cellpadding=\"0\">\n<colgroup>\n<col width=\"154\" \/>\n<col width=\"364\" \/><\/colgroup>\n<tbody>\n<tr>\n<td class=\"oa1\" width=\"154\" height=\"42\"><strong>Uygun filtre opsiyonlar\u0131<\/strong><\/td>\n<td class=\"oa2\" width=\"364\"><strong>\u00d6zellikler<\/strong><\/td>\n<\/tr>\n<tr>\n<td class=\"oa1\" width=\"154\" height=\"47\">Panel filtreler<\/td>\n<td class=\"oa2\" width=\"364\">G3 - M5 (EN 779) \/ ISO coarse -  ePM10 (ISO 16890)<\/td>\n<\/tr>\n<tr>\n<td class=\"oa1\" width=\"154\" height=\"54\">Torba filtreler<\/td>\n<td class=\"oa2\" width=\"364\">G3 - F9 (EN 779)<br \/>\nISO coarse - ISO ePM1 (ISO 16890)<\/td>\n<\/tr>\n<tr>\n<td class=\"oa1\" width=\"154\" height=\"54\">Kompakt filtreler<\/td>\n<td class=\"oa2\" width=\"364\">M5 - F9 (EN 779)<br \/>\nISO coarse - ISO ePM1 (ISO 16890)<\/td>\n<\/tr>\n<tr>\n<td class=\"oa1\" width=\"154\" height=\"26\">Hepa filtreler<\/td>\n<td class=\"oa2\" width=\"364\">E11 - H14 2 1 (EN 1822)<\/td>\n<\/tr>\n<tr>\n<td class=\"oa1\" width=\"154\" height=\"70\">Molek\u00fcler filtreler<\/td>\n<td class=\"oa2\" width=\"364\">\u2022 VOC'ler, kokular, zararl\u0131 ve korozyonlu gazlar gibi gaz halindeki hava kirleticilerinin adsorpsiyonu, \u00f6rne\u011fin H2S veya SO2.<\/td>\n<\/tr>\n<\/tbody>\n<\/table>","protected":false},"excerpt":{"rendered":"<p>In-line (or duct type) filter housings are appropriate for HVAC systemsused in return-air, exhaust-air, and supply-air applications, whereimproved particle management is needed. Key features and applications<span class=\"excerpt-hellip\"> [\u2026]<\/span><\/p>\n","protected":false},"featured_media":912,"comment_status":"open","ping_status":"closed","template":"","meta":[],"product_brand":[],"product_cat":[65,40,66],"product_tag":[83],"class_list":{"0":"post-911","1":"product","2":"type-product","3":"status-publish","4":"has-post-thumbnail","6":"product_cat-air-filtration","7":"product_cat-air-filtration-and-clean-room-units","8":"product_cat-clean-room-units","9":"product_tag-hospitals","11":"first","12":"instock","13":"shipping-taxable","14":"product-type-simple"},"_links":{"self":[{"href":"https:\/\/gerhman.com\/tr\/wp-json\/wp\/v2\/product\/911","targetHints":{"allow":["GET"]}}],"collection":[{"href":"https:\/\/gerhman.com\/tr\/wp-json\/wp\/v2\/product"}],"about":[{"href":"https:\/\/gerhman.com\/tr\/wp-json\/wp\/v2\/types\/product"}],"replies":[{"embeddable":true,"href":"https:\/\/gerhman.com\/tr\/wp-json\/wp\/v2\/comments?post=911"}],"version-history":[{"count":4,"href":"https:\/\/gerhman.com\/tr\/wp-json\/wp\/v2\/product\/911\/revisions"}],"predecessor-version":[{"id":997,"href":"https:\/\/gerhman.com\/tr\/wp-json\/wp\/v2\/product\/911\/revisions\/997"}],"wp:featuredmedia":[{"embeddable":true,"href":"https:\/\/gerhman.com\/tr\/wp-json\/wp\/v2\/media\/912"}],"wp:attachment":[{"href":"https:\/\/gerhman.com\/tr\/wp-json\/wp\/v2\/media?parent=911"}],"wp:term":[{"taxonomy":"product_brand","embeddable":true,"href":"https:\/\/gerhman.com\/tr\/wp-json\/wp\/v2\/product_brand?post=911"},{"taxonomy":"product_cat","embeddable":true,"href":"https:\/\/gerhman.com\/tr\/wp-json\/wp\/v2\/product_cat?post=911"},{"taxonomy":"product_tag","embeddable":true,"href":"https:\/\/gerhman.com\/tr\/wp-json\/wp\/v2\/product_tag?post=911"}],"curies":[{"name":"wp","href":"https:\/\/api.w.org\/{rel}","templated":true}]}}