{"id":890,"date":"2023-08-28T21:52:48","date_gmt":"2023-08-28T21:52:48","guid":{"rendered":"http:\/\/gerhman.com\/?post_type=product&#038;p=890"},"modified":"2023-10-28T10:31:03","modified_gmt":"2023-10-28T10:31:03","slug":"iota-r-round-ceiling-diffuse","status":"publish","type":"product","link":"https:\/\/gerhman.com\/tr\/urun\/iota-r-round-ceiling-diffuse\/","title":{"rendered":"IOTA R \u2013 dairesel anemostad"},"content":{"rendered":"<p>IOTA R yuvarlak tavan dif\u00fcz\u00f6rleri, d\u00fc\u015f\u00fck ve orta bas\u0131n\u00e7l\u0131 havaland\u0131rma sistemleriyle birlikte Klima hava besleme ve egzoz kanallar\u0131 ile uyumludur. Aerodinamik olarak tasarlanm\u0131\u015f kanatlar, d\u00fc\u015f\u00fck hava ak\u0131\u015f h\u0131zlar\u0131nda bile stabiliteyi koruyan s\u0131k\u0131 yatay bir desen sa\u011flar. Mimarl\u0131k uygulamalar\u0131 i\u00e7in m\u00fckemmeldir.<\/p>\n<div class=\"O0\">\u2022 Maksimum tavan y\u00fcksekli\u011fi 4-6 m olan alanlar i\u00e7in \u00f6nerilir.<\/div>\n<div class=\"O0\">\u2022Kolay kurulum<\/div>\n<div class=\"O0\">\u2022 Dif\u00fcz\u00f6r kanatlar\u0131 iste\u011fe ba\u011fl\u0131 olarak \u00e7\u0131kar\u0131labilir.<\/div>\n<div class=\"O0\">\u2022yataydan dikey at\u0131\u015f<\/div>\n<div class=\"O0\">\u2022 \u00c7er\u00e7eve ve dif\u00fcz\u00f6r: Y\u00fcksek kaliteli \u00e7elik konstr\u00fcksiyon.<\/div>\n<div class=\"O0\">\u2022 Arka damperler siyah mat boyal\u0131 \u00e7elik levhadan imal edilmi\u015ftir. (\u0130ste\u011fe ba\u011fl\u0131 olarak)<\/div>\n<div><\/div>\n<div><img \/><\/div>\n<div><\/div>\n<p>&nbsp;<\/p>","protected":false},"excerpt":{"rendered":"<p>IOTA R round ceiling diffusers are compatible with low and medium pressure ventilation systems as well as A\/C air supply and exhaust ducts. Aerodynamically designed blades<span class=\"excerpt-hellip\"> [\u2026]<\/span><\/p>\n","protected":false},"featured_media":893,"comment_status":"open","ping_status":"closed","template":"","meta":[],"product_brand":[],"product_cat":[24,30,27],"product_tag":[],"class_list":{"0":"post-890","1":"product","2":"type-product","3":"status-publish","4":"has-post-thumbnail","6":"product_cat-building-ventilation","7":"product_cat-ceiling-diffusers","8":"product_cat-ventilation-diffusers","10":"first","11":"instock","12":"shipping-taxable","13":"product-type-simple"},"_links":{"self":[{"href":"https:\/\/gerhman.com\/tr\/wp-json\/wp\/v2\/product\/890","targetHints":{"allow":["GET"]}}],"collection":[{"href":"https:\/\/gerhman.com\/tr\/wp-json\/wp\/v2\/product"}],"about":[{"href":"https:\/\/gerhman.com\/tr\/wp-json\/wp\/v2\/types\/product"}],"replies":[{"embeddable":true,"href":"https:\/\/gerhman.com\/tr\/wp-json\/wp\/v2\/comments?post=890"}],"version-history":[{"count":2,"href":"https:\/\/gerhman.com\/tr\/wp-json\/wp\/v2\/product\/890\/revisions"}],"predecessor-version":[{"id":892,"href":"https:\/\/gerhman.com\/tr\/wp-json\/wp\/v2\/product\/890\/revisions\/892"}],"wp:featuredmedia":[{"embeddable":true,"href":"https:\/\/gerhman.com\/tr\/wp-json\/wp\/v2\/media\/893"}],"wp:attachment":[{"href":"https:\/\/gerhman.com\/tr\/wp-json\/wp\/v2\/media?parent=890"}],"wp:term":[{"taxonomy":"product_brand","embeddable":true,"href":"https:\/\/gerhman.com\/tr\/wp-json\/wp\/v2\/product_brand?post=890"},{"taxonomy":"product_cat","embeddable":true,"href":"https:\/\/gerhman.com\/tr\/wp-json\/wp\/v2\/product_cat?post=890"},{"taxonomy":"product_tag","embeddable":true,"href":"https:\/\/gerhman.com\/tr\/wp-json\/wp\/v2\/product_tag?post=890"}],"curies":[{"name":"wp","href":"https:\/\/api.w.org\/{rel}","templated":true}]}}