{"id":886,"date":"2023-08-27T20:30:00","date_gmt":"2023-08-27T20:30:00","guid":{"rendered":"http:\/\/gerhman.com\/?post_type=product&#038;p=886"},"modified":"2023-10-28T10:19:07","modified_gmt":"2023-10-28T10:19:07","slug":"verso-swirl-diffuser","status":"publish","type":"product","link":"https:\/\/gerhman.com\/tr\/urun\/verso-swirl-diffuser\/","title":{"rendered":"Verso \u2013 swirl dif\u00fcz\u00f6r"},"content":{"rendered":"<p>Verso kare ve yuvarlak tavan dif\u00fcz\u00f6rleri, \u00e7ekici, g\u00f6ze batmayan ve y\u00fcksek kaliteli i\u00e7 mekan hava da\u011f\u0131t\u0131m\u0131 sa\u011flamak \u00fczere tasarlanm\u0131\u015ft\u0131r.<\/p>\n<p>&nbsp;<\/p>\n<p>Swirl diffuser genellikle 4.5 metreye kadar y\u00fcksek tavan uygulamalar\u0131nda kullan\u0131l\u0131r. Besleme havas\u0131 h\u0131zla oda havas\u0131yla kar\u0131\u015f\u0131rken dairesel bir desende dola\u015f\u0131r. Swirl diffuser hem sabit hem de ayarlanabilir b\u0131\u00e7ak desenlerinde bulunur. Swirl diffuser'\u0131n tasar\u0131m\u0131 estetik olarak \u00e7ekici olup bir\u00e7ok mimar taraf\u0131ndan tercih edilir.<\/p>\n<p>&nbsp;<\/p>\n<p>Dola\u015fan hava de\u015farj\u0131, y\u00fcksek ind\u00fcksiyon, h\u0131zl\u0131 kar\u0131\u015f\u0131m, an\u0131nda s\u0131cakl\u0131k homojenle\u015fmesi ve nazik bir oda hava hareketi sunar. Kanat a\u00e7\u0131s\u0131 m\u00fckemmel yatay hava da\u011f\u0131l\u0131m\u0131n\u0131 sa\u011flar ve Coanda etkisi ile birle\u015fti\u011finde, dif\u00fcz\u00f6r, De\u011fi\u015fken Hava Damperi (VAV) sistemleri i\u00e7in optimal bir se\u00e7enek olarak durur. Plenum i\u00e7ine yerle\u015ftirilen akustik izolasyon, i\u00e7 mekan hava kalitesini (IAQ) art\u0131r\u0131r. Dairesel plenum tasar\u0131m\u0131, etkili hava de\u015farj\u0131n\u0131 kolayla\u015ft\u0131r\u0131r ve bas\u0131n\u00e7 kayb\u0131n\u0131 ve olu\u015fturulan g\u00fcr\u00fclt\u00fcy\u00fc en aza indirir. \u0130ki aray\u00fcz se\u00e7ene\u011fi ile farkl\u0131 tavan profilleriyle uyum sa\u011flar.<\/p>\n<p>&nbsp;<\/p>\n<p><strong>Teknik \u00d6zellikler<\/strong><\/p>\n<div>\u2022Dif\u00fcz\u00f6r, y\u00fcksek kaliteli GI levhalardan (Z-275) \u00fcretilir.<\/div>\n<div>\"Y\u00fcksek kaliteli al\u00fcminyum ve paslanmaz \u00e7elik levhalardan yap\u0131lan swirl dif\u00fcz\u00f6r, iste\u011fe ba\u011fl\u0131 olarak da temin edilebilir.\"<\/div>\n<div>\u2022Sabit hava kontrol kanatlar\u0131 ve iste\u011fe ba\u011fl\u0131 perfore d\u00fczenleyiciden olu\u015fmaktad\u0131r.<\/div>\n<div>\u2022\u00dcfleme ve emi\u015f hatlar\u0131nda kullan\u0131l\u0131r<\/div>\n<div>\u2022Sabit ve de\u011fi\u015fken hava ak\u0131\u015f\u0131na uygun<\/div>\n<div>\u2022Konfor alanlar\u0131 i\u00e7in ideal dif\u00fcz\u00f6rd\u00fcr.<\/div>\n<div>\u2022Yuvarlak ve kare panel opsiyonu<\/div>\n<div><\/div>\n<div><img \/><\/div>\n<div><\/div>\n<p>&nbsp;<\/p>","protected":false},"excerpt":{"rendered":"<p>Square and Round Verso Ceiling Swirl Diffusers have been designed to provide attractive, non-obtrusive, high quality indoor air diffusion. &nbsp; Swirl diffuser is generally used in<span class=\"excerpt-hellip\"> [\u2026]<\/span><\/p>\n","protected":false},"featured_media":887,"comment_status":"open","ping_status":"closed","template":"","meta":[],"product_brand":[],"product_cat":[24,30,27],"product_tag":[85],"class_list":{"0":"post-886","1":"product","2":"type-product","3":"status-publish","4":"has-post-thumbnail","6":"product_cat-building-ventilation","7":"product_cat-ceiling-diffusers","8":"product_cat-ventilation-diffusers","9":"product_tag-office","11":"first","12":"instock","13":"shipping-taxable","14":"product-type-simple"},"_links":{"self":[{"href":"https:\/\/gerhman.com\/tr\/wp-json\/wp\/v2\/product\/886","targetHints":{"allow":["GET"]}}],"collection":[{"href":"https:\/\/gerhman.com\/tr\/wp-json\/wp\/v2\/product"}],"about":[{"href":"https:\/\/gerhman.com\/tr\/wp-json\/wp\/v2\/types\/product"}],"replies":[{"embeddable":true,"href":"https:\/\/gerhman.com\/tr\/wp-json\/wp\/v2\/comments?post=886"}],"version-history":[{"count":2,"href":"https:\/\/gerhman.com\/tr\/wp-json\/wp\/v2\/product\/886\/revisions"}],"predecessor-version":[{"id":904,"href":"https:\/\/gerhman.com\/tr\/wp-json\/wp\/v2\/product\/886\/revisions\/904"}],"wp:featuredmedia":[{"embeddable":true,"href":"https:\/\/gerhman.com\/tr\/wp-json\/wp\/v2\/media\/887"}],"wp:attachment":[{"href":"https:\/\/gerhman.com\/tr\/wp-json\/wp\/v2\/media?parent=886"}],"wp:term":[{"taxonomy":"product_brand","embeddable":true,"href":"https:\/\/gerhman.com\/tr\/wp-json\/wp\/v2\/product_brand?post=886"},{"taxonomy":"product_cat","embeddable":true,"href":"https:\/\/gerhman.com\/tr\/wp-json\/wp\/v2\/product_cat?post=886"},{"taxonomy":"product_tag","embeddable":true,"href":"https:\/\/gerhman.com\/tr\/wp-json\/wp\/v2\/product_tag?post=886"}],"curies":[{"name":"wp","href":"https:\/\/api.w.org\/{rel}","templated":true}]}}