{"id":848,"date":"2023-08-12T22:39:38","date_gmt":"2023-08-12T22:39:38","guid":{"rendered":"http:\/\/gerhman.com\/?post_type=product&#038;p=848"},"modified":"2023-10-28T10:20:21","modified_gmt":"2023-10-28T10:20:21","slug":"acc-fr120-fire-rated-access-door-insulated","status":"publish","type":"product","link":"https:\/\/gerhman.com\/tr\/urun\/acc-fr120-fire-rated-access-door-insulated\/","title":{"rendered":"ACC-FR120 \u2013 yang\u0131n dayan\u0131ml\u0131 kontrol kapa\u011f\u0131 (\u0130zoleli)"},"content":{"rendered":"<p class=\"translation-block\">ACC-FR120 Serisi, duvarlar ve tavanlar i\u00e7in 2 saatlik yang\u0131n dayan\u0131kl\u0131l\u0131\u011f\u0131na sahip kontrol kapaklar\u0131d\u0131r ve \u015fu \u00f6zelliklere sahiptir:<\/p>\n<p><strong>\u00dcr\u00fcn \u00d6zellikleri<\/strong><\/p>\n<div>\u2022 T\u00fcm duvar ve tavan tipleri i\u00e7in<\/div>\n<div>\u2022 1 ve 2 saat yang\u0131n dayan\u0131kl\u0131l\u0131\u011f\u0131na sahip<\/div>\n<div>\u2022 50 mm yang\u0131n dayan\u0131kl\u0131l\u0131\u011f\u0131na sahip izole panel<\/div>\n<p>&nbsp;<\/p>\n<p><strong>Renk<\/strong><\/p>\n<div>\"Standart olarak boyas\u0131zd\u0131r. Boyal\u0131 opsiyon i\u00e7in t\u00fcm kap\u0131lar RAL Numaras\u0131 9010 kodlu beyaz renkte ve parlakl\u0131kta toz boya ile kaplanm\u0131\u015ft\u0131r. Siyah ve di\u011fer ek renkler sipari\u015f \u00fczerine temin edilebilir (detayl\u0131 bilgi i\u00e7in l\u00fctfen aray\u0131n) veya ihtiya\u00e7 halinde eri\u015fim panelleri sahada boyanabilir.<\/div>\n<div><\/div>\n<div>\n<p><strong>Montaj<\/strong><\/p>\n<div>\u2022 Kap\u0131n\u0131n do\u011fru \u015fekilde a\u00e7\u0131l\u0131p kapanmas\u0131n\u0131 ve sonunda kap\u0131n\u0131n s\u0131k\u0131\u015fmamas\u0131n\u0131 sa\u011flamak i\u00e7in kap\u0131y\u0131 son olarak sabitlemeden \u00f6nce kontrol edin.<\/div>\n<div>\u2022 Kap\u0131n\u0131n monte edilece\u011fi duvar veya tavan\u0131n yeterince sa\u011flam oldu\u011fundan emin olun.<\/div>\n<\/div>\n<p>&nbsp;<\/p>","protected":false},"excerpt":{"rendered":"<p>ACC-FR120 Series 2 hour fire-rated access panels for walls and ceilings includethe following features: Product Features \u2022For all types of walls and ceilings \u20221 and 2<span class=\"excerpt-hellip\"> [\u2026]<\/span><\/p>\n","protected":false},"featured_media":850,"comment_status":"open","ping_status":"closed","template":"","meta":[],"product_brand":[],"product_cat":[39],"product_tag":[],"class_list":{"0":"post-848","1":"product","2":"type-product","3":"status-publish","4":"has-post-thumbnail","6":"product_cat-system-technology","8":"first","9":"instock","10":"shipping-taxable","11":"product-type-simple"},"_links":{"self":[{"href":"https:\/\/gerhman.com\/tr\/wp-json\/wp\/v2\/product\/848","targetHints":{"allow":["GET"]}}],"collection":[{"href":"https:\/\/gerhman.com\/tr\/wp-json\/wp\/v2\/product"}],"about":[{"href":"https:\/\/gerhman.com\/tr\/wp-json\/wp\/v2\/types\/product"}],"replies":[{"embeddable":true,"href":"https:\/\/gerhman.com\/tr\/wp-json\/wp\/v2\/comments?post=848"}],"version-history":[{"count":1,"href":"https:\/\/gerhman.com\/tr\/wp-json\/wp\/v2\/product\/848\/revisions"}],"predecessor-version":[{"id":851,"href":"https:\/\/gerhman.com\/tr\/wp-json\/wp\/v2\/product\/848\/revisions\/851"}],"wp:featuredmedia":[{"embeddable":true,"href":"https:\/\/gerhman.com\/tr\/wp-json\/wp\/v2\/media\/850"}],"wp:attachment":[{"href":"https:\/\/gerhman.com\/tr\/wp-json\/wp\/v2\/media?parent=848"}],"wp:term":[{"taxonomy":"product_brand","embeddable":true,"href":"https:\/\/gerhman.com\/tr\/wp-json\/wp\/v2\/product_brand?post=848"},{"taxonomy":"product_cat","embeddable":true,"href":"https:\/\/gerhman.com\/tr\/wp-json\/wp\/v2\/product_cat?post=848"},{"taxonomy":"product_tag","embeddable":true,"href":"https:\/\/gerhman.com\/tr\/wp-json\/wp\/v2\/product_tag?post=848"}],"curies":[{"name":"wp","href":"https:\/\/api.w.org\/{rel}","templated":true}]}}