{"id":838,"date":"2023-08-06T14:47:13","date_gmt":"2023-08-06T14:47:13","guid":{"rendered":"http:\/\/gerhman.com\/?post_type=product&#038;p=838"},"modified":"2024-07-08T11:20:04","modified_gmt":"2024-07-08T11:20:04","slug":"palma-high-induction-ceiling-diffuser","status":"publish","type":"product","link":"https:\/\/gerhman.com\/tr\/urun\/palma-high-induction-ceiling-diffuser\/","title":{"rendered":"PALMA \u2013ayarlanabilir kanatl\u0131 y\u00fcksek at\u0131\u015fl\u0131 tavan diz\u00fc\u00f6r\u00fc"},"content":{"rendered":"<div>\n<p>PALMA y\u00fcksek ind\u00fcksiyonlu kare tavan dif\u00fcz\u00f6r\u00fc.<br \/>\n\u00dcfleme ve emi\u015f sistemlerinde kullan\u0131l\u0131r. Aluminyumdan mamuld\u00fcr.<br \/>\n3 ile 10 mt tavan y\u00fckseklik aral\u0131\u011f\u0131na kullan\u0131ma uygundur.<\/p>\n<\/div>\n<p>Swirl hava at\u0131\u015f\u0131 ile mahal \u00fcflemelerinde konforlu hava da\u011f\u0131t\u0131m\u0131 sa\u011flar. Bu hava ak\u0131\u015f deseni odadaki havay\u0131 etkili bir \u015fekilde kar\u0131\u015ft\u0131rarak beslenen  hava ile odadaki hava aras\u0131ndaki h\u0131z ve s\u0131cakl\u0131k fark\u0131n\u0131 h\u0131zla azalt\u0131r. Tavan swirl dif\u00fcz\u00f6rlerinin b\u00fcy\u00fck hacimli hava ak\u0131\u015flar\u0131n\u0131 kolayca y\u00f6nlendirebilme avantaj\u0131 vard\u0131r.  Mahalde minimal turb\u00fclansla m\u00fckemmel genel mahal havaland\u0131rmas\u0131n\u0131 sa\u011flar.\"<\/p>\n<div>\n<div>\u20223 - 10 metre maksimum tavan y\u00fcksekli\u011fi olan alanlar i\u00e7in \u00f6nerilir.<\/div>\n<div>\u2022Kolay kurulum<\/div>\n<div>\u2022Y\u00fcksek \u00fcfleme debileri i\u00e7in uygundur<\/div>\n<div>\u2022Manuel veya motorlu kontrol<\/div>\n<div>\u2022Sabit ve de\u011fi\u015fken hava ak\u0131\u015f\u0131na uygun<\/div>\n<div>\u2022\u201312 to +15 K aral\u0131\u011f\u0131nda \u00fcfleme ve mahal s\u0131cakl\u0131k fark\u0131na uygun<\/div>\n<div>\u2022Ayarlanabilir kanatl\u0131 s\u0131tma\/so\u011futma modu<\/div>\n<\/div>\n<p>&nbsp;<\/p>","protected":false},"excerpt":{"rendered":"<p>PALMA high-induction square ceiling diffuser, for mixing primary air and inducted ambient air. Made in aluminium. Finished in any RAL colour upon request. Recommended installation height<span class=\"excerpt-hellip\"> [\u2026]<\/span><\/p>\n","protected":false},"featured_media":840,"comment_status":"open","ping_status":"closed","template":"","meta":[],"product_brand":[],"product_cat":[24,30,27],"product_tag":[],"class_list":{"0":"post-838","1":"product","2":"type-product","3":"status-publish","4":"has-post-thumbnail","6":"product_cat-building-ventilation","7":"product_cat-ceiling-diffusers","8":"product_cat-ventilation-diffusers","10":"first","11":"instock","12":"shipping-taxable","13":"product-type-simple"},"_links":{"self":[{"href":"https:\/\/gerhman.com\/tr\/wp-json\/wp\/v2\/product\/838","targetHints":{"allow":["GET"]}}],"collection":[{"href":"https:\/\/gerhman.com\/tr\/wp-json\/wp\/v2\/product"}],"about":[{"href":"https:\/\/gerhman.com\/tr\/wp-json\/wp\/v2\/types\/product"}],"replies":[{"embeddable":true,"href":"https:\/\/gerhman.com\/tr\/wp-json\/wp\/v2\/comments?post=838"}],"version-history":[{"count":1,"href":"https:\/\/gerhman.com\/tr\/wp-json\/wp\/v2\/product\/838\/revisions"}],"predecessor-version":[{"id":841,"href":"https:\/\/gerhman.com\/tr\/wp-json\/wp\/v2\/product\/838\/revisions\/841"}],"wp:featuredmedia":[{"embeddable":true,"href":"https:\/\/gerhman.com\/tr\/wp-json\/wp\/v2\/media\/840"}],"wp:attachment":[{"href":"https:\/\/gerhman.com\/tr\/wp-json\/wp\/v2\/media?parent=838"}],"wp:term":[{"taxonomy":"product_brand","embeddable":true,"href":"https:\/\/gerhman.com\/tr\/wp-json\/wp\/v2\/product_brand?post=838"},{"taxonomy":"product_cat","embeddable":true,"href":"https:\/\/gerhman.com\/tr\/wp-json\/wp\/v2\/product_cat?post=838"},{"taxonomy":"product_tag","embeddable":true,"href":"https:\/\/gerhman.com\/tr\/wp-json\/wp\/v2\/product_tag?post=838"}],"curies":[{"name":"wp","href":"https:\/\/api.w.org\/{rel}","templated":true}]}}