{"id":833,"date":"2023-05-31T21:37:33","date_gmt":"2023-05-31T21:37:33","guid":{"rendered":"http:\/\/gerhman.com\/?post_type=product&#038;p=833"},"modified":"2025-11-15T02:48:53","modified_gmt":"2025-11-15T02:48:53","slug":"nrd61v-horizontal-mounted-vertical-flow-back-draft-damper","status":"publish","type":"product","link":"https:\/\/gerhman.com\/tr\/urun\/nrd61v-horizontal-mounted-vertical-flow-back-draft-damper\/","title":{"rendered":"NRD61V \u2013 tavan tipi geri d\u00f6n\u00fc\u015fs\u00fcz damper"},"content":{"rendered":"<div class=\"page\" title=\"WBL d\u0131\u015f hava panjurlar\u0131 &#039;Z&#039; form kanat profilleri ile en zor hava \u015fartlar\u0131nda y\u00fcksek performans sergiler.\">\n<div class=\"section\">\n<div class=\"layoutArea\">\n<div class=\"column\">\n<p>NRD61-V, yatay montaj ve dikey hava geri ak\u0131\u015f damperidir. Bir fan veya \u00e7at\u0131 \u00fcst\u00fc vantilat\u00f6r kullan\u0131l\u0131rken \u00e7at\u0131 kabinlerinde, kanal \u00e7al\u0131\u015fmalar\u0131nda veya duvar yaka tesisatlar\u0131nda kullan\u0131m i\u00e7in uygundur. Yatay montaj egzoz uygulamalar\u0131 i\u00e7in \u00f6nerilir, ancak dikey montaj i\u00e7in de uygundur.\"<\/p>\n<p>Dizayn<\/p>\n<ul>\n<li>Galvaniz \u00e7elikten kasa ve kanat<\/li>\n<li>Aluminyumdan mamul \u00e7er\u00e7eve ve kanatlar (iste\u011fe ba\u011fl\u0131)<\/li>\n<li>\u00c7ap\u0131 12 mm olan yuvarlak miller, galvanizli demir ba\u011flant\u0131lar arac\u0131l\u0131\u011f\u0131yla birbirine ba\u011flanm\u0131\u015ft\u0131r.<\/li>\n<li>Kanat u\u00e7lar\u0131nda d\u00fc\u015f\u00fck s\u0131zd\u0131rmazl\u0131k i\u00e7in conta sa\u011flanm\u0131\u015ft\u0131r. (iste\u011fe ba\u011fl\u0131)<\/li>\n<li>EN1752'ye g\u00f6re g\u00f6vde s\u0131zd\u0131rmazl\u0131\u011f\u0131 class C<\/li>\n<li>20-25-30-35 flan\u015f opsiyonu (25 mm flan\u015f standart)<\/li>\n<\/ul>\n<\/div>\n<\/div>\n<\/div>\n<\/div>","protected":false},"excerpt":{"rendered":"<p>NRD61-V damper is horizontal mount exhaust backdraft damper. Ideal for use in roof curbs, duct work, or wall collars when using a fan or power roof<span class=\"excerpt-hellip\"> [\u2026]<\/span><\/p>\n","protected":false},"featured_media":834,"comment_status":"open","ping_status":"closed","template":"","meta":[],"product_brand":[],"product_cat":[41,42,44],"product_tag":[80],"class_list":{"0":"post-833","1":"product","2":"type-product","3":"status-publish","4":"has-post-thumbnail","6":"product_cat-airflow-management","7":"product_cat-control-dampers","8":"product_cat-overflow-units","9":"product_tag-heavy","11":"first","12":"instock","13":"shipping-taxable","14":"product-type-simple"},"_links":{"self":[{"href":"https:\/\/gerhman.com\/tr\/wp-json\/wp\/v2\/product\/833","targetHints":{"allow":["GET"]}}],"collection":[{"href":"https:\/\/gerhman.com\/tr\/wp-json\/wp\/v2\/product"}],"about":[{"href":"https:\/\/gerhman.com\/tr\/wp-json\/wp\/v2\/types\/product"}],"replies":[{"embeddable":true,"href":"https:\/\/gerhman.com\/tr\/wp-json\/wp\/v2\/comments?post=833"}],"version-history":[{"count":1,"href":"https:\/\/gerhman.com\/tr\/wp-json\/wp\/v2\/product\/833\/revisions"}],"predecessor-version":[{"id":835,"href":"https:\/\/gerhman.com\/tr\/wp-json\/wp\/v2\/product\/833\/revisions\/835"}],"wp:featuredmedia":[{"embeddable":true,"href":"https:\/\/gerhman.com\/tr\/wp-json\/wp\/v2\/media\/834"}],"wp:attachment":[{"href":"https:\/\/gerhman.com\/tr\/wp-json\/wp\/v2\/media?parent=833"}],"wp:term":[{"taxonomy":"product_brand","embeddable":true,"href":"https:\/\/gerhman.com\/tr\/wp-json\/wp\/v2\/product_brand?post=833"},{"taxonomy":"product_cat","embeddable":true,"href":"https:\/\/gerhman.com\/tr\/wp-json\/wp\/v2\/product_cat?post=833"},{"taxonomy":"product_tag","embeddable":true,"href":"https:\/\/gerhman.com\/tr\/wp-json\/wp\/v2\/product_tag?post=833"}],"curies":[{"name":"wp","href":"https:\/\/api.w.org\/{rel}","templated":true}]}}