{"id":824,"date":"2023-05-24T22:30:47","date_gmt":"2023-05-24T22:30:47","guid":{"rendered":"http:\/\/gerhman.com\/?post_type=product&#038;p=824"},"modified":"2025-06-07T13:05:19","modified_gmt":"2025-06-07T13:05:19","slug":"venio-high-induction-ceiling-diffuser","status":"publish","type":"product","link":"https:\/\/gerhman.com\/tr\/urun\/venio-high-induction-ceiling-diffuser\/","title":{"rendered":"VENIO \u2013 y\u00fcksek indiksiyonlu tavan dif\u00fcz\u00f6r\u00fc"},"content":{"rendered":"<p>VENIO y\u00fcksek ind\u00fcksiyonlu tavan dif\u00fcz\u00f6r\u00fc,<br \/>\n\u00dcfleme ve emi\u015f sistemlerinde kullan\u0131l\u0131r. Aluminyumdan mamuld\u00fcr.<br \/>\n3 ile 10 mt tavan y\u00fckseklik aral\u0131\u011f\u0131na kullan\u0131ma uygundur.<\/p>\n<p>&nbsp;<\/p>\n<div>\u20223 - 10 metre maksimum tavan y\u00fcksekli\u011fi olan alanlar i\u00e7in \u00f6nerilir.<\/div>\n<div>\u2022Kolay kurulum<\/div>\n<div>\u2022Y\u00fcksek \u00fcfleme debileri i\u00e7in uygundur<\/div>\n<div>\u2022Manuel veya motorlu kontrol<\/div>\n<div><\/div>\n<div>\n<p>Dif\u00fcz\u00f6r, \u00e7ap 315 ve \u00fczeri boyutlarda mevcuttur ve  pozisyonunun motorlu hareketi ile termostat veya di\u011fer harici anahtar arac\u0131l\u0131\u011f\u0131yla yataydan dikey hava da\u011f\u0131l\u0131m\u0131na veya tersine kontrol edilebilir.<\/p>\n<\/div>\n<p>&nbsp;<\/p>","protected":false},"excerpt":{"rendered":"<p>VENIO High-induction circular diffuser, for mixing primary air and inducted ambient air. Made in aluminium. Finished in any RAL colour upon request. Recommended installation height between<span class=\"excerpt-hellip\"> [\u2026]<\/span><\/p>\n","protected":false},"featured_media":826,"comment_status":"open","ping_status":"closed","template":"","meta":[],"product_brand":[],"product_cat":[24,30,27],"product_tag":[],"class_list":{"0":"post-824","1":"product","2":"type-product","3":"status-publish","4":"has-post-thumbnail","6":"product_cat-building-ventilation","7":"product_cat-ceiling-diffusers","8":"product_cat-ventilation-diffusers","10":"first","11":"instock","12":"shipping-taxable","13":"product-type-simple"},"_links":{"self":[{"href":"https:\/\/gerhman.com\/tr\/wp-json\/wp\/v2\/product\/824","targetHints":{"allow":["GET"]}}],"collection":[{"href":"https:\/\/gerhman.com\/tr\/wp-json\/wp\/v2\/product"}],"about":[{"href":"https:\/\/gerhman.com\/tr\/wp-json\/wp\/v2\/types\/product"}],"replies":[{"embeddable":true,"href":"https:\/\/gerhman.com\/tr\/wp-json\/wp\/v2\/comments?post=824"}],"version-history":[{"count":1,"href":"https:\/\/gerhman.com\/tr\/wp-json\/wp\/v2\/product\/824\/revisions"}],"predecessor-version":[{"id":827,"href":"https:\/\/gerhman.com\/tr\/wp-json\/wp\/v2\/product\/824\/revisions\/827"}],"wp:featuredmedia":[{"embeddable":true,"href":"https:\/\/gerhman.com\/tr\/wp-json\/wp\/v2\/media\/826"}],"wp:attachment":[{"href":"https:\/\/gerhman.com\/tr\/wp-json\/wp\/v2\/media?parent=824"}],"wp:term":[{"taxonomy":"product_brand","embeddable":true,"href":"https:\/\/gerhman.com\/tr\/wp-json\/wp\/v2\/product_brand?post=824"},{"taxonomy":"product_cat","embeddable":true,"href":"https:\/\/gerhman.com\/tr\/wp-json\/wp\/v2\/product_cat?post=824"},{"taxonomy":"product_tag","embeddable":true,"href":"https:\/\/gerhman.com\/tr\/wp-json\/wp\/v2\/product_tag?post=824"}],"curies":[{"name":"wp","href":"https:\/\/api.w.org\/{rel}","templated":true}]}}