{"id":806,"date":"2023-05-11T23:03:37","date_gmt":"2023-05-11T23:03:37","guid":{"rendered":"http:\/\/gerhman.com\/?post_type=product&#038;p=806"},"modified":"2025-02-26T22:19:17","modified_gmt":"2025-02-26T22:19:17","slug":"wk45-motorised-fire-damper","status":"publish","type":"product","link":"https:\/\/gerhman.com\/tr\/urun\/wk45-motorised-fire-damper\/","title":{"rendered":"WK45 \u2013 motorlu yang\u0131n damperi"},"content":{"rendered":"<div class=\"page\" title=\"Page 1\">\n<div class=\"section\">\n<div class=\"layoutArea\">\n<div class=\"column\">\n<p>Yang\u0131n direnci duvarlar\u0131 veya zeminleri delen hava kanal\u0131 sistemleri i\u00e7in dikd\u00f6rtgen yang\u0131n damperi. \n\nEN1751:2014 b\u00f6l\u00fcm C3'e g\u00f6re muhafaza s\u0131n\u0131f\u0131, s\u0131z\u0131nt\u0131 performans\u0131 s\u0131n\u0131f\u0131 C'dir<\/p>\n<p>Bu damper, yang\u0131n ve duman\u0131n hava kanal\u0131 sisteminden yay\u0131lmas\u0131n\u0131 \u00f6nler. EN 1366-2 ve EN 13501-3'e uygun olarak 500 Pa negatif bas\u0131n\u00e7ta test edilmi\u015f ve s\u0131n\u0131fland\u0131r\u0131lm\u0131\u015ft\u0131r. Ayr\u0131ca EN 15650'ye g\u00f6re CE i\u015faretlidir<\/p>\n<\/div>\n<ul>\n<li>EI 180 S<\/li>\n<li>EI 120 S<\/li>\n<li>EI 90 S<\/li>\n<li>EI 60 S<\/li>\n<\/ul>\n<p>&nbsp;<\/p>\n<\/div>\n<\/div>\n<\/div>","protected":false},"excerpt":{"rendered":"<p>Rectangular fire damper for air duct system that penetrate fire resistance walls or floors. Casing leakage performance class C according to Standard EN1751:2014 section C.3. The<span class=\"excerpt-hellip\"> [\u2026]<\/span><\/p>\n","protected":false},"featured_media":808,"comment_status":"open","ping_status":"closed","template":"","meta":[],"product_brand":[],"product_cat":[37,51],"product_tag":[],"class_list":{"0":"post-806","1":"product","2":"type-product","3":"status-publish","4":"has-post-thumbnail","6":"product_cat-fire-and-smoke-safety","7":"product_cat-fire-dampers","9":"first","10":"instock","11":"shipping-taxable","12":"product-type-simple"},"_links":{"self":[{"href":"https:\/\/gerhman.com\/tr\/wp-json\/wp\/v2\/product\/806","targetHints":{"allow":["GET"]}}],"collection":[{"href":"https:\/\/gerhman.com\/tr\/wp-json\/wp\/v2\/product"}],"about":[{"href":"https:\/\/gerhman.com\/tr\/wp-json\/wp\/v2\/types\/product"}],"replies":[{"embeddable":true,"href":"https:\/\/gerhman.com\/tr\/wp-json\/wp\/v2\/comments?post=806"}],"version-history":[{"count":2,"href":"https:\/\/gerhman.com\/tr\/wp-json\/wp\/v2\/product\/806\/revisions"}],"predecessor-version":[{"id":814,"href":"https:\/\/gerhman.com\/tr\/wp-json\/wp\/v2\/product\/806\/revisions\/814"}],"wp:featuredmedia":[{"embeddable":true,"href":"https:\/\/gerhman.com\/tr\/wp-json\/wp\/v2\/media\/808"}],"wp:attachment":[{"href":"https:\/\/gerhman.com\/tr\/wp-json\/wp\/v2\/media?parent=806"}],"wp:term":[{"taxonomy":"product_brand","embeddable":true,"href":"https:\/\/gerhman.com\/tr\/wp-json\/wp\/v2\/product_brand?post=806"},{"taxonomy":"product_cat","embeddable":true,"href":"https:\/\/gerhman.com\/tr\/wp-json\/wp\/v2\/product_cat?post=806"},{"taxonomy":"product_tag","embeddable":true,"href":"https:\/\/gerhman.com\/tr\/wp-json\/wp\/v2\/product_tag?post=806"}],"curies":[{"name":"wp","href":"https:\/\/api.w.org\/{rel}","templated":true}]}}