{"id":800,"date":"2023-05-11T22:57:01","date_gmt":"2023-05-11T22:57:01","guid":{"rendered":"http:\/\/gerhman.com\/?post_type=product&#038;p=800"},"modified":"2025-06-05T19:22:46","modified_gmt":"2025-06-05T19:22:46","slug":"fbc2-cartridge-fire-damper-with-disc-valve","status":"publish","type":"product","link":"https:\/\/gerhman.com\/tr\/urun\/fbc2-cartridge-fire-damper-with-disc-valve\/","title":{"rendered":"FBC2 \u2013 gemici anemostadl\u0131 kelebek yang\u0131n damperi"},"content":{"rendered":"<div class=\"page\" title=\"Page 1\">\n<div class=\"section\">\n<div class=\"layoutArea\">\n<div class=\"column\">\n<p>FBC serisi yang\u0131n damperleri, \u00e7aplar\u0131 200 mm'ye kadar olan dairesel kanallara yerle\u015ftirilmek \u00fczere uygundur. Binalar i\u00e7inde yang\u0131n yay\u0131lmas\u0131n\u0131 \u00f6nlemede maksimum g\u00fcvenlik sa\u011flar, s\u0131cak ve so\u011fuk dumanlar ile gazlar i\u00e7in m\u00fckemmel yal\u0131t\u0131m\u0131 ve tam s\u0131zd\u0131rmazl\u0131\u011f\u0131 garanti eder. Bu \u00f6zellikler, EN 1366-2 standard\u0131na uygun olarak ger\u00e7ekle\u015ftirilen bir\u00e7ok testle do\u011frulanm\u0131\u015ft\u0131r.<\/p>\n<p>300 Pa negatif bas\u0131n\u00e7ta EN 1366-2 ve EN 13501-3 y\u00f6netmeliklerine uygun olarak test edilmi\u015f ve s\u0131n\u0131fland\u0131r\u0131lm\u0131\u015ft\u0131r.<\/p>\n<\/div>\n<div class=\"page\" title=\"Page 1\"><\/div>\n<\/div>\n<\/div>\n<\/div>","protected":false},"excerpt":{"rendered":"<p>The fire dampers FBC series, are suitable for the insertion in circular ducts up to 200mm in diameter, allow maximum safety in preventing the spread of<span class=\"excerpt-hellip\"> [\u2026]<\/span><\/p>\n","protected":false},"featured_media":801,"comment_status":"open","ping_status":"closed","template":"","meta":[],"product_brand":[],"product_cat":[37,51],"product_tag":[],"class_list":{"0":"post-800","1":"product","2":"type-product","3":"status-publish","4":"has-post-thumbnail","6":"product_cat-fire-and-smoke-safety","7":"product_cat-fire-dampers","9":"first","10":"instock","11":"shipping-taxable","12":"product-type-simple"},"_links":{"self":[{"href":"https:\/\/gerhman.com\/tr\/wp-json\/wp\/v2\/product\/800","targetHints":{"allow":["GET"]}}],"collection":[{"href":"https:\/\/gerhman.com\/tr\/wp-json\/wp\/v2\/product"}],"about":[{"href":"https:\/\/gerhman.com\/tr\/wp-json\/wp\/v2\/types\/product"}],"replies":[{"embeddable":true,"href":"https:\/\/gerhman.com\/tr\/wp-json\/wp\/v2\/comments?post=800"}],"version-history":[{"count":2,"href":"https:\/\/gerhman.com\/tr\/wp-json\/wp\/v2\/product\/800\/revisions"}],"predecessor-version":[{"id":971,"href":"https:\/\/gerhman.com\/tr\/wp-json\/wp\/v2\/product\/800\/revisions\/971"}],"wp:featuredmedia":[{"embeddable":true,"href":"https:\/\/gerhman.com\/tr\/wp-json\/wp\/v2\/media\/801"}],"wp:attachment":[{"href":"https:\/\/gerhman.com\/tr\/wp-json\/wp\/v2\/media?parent=800"}],"wp:term":[{"taxonomy":"product_brand","embeddable":true,"href":"https:\/\/gerhman.com\/tr\/wp-json\/wp\/v2\/product_brand?post=800"},{"taxonomy":"product_cat","embeddable":true,"href":"https:\/\/gerhman.com\/tr\/wp-json\/wp\/v2\/product_cat?post=800"},{"taxonomy":"product_tag","embeddable":true,"href":"https:\/\/gerhman.com\/tr\/wp-json\/wp\/v2\/product_tag?post=800"}],"curies":[{"name":"wp","href":"https:\/\/api.w.org\/{rel}","templated":true}]}}