{"id":795,"date":"2023-05-11T22:37:49","date_gmt":"2023-05-11T22:37:49","guid":{"rendered":"http:\/\/gerhman.com\/?post_type=product&#038;p=795"},"modified":"2026-02-10T04:58:35","modified_gmt":"2026-02-10T04:58:35","slug":"smoketop-sdjr-s-smoke-control-damper-kopya","status":"publish","type":"product","link":"https:\/\/gerhman.com\/tr\/urun\/smoketop-sdjr-s-smoke-control-damper-kopya\/","title":{"rendered":"FBC \u2013 kelebek yang\u0131n damperi (Kartu\u015f tip)"},"content":{"rendered":"<div class=\"page\" title=\"Page 1\">\n<div class=\"section\">\n<div class=\"layoutArea\">\n<div class=\"column\">\n<p>FBC serisi yang\u0131n damperleri, \u00e7aplar\u0131 200 mm'ye kadar olan dairesel kanallara yerle\u015ftirilmek \u00fczere uygundur. Bu damperler, binalar i\u00e7inde yang\u0131n yay\u0131lmas\u0131n\u0131 engellemekte maksimum g\u00fcvenlik sa\u011flar; s\u0131cak ve so\u011fuk dumanlar ile gazlar i\u00e7in m\u00fckemmel \u0131s\u0131 yal\u0131t\u0131m\u0131 ve tam s\u0131zd\u0131rmazl\u0131k sa\u011flar. Bu \u00f6zellikler, EN 1366-2 standard\u0131na uygun olarak ger\u00e7ekle\u015ftirilen bir\u00e7ok testle do\u011frulanm\u0131\u015ft\u0131r.<\/p>\n<p>300 Pa negatif bas\u0131n\u00e7ta EN 1366-2 ve EN 13501-3 y\u00f6netmeliklerine uygun olarak test edilmi\u015f ve s\u0131n\u0131fland\u0131r\u0131lm\u0131\u015ft\u0131r.<\/p>\n<\/div>\n<div class=\"page\" title=\"Page 1\"><\/div>\n<\/div>\n<\/div>\n<\/div>","protected":false},"excerpt":{"rendered":"<p>The fire dampers FBC\u00a0series, are suitable for the insertion in circular ducts up to 200mm in diameter, allow maximum safety in preventing the spread of fire<span class=\"excerpt-hellip\"> [\u2026]<\/span><\/p>\n","protected":false},"featured_media":797,"comment_status":"open","ping_status":"closed","template":"","meta":[],"product_brand":[],"product_cat":[37,51],"product_tag":[],"class_list":{"0":"post-795","1":"product","2":"type-product","3":"status-publish","4":"has-post-thumbnail","6":"product_cat-fire-and-smoke-safety","7":"product_cat-fire-dampers","9":"first","10":"instock","11":"shipping-taxable","12":"product-type-simple"},"_links":{"self":[{"href":"https:\/\/gerhman.com\/tr\/wp-json\/wp\/v2\/product\/795","targetHints":{"allow":["GET"]}}],"collection":[{"href":"https:\/\/gerhman.com\/tr\/wp-json\/wp\/v2\/product"}],"about":[{"href":"https:\/\/gerhman.com\/tr\/wp-json\/wp\/v2\/types\/product"}],"replies":[{"embeddable":true,"href":"https:\/\/gerhman.com\/tr\/wp-json\/wp\/v2\/comments?post=795"}],"version-history":[{"count":4,"href":"https:\/\/gerhman.com\/tr\/wp-json\/wp\/v2\/product\/795\/revisions"}],"predecessor-version":[{"id":972,"href":"https:\/\/gerhman.com\/tr\/wp-json\/wp\/v2\/product\/795\/revisions\/972"}],"wp:featuredmedia":[{"embeddable":true,"href":"https:\/\/gerhman.com\/tr\/wp-json\/wp\/v2\/media\/797"}],"wp:attachment":[{"href":"https:\/\/gerhman.com\/tr\/wp-json\/wp\/v2\/media?parent=795"}],"wp:term":[{"taxonomy":"product_brand","embeddable":true,"href":"https:\/\/gerhman.com\/tr\/wp-json\/wp\/v2\/product_brand?post=795"},{"taxonomy":"product_cat","embeddable":true,"href":"https:\/\/gerhman.com\/tr\/wp-json\/wp\/v2\/product_cat?post=795"},{"taxonomy":"product_tag","embeddable":true,"href":"https:\/\/gerhman.com\/tr\/wp-json\/wp\/v2\/product_tag?post=795"}],"curies":[{"name":"wp","href":"https:\/\/api.w.org\/{rel}","templated":true}]}}