{"id":790,"date":"2023-04-08T06:02:13","date_gmt":"2023-04-08T06:02:13","guid":{"rendered":"http:\/\/gerhman.com\/?post_type=product&#038;p=790"},"modified":"2025-09-15T11:16:51","modified_gmt":"2025-09-15T11:16:51","slug":"nrdr-backdraft-damper-for-round-ducts","status":"publish","type":"product","link":"https:\/\/gerhman.com\/tr\/urun\/nrdr-backdraft-damper-for-round-ducts\/","title":{"rendered":"NRDR \u2013 dairesel geri d\u00f6n\u00fc\u015fs\u00fcz damper"},"content":{"rendered":"<div class=\"page\" title=\"WBL d\u0131\u015f hava panjurlar\u0131 &#039;Z&#039; form kanat profilleri ile en zor hava \u015fartlar\u0131nda y\u00fcksek performans sergiler.\">\n<div class=\"section\">\n<div class=\"layoutArea\">\n<div class=\"column\">\n<p>'NRDR' Geri d\u00f6n\u00fc\u015fs\u00fcz damperler,  ticari ve konut tipi yuvarlak kanal klima sistemlerinde hava \u00fcfleme ve tahliye i\u00e7in tasarlanm\u0131\u015ft\u0131r. Havaland\u0131rma sistemi \u00e7al\u0131\u015f\u0131rken, geri d\u00f6n\u00fc\u015fs\u00fcz damper kanatlar\u0131 hava ak\u0131\u015f\u0131 taraf\u0131ndan a\u00e7\u0131k konumda tutulur. Sistem kapat\u0131ld\u0131\u011f\u0131nda, damper kanatlar\u0131 otomatik olarak kapan\u0131r, b\u00f6ylece ters y\u00f6nde hava ak\u0131\u015f\u0131n\u0131 engeller ve klima sistemine d\u00fczensiz hava, ya\u011fmur veya d\u0131\u015f giri\u015fi \u00f6nler<\/p>\n<p><strong>\u00d6zellikler<\/strong><\/p>\n<ul>\n<li>Fan kapal\u0131yken hava kanallar\u0131n\u0131 otomatik olarak kapatma ve ters ak\u0131\u015f\u0131 \u00f6nleme i\u015flevi i\u00e7in kullan\u0131l\u0131r.<\/li>\n<li>\u2205 100 den 315 mm \u00e7apa uygun yuvarlak kanal sistemleri i\u00e7in<\/li>\n<\/ul>\n<\/div>\n<div class=\"page\" title=\"WBL d\u0131\u015f hava panjurlar\u0131 &#039;Z&#039; form kanat profilleri ile en zor hava \u015fartlar\u0131nda y\u00fcksek performans sergiler.\">\n<div class=\"layoutArea\">\n<div class=\"column\">\n<p><strong>Dizayn<\/strong><\/p>\n<ul>\n<li>Galvaniz kasa<\/li>\n<li>Yay destekli aluminyum kanat<\/li>\n<li>Kanatlar hava bas\u0131nc\u0131 ile a\u00e7\u0131l\u0131r ve yay ile kapat\u0131r.<\/li>\n<\/ul>\n<\/div>\n<div class=\"page\" title=\"WBL d\u0131\u015f hava panjurlar\u0131 &#039;Z&#039; form kanat profilleri ile en zor hava \u015fartlar\u0131nda y\u00fcksek performans sergiler.\">\n<div class=\"layoutArea\">\n<div class=\"column\">\n<p><strong>Montaj<\/strong><\/p>\n<ul>\n<li>Yuvarlak kanala kolay montaj<\/li>\n<li>Dikey kullan\u0131ma uygundur<\/li>\n<li>Hava ak\u0131\u015f y\u00f6n\u00fcne uygun olarak kullan\u0131lmal\u0131d\u0131r.<\/li>\n<\/ul>\n<\/div>\n<\/div>\n<\/div>\n<\/div>\n<\/div>\n<\/div>\n<\/div>\n<\/div>","protected":false},"excerpt":{"rendered":"<p>Backdraft dampers also named non return dampers type \u2018NRDR\u2019, are designed for use intake and discharge opening in commercial and residential round ducting air conditioning systems.<span class=\"excerpt-hellip\"> [\u2026]<\/span><\/p>\n","protected":false},"featured_media":792,"comment_status":"open","ping_status":"closed","template":"","meta":[],"product_brand":[],"product_cat":[41,42,44],"product_tag":[80],"class_list":{"0":"post-790","1":"product","2":"type-product","3":"status-publish","4":"has-post-thumbnail","6":"product_cat-airflow-management","7":"product_cat-control-dampers","8":"product_cat-overflow-units","9":"product_tag-heavy","11":"first","12":"instock","13":"shipping-taxable","14":"product-type-simple"},"_links":{"self":[{"href":"https:\/\/gerhman.com\/tr\/wp-json\/wp\/v2\/product\/790","targetHints":{"allow":["GET"]}}],"collection":[{"href":"https:\/\/gerhman.com\/tr\/wp-json\/wp\/v2\/product"}],"about":[{"href":"https:\/\/gerhman.com\/tr\/wp-json\/wp\/v2\/types\/product"}],"replies":[{"embeddable":true,"href":"https:\/\/gerhman.com\/tr\/wp-json\/wp\/v2\/comments?post=790"}],"version-history":[{"count":1,"href":"https:\/\/gerhman.com\/tr\/wp-json\/wp\/v2\/product\/790\/revisions"}],"predecessor-version":[{"id":793,"href":"https:\/\/gerhman.com\/tr\/wp-json\/wp\/v2\/product\/790\/revisions\/793"}],"wp:featuredmedia":[{"embeddable":true,"href":"https:\/\/gerhman.com\/tr\/wp-json\/wp\/v2\/media\/792"}],"wp:attachment":[{"href":"https:\/\/gerhman.com\/tr\/wp-json\/wp\/v2\/media?parent=790"}],"wp:term":[{"taxonomy":"product_brand","embeddable":true,"href":"https:\/\/gerhman.com\/tr\/wp-json\/wp\/v2\/product_brand?post=790"},{"taxonomy":"product_cat","embeddable":true,"href":"https:\/\/gerhman.com\/tr\/wp-json\/wp\/v2\/product_cat?post=790"},{"taxonomy":"product_tag","embeddable":true,"href":"https:\/\/gerhman.com\/tr\/wp-json\/wp\/v2\/product_tag?post=790"}],"curies":[{"name":"wp","href":"https:\/\/api.w.org\/{rel}","templated":true}]}}