{"id":781,"date":"2023-03-16T08:49:09","date_gmt":"2023-03-16T08:49:09","guid":{"rendered":"http:\/\/gerhman.com\/?post_type=product&#038;p=781"},"modified":"2026-03-28T19:55:17","modified_gmt":"2026-03-28T19:55:17","slug":"blue-s2-volume-control-damper-for-heavy-duty-operation","status":"publish","type":"product","link":"https:\/\/gerhman.com\/tr\/urun\/blue-s2-volume-control-damper-for-heavy-duty-operation\/","title":{"rendered":"Blue-S2 \u2013 a\u011f\u0131r sanayi kullan\u0131m\u0131na uygun debi kontrol damperi"},"content":{"rendered":"<p>\u2018Blue-S2\u2019 debi kontrol damperleri, hava ve bas\u0131n\u00e7 kontrol\u00fc i\u00e7in kullan\u0131l\u0131r.<\/p>\n<p>Damper manuel olarak \u00e7al\u0131\u015ft\u0131r\u0131labilir veya pozisyon g\u00f6stergesi ile birlikte elektrikli aktuat\u00f6rle (24V veya 230V) kullan\u0131l\u0131r.<\/p>\n<p><strong>Dizayn<\/strong><\/p>\n<div>-Blue-S2 damperler, sac \u00e7elik g\u00f6vde ve al\u00fcminyum profilden yap\u0131lm\u0131\u015f kanatlardan olu\u015fur.<\/div>\n<div>-Talep \u00fczerine paslanmaz \u00e7elik g\u00f6vde se\u00e7ene\u011fi mevcuttur (SS304, SS316, SS316L)<\/div>\n<div>-Talep \u00fczerine al\u00fcminyum g\u00f6vde se\u00e7ene\u011fi mevcuttur.<\/div>\n<div>-20-25-30-35 flan\u015f opsiyonu (25 mm flan\u015f standart)<\/div>\n<div>-Ekstr\u00fcde al\u00fcminyumdan aerofoil kanatlar<\/div>\n<div>-Opsiyonel olarak galvanizli veya paslanmaz \u00e7elik kanat se\u00e7ene\u011fi bulunmaktad\u0131r<\/div>\n<div>-Standart olarak \u00e7elik bur\u00e7lar bulunur, opsiyonel olarak bronz bur\u00e7 kullan\u0131l\u0131r<\/div>\n<div>-Paralel kanatl\u0131 \u00e7al\u0131\u015fma standart, z\u0131t kanat opsiyonel<\/div>\n<div>-Kanatlar opsiyonel olarak lastik contalarla donat\u0131labilir, b\u00f6ylece kapal\u0131 konumda y\u00fcksek s\u0131z\u0131nt\u0131 sa\u011flan\u0131r. \u00c7al\u0131\u015fma s\u0131cakl\u0131\u011f\u0131 ve ortam ko\u015fullar\u0131na uygun conta teknik ekiplerimiz taraf\u0131ndan se\u00e7ilmelidir.<\/div>\n<div>EN1752'ye g\u00f6re g\u00f6vde s\u0131zd\u0131rmazl\u0131\u011f\u0131 class C <strong>EN1752, class C<\/strong><\/div>\n<div>-Opsiyonel olarak C4 d\u00fc\u015f\u00fck s\u0131z\u0131nt\u0131 \u00f6zellikli paslanmaz \u00e7elik yan contalar, g\u00f6vde ile kanatlar aras\u0131nda bulunur<\/div>\n<div>-On\/off, h\u0131zl\u0131 tepki veren ve yay d\u00f6n\u00fc\u015fl\u00fc akt\u00fcat\u00f6r se\u00e7enekleri mevcuttur<\/div>\n<div>&#8211; Operation: \u0394pmax = 1000 Pa; (standard) \u2013 3000 Pa (optional)<br \/>\n&#8211; Operation: tmax = 200 \u00b0C (standard) &#8211; 400 \u00b0C (optional)<\/div>\n<p>&nbsp;<\/p>","protected":false},"excerpt":{"rendered":"<p>Volume control dampers type \u2018Blue-S2\u2019, are used for air volume and pressure control. Damper can be operated manually or equipped with electric actuator (24V or 230V)<span class=\"excerpt-hellip\"> [\u2026]<\/span><\/p>\n","protected":false},"featured_media":783,"comment_status":"open","ping_status":"closed","template":"","meta":[],"product_brand":[],"product_cat":[41,42],"product_tag":[],"class_list":{"0":"post-781","1":"product","2":"type-product","3":"status-publish","4":"has-post-thumbnail","6":"product_cat-airflow-management","7":"product_cat-control-dampers","9":"first","10":"instock","11":"shipping-taxable","12":"product-type-simple"},"_links":{"self":[{"href":"https:\/\/gerhman.com\/tr\/wp-json\/wp\/v2\/product\/781","targetHints":{"allow":["GET"]}}],"collection":[{"href":"https:\/\/gerhman.com\/tr\/wp-json\/wp\/v2\/product"}],"about":[{"href":"https:\/\/gerhman.com\/tr\/wp-json\/wp\/v2\/types\/product"}],"replies":[{"embeddable":true,"href":"https:\/\/gerhman.com\/tr\/wp-json\/wp\/v2\/comments?post=781"}],"version-history":[{"count":4,"href":"https:\/\/gerhman.com\/tr\/wp-json\/wp\/v2\/product\/781\/revisions"}],"predecessor-version":[{"id":1386,"href":"https:\/\/gerhman.com\/tr\/wp-json\/wp\/v2\/product\/781\/revisions\/1386"}],"wp:featuredmedia":[{"embeddable":true,"href":"https:\/\/gerhman.com\/tr\/wp-json\/wp\/v2\/media\/783"}],"wp:attachment":[{"href":"https:\/\/gerhman.com\/tr\/wp-json\/wp\/v2\/media?parent=781"}],"wp:term":[{"taxonomy":"product_brand","embeddable":true,"href":"https:\/\/gerhman.com\/tr\/wp-json\/wp\/v2\/product_brand?post=781"},{"taxonomy":"product_cat","embeddable":true,"href":"https:\/\/gerhman.com\/tr\/wp-json\/wp\/v2\/product_cat?post=781"},{"taxonomy":"product_tag","embeddable":true,"href":"https:\/\/gerhman.com\/tr\/wp-json\/wp\/v2\/product_tag?post=781"}],"curies":[{"name":"wp","href":"https:\/\/api.w.org\/{rel}","templated":true}]}}