{"id":774,"date":"2023-03-13T21:20:39","date_gmt":"2023-03-13T21:20:39","guid":{"rendered":"http:\/\/gerhman.com\/?post_type=product&#038;p=774"},"modified":"2023-03-13T21:31:36","modified_gmt":"2023-03-13T21:31:36","slug":"blue-rc4-round-volume-control-damper-tightness-class-versions-acc-to-en-1751","status":"publish","type":"product","link":"https:\/\/gerhman.com\/tr\/urun\/blue-rc4-round-volume-control-damper-tightness-class-versions-acc-to-en-1751\/","title":{"rendered":"Blue-RC4 \u2013 EN 1751 belgeli y\u00fcksek s\u0131zd\u0131rmaz s\u0131n\u0131f debi kontrol damperi"},"content":{"rendered":"<p><strong>S\u0131zd\u0131rmazl\u0131k s\u0131n\u0131f\u0131: EN 1751'e uygun<\/strong><\/p>\n<p>G\u00f6vde s\u0131n\u0131f\u0131 'class C' ve kanat s\u0131n\u0131f\u0131 'class 4'<\/p>\n<p>Uygulama alanlar\u0131 ofisler, otel odalar\u0131 veya toplant\u0131 odalar\u0131, sa\u011fl\u0131k kurumlar\u0131 ve konutlard\u0131r.<\/p>\n<p>Blue-R dairesel debi kontrol damperleri yuvarlak kanall\u0131 HVAC sistemlerinde hava ve bas\u0131n\u00e7 kontrol\u00fc i\u00e7in kullan\u0131l\u0131r. Galvanizli \u00e7elik levhadan yap\u0131lm\u0131\u015ft\u0131r. Damper manuel olarak \u00e7al\u0131\u015ft\u0131r\u0131labilir veya pozisyon g\u00f6stergesi ile birlikte elektrikli aktuat\u00f6rle (24V veya 230V) kullan\u0131l\u0131r.<\/p>\n<p><strong>Dizayn<\/strong><\/p>\n<ul>\n<li>Galvanizli sac \u00e7elik g\u00f6vde ve galvanizli kanatlardan yap\u0131lm\u0131\u015ft\u0131r<\/li>\n<li>Talep \u00fczerine paslanmaz \u00e7elik ve al\u00fcminyum malzemelerle de temin edilebilir<\/li>\n<li>Siyah lastik conta<\/li>\n<li>EN1751 standard\u0131na uygun<\/li>\n<li>-On\/off, h\u0131zl\u0131 tepki veren ve yay d\u00f6n\u00fc\u015fl\u00fc akt\u00fcat\u00f6r se\u00e7enekleri mevcuttur<\/li>\n<li>-Kullan\u0131m: \u0394pmax = 1000 Pa; tmax = 200 \u00b0C<\/li>\n<\/ul>\n<div><\/div>","protected":false},"excerpt":{"rendered":"<p>Tightness class versions\u00a0acc. to EN 1751 Casing tightness class C &amp; blade tightness class 4 The field of application is offices, hotel rooms or meeting rooms,<span class=\"excerpt-hellip\"> [\u2026]<\/span><\/p>\n","protected":false},"featured_media":777,"comment_status":"open","ping_status":"closed","template":"","meta":[],"product_brand":[],"product_cat":[41,42],"product_tag":[],"class_list":{"0":"post-774","1":"product","2":"type-product","3":"status-publish","4":"has-post-thumbnail","6":"product_cat-airflow-management","7":"product_cat-control-dampers","9":"first","10":"instock","11":"shipping-taxable","12":"product-type-simple"},"_links":{"self":[{"href":"https:\/\/gerhman.com\/tr\/wp-json\/wp\/v2\/product\/774","targetHints":{"allow":["GET"]}}],"collection":[{"href":"https:\/\/gerhman.com\/tr\/wp-json\/wp\/v2\/product"}],"about":[{"href":"https:\/\/gerhman.com\/tr\/wp-json\/wp\/v2\/types\/product"}],"replies":[{"embeddable":true,"href":"https:\/\/gerhman.com\/tr\/wp-json\/wp\/v2\/comments?post=774"}],"version-history":[{"count":3,"href":"https:\/\/gerhman.com\/tr\/wp-json\/wp\/v2\/product\/774\/revisions"}],"predecessor-version":[{"id":776,"href":"https:\/\/gerhman.com\/tr\/wp-json\/wp\/v2\/product\/774\/revisions\/776"}],"wp:featuredmedia":[{"embeddable":true,"href":"https:\/\/gerhman.com\/tr\/wp-json\/wp\/v2\/media\/777"}],"wp:attachment":[{"href":"https:\/\/gerhman.com\/tr\/wp-json\/wp\/v2\/media?parent=774"}],"wp:term":[{"taxonomy":"product_brand","embeddable":true,"href":"https:\/\/gerhman.com\/tr\/wp-json\/wp\/v2\/product_brand?post=774"},{"taxonomy":"product_cat","embeddable":true,"href":"https:\/\/gerhman.com\/tr\/wp-json\/wp\/v2\/product_cat?post=774"},{"taxonomy":"product_tag","embeddable":true,"href":"https:\/\/gerhman.com\/tr\/wp-json\/wp\/v2\/product_tag?post=774"}],"curies":[{"name":"wp","href":"https:\/\/api.w.org\/{rel}","templated":true}]}}