{"id":766,"date":"2023-03-13T21:10:18","date_gmt":"2023-03-13T21:10:18","guid":{"rendered":"http:\/\/gerhman.com\/?post_type=product&#038;p=766"},"modified":"2025-06-03T12:04:52","modified_gmt":"2025-06-03T12:04:52","slug":"blue-r-round-volume-control-dampers","status":"publish","type":"product","link":"https:\/\/gerhman.com\/tr\/urun\/blue-r-round-volume-control-dampers\/","title":{"rendered":"Blue-R \u2013 dairesel debi kontrol damperi"},"content":{"rendered":"<p>Blue-R dairesel debi kontrol damperleri yuvarlak kanall\u0131 HVAC sistemlerinde hava ve bas\u0131n\u00e7 kontrol\u00fc i\u00e7in kullan\u0131l\u0131r. Galvanizli \u00e7elik levhadan yap\u0131lm\u0131\u015ft\u0131r. Damper manuel olarak \u00e7al\u0131\u015ft\u0131r\u0131labilir veya pozisyon g\u00f6stergesi ile birlikte elektrikli aktuat\u00f6rle (24V veya 230V) kullan\u0131l\u0131r.<\/p>\n<p><strong>Dizayn<\/strong><\/p>\n<div>-Galvanizli sac \u00e7elik g\u00f6vde ve galvanizli kanatlardan yap\u0131lm\u0131\u015ft\u0131r<\/div>\n<div>-Talep \u00fczerine paslanmaz \u00e7elik ve al\u00fcminyum malzemelerle de temin edilebilir<\/div>\n<div>-EN1751'e g\u00f6re s\u0131zd\u0131rmaz versiyon se\u00e7ene\u011fi (iste\u011fe ba\u011fl\u0131).<\/div>\n<div>-On\/off, h\u0131zl\u0131 tepki veren ve yay d\u00f6n\u00fc\u015fl\u00fc akt\u00fcat\u00f6r se\u00e7enekleri mevcuttur<\/div>\n<div>-Kullan\u0131m: \u0394pmax = 1000 Pa; tmax = 200 \u00b0C<\/div>\n<div><\/div>","protected":false},"excerpt":{"rendered":"<p>Round volume control dampers type \u2018Blue-R\u2019, are used for air volume and pressure control in round ducted HVAC system. They are made out of galvanized steel<span class=\"excerpt-hellip\"> [\u2026]<\/span><\/p>\n","protected":false},"featured_media":767,"comment_status":"open","ping_status":"closed","template":"","meta":[],"product_brand":[],"product_cat":[41,42],"product_tag":[],"class_list":{"0":"post-766","1":"product","2":"type-product","3":"status-publish","4":"has-post-thumbnail","6":"product_cat-airflow-management","7":"product_cat-control-dampers","9":"first","10":"instock","11":"shipping-taxable","12":"product-type-simple"},"_links":{"self":[{"href":"https:\/\/gerhman.com\/tr\/wp-json\/wp\/v2\/product\/766","targetHints":{"allow":["GET"]}}],"collection":[{"href":"https:\/\/gerhman.com\/tr\/wp-json\/wp\/v2\/product"}],"about":[{"href":"https:\/\/gerhman.com\/tr\/wp-json\/wp\/v2\/types\/product"}],"replies":[{"embeddable":true,"href":"https:\/\/gerhman.com\/tr\/wp-json\/wp\/v2\/comments?post=766"}],"version-history":[{"count":4,"href":"https:\/\/gerhman.com\/tr\/wp-json\/wp\/v2\/product\/766\/revisions"}],"predecessor-version":[{"id":772,"href":"https:\/\/gerhman.com\/tr\/wp-json\/wp\/v2\/product\/766\/revisions\/772"}],"wp:featuredmedia":[{"embeddable":true,"href":"https:\/\/gerhman.com\/tr\/wp-json\/wp\/v2\/media\/767"}],"wp:attachment":[{"href":"https:\/\/gerhman.com\/tr\/wp-json\/wp\/v2\/media?parent=766"}],"wp:term":[{"taxonomy":"product_brand","embeddable":true,"href":"https:\/\/gerhman.com\/tr\/wp-json\/wp\/v2\/product_brand?post=766"},{"taxonomy":"product_cat","embeddable":true,"href":"https:\/\/gerhman.com\/tr\/wp-json\/wp\/v2\/product_cat?post=766"},{"taxonomy":"product_tag","embeddable":true,"href":"https:\/\/gerhman.com\/tr\/wp-json\/wp\/v2\/product_tag?post=766"}],"curies":[{"name":"wp","href":"https:\/\/api.w.org\/{rel}","templated":true}]}}