{"id":721,"date":"2023-01-23T23:30:59","date_gmt":"2023-01-23T23:30:59","guid":{"rendered":"http:\/\/gerhman.com\/?post_type=product&#038;p=721"},"modified":"2025-06-12T14:23:40","modified_gmt":"2025-06-12T14:23:40","slug":"od01-underfloor-displacement-diffuser","status":"publish","type":"product","link":"https:\/\/gerhman.com\/tr\/urun\/od01-underfloor-displacement-diffuser\/","title":{"rendered":"OD01 \u2013 d\u00f6\u015feme tipi deplasmanl\u0131 dif\u00fcz\u00f6r"},"content":{"rendered":"<div class=\"page\" title=\"WBL d\u0131\u015f hava panjurlar\u0131 &#039;Z&#039; form kanat profilleri ile en zor hava \u015fartlar\u0131nda y\u00fcksek performans sergiler.\">\n<div class=\"section\">\n<div class=\"layoutArea\">\n<div class=\"column\">\n<p>D\u00f6\u015feme dif\u00fcz\u00f6r\u00fc OD-01<\/p>\n<p>Dif\u00fcz\u00f6rler, y\u00fcksek ind\u00fcksiyon seviyeleri ile hava tedarikini sa\u011flamak ve konfor alan\u0131nda d\u00fc\u015f\u00fck hava h\u0131zlar\u0131 ve \u0131l\u0131man bir s\u0131cakl\u0131k gradyan\u0131 elde etmek i\u00e7in tasarlanm\u0131\u015ft\u0131r.<\/p>\n<p>The diffuser may be used in rooms with a variable or constant air volume.<\/p>\n<\/div>\n<div class=\"page\" title=\"WBL d\u0131\u015f hava panjurlar\u0131 &#039;Z&#039; form kanat profilleri ile en zor hava \u015fartlar\u0131nda y\u00fcksek performans sergiler.\">\n<div class=\"section\">\n<div class=\"layoutArea\">\n<div class=\"column\">\n<p>Teknik \u00d6zellikler<\/p>\n<ul>\n<li>\u00c7elik perfore \u00f6n dif\u00fcz\u00f6r paneli<\/li>\n<li>Swirl (d\u00f6ner) fonksiyona sahip dif\u00fcz\u00f6r entegreli \u00f6n panel (opsiyonel)<\/li>\n<li>Metal pislik tutucu sepet<\/li>\n<li>Floor circular diffuser, with swirl function, frontal plate and dirttrap<\/li>\n<li>Geni\u015f hava hacimleri i\u00e7in y\u00fcksek ind\u00fcksiyon<\/li>\n<li>Y\u00fcksek ind\u00fcksiyon seviyesi<\/li>\n<li>Kolay temizlik<\/li>\n<li>Kanall\u0131 ba\u011flant\u0131ya uygun<\/li>\n<\/ul>\n<\/div>\n<\/div>\n<div class=\"page\" title=\"Page 9\">\n<div class=\"section\">\n<div class=\"section\"><\/div>\n<\/div>\n<\/div>\n<\/div>\n<\/div>\n<\/div>\n<\/div>\n<\/div>","protected":false},"excerpt":{"rendered":"<p>OD-01 Circular floor diffuser suitable for false floor installation. Diffuser are designed to ensure a swirl air supply with high levels of induction, achieving reduced air<span class=\"excerpt-hellip\"> [\u2026]<\/span><\/p>\n","protected":false},"featured_media":723,"comment_status":"open","ping_status":"closed","template":"","meta":[],"product_brand":[],"product_cat":[24,33,31,27],"product_tag":[79,82],"class_list":{"0":"post-721","1":"product","2":"type-product","3":"status-publish","4":"has-post-thumbnail","6":"product_cat-building-ventilation","7":"product_cat-displacement-diffusers","8":"product_cat-floor-diffusers","9":"product_cat-ventilation-diffusers","10":"product_tag-datacenters","11":"product_tag-educational","13":"first","14":"instock","15":"shipping-taxable","16":"product-type-simple"},"_links":{"self":[{"href":"https:\/\/gerhman.com\/tr\/wp-json\/wp\/v2\/product\/721","targetHints":{"allow":["GET"]}}],"collection":[{"href":"https:\/\/gerhman.com\/tr\/wp-json\/wp\/v2\/product"}],"about":[{"href":"https:\/\/gerhman.com\/tr\/wp-json\/wp\/v2\/types\/product"}],"replies":[{"embeddable":true,"href":"https:\/\/gerhman.com\/tr\/wp-json\/wp\/v2\/comments?post=721"}],"version-history":[{"count":2,"href":"https:\/\/gerhman.com\/tr\/wp-json\/wp\/v2\/product\/721\/revisions"}],"predecessor-version":[{"id":1262,"href":"https:\/\/gerhman.com\/tr\/wp-json\/wp\/v2\/product\/721\/revisions\/1262"}],"wp:featuredmedia":[{"embeddable":true,"href":"https:\/\/gerhman.com\/tr\/wp-json\/wp\/v2\/media\/723"}],"wp:attachment":[{"href":"https:\/\/gerhman.com\/tr\/wp-json\/wp\/v2\/media?parent=721"}],"wp:term":[{"taxonomy":"product_brand","embeddable":true,"href":"https:\/\/gerhman.com\/tr\/wp-json\/wp\/v2\/product_brand?post=721"},{"taxonomy":"product_cat","embeddable":true,"href":"https:\/\/gerhman.com\/tr\/wp-json\/wp\/v2\/product_cat?post=721"},{"taxonomy":"product_tag","embeddable":true,"href":"https:\/\/gerhman.com\/tr\/wp-json\/wp\/v2\/product_tag?post=721"}],"curies":[{"name":"wp","href":"https:\/\/api.w.org\/{rel}","templated":true}]}}