{"id":713,"date":"2023-01-22T22:58:28","date_gmt":"2023-01-22T22:58:28","guid":{"rendered":"http:\/\/gerhman.com\/?post_type=product&#038;p=713"},"modified":"2026-02-14T15:31:20","modified_gmt":"2026-02-14T15:31:20","slug":"tvd-tunnel-ventilation-damper","status":"publish","type":"product","link":"https:\/\/gerhman.com\/tr\/urun\/tvd-tunnel-ventilation-damper\/","title":{"rendered":"TVD \u2013 t\u00fcnel damperi"},"content":{"rendered":"<div class=\"page\" title=\"WBL d\u0131\u015f hava panjurlar\u0131 &#039;Z&#039; form kanat profilleri ile en zor hava \u015fartlar\u0131nda y\u00fcksek performans sergiler.\">\n<div class=\"section\">\n<div class=\"layoutArea\">\n<div class=\"column\">\n<p>TVD a\u011f\u0131r end\u00fcstriyel tip yang\u0131n ve duman damperi, t\u00fcnel, maden ve transit sistemlerde havaland\u0131rma i\u00e7in en y\u00fcksek can g\u00fcvenli\u011fi standartlar\u0131n\u0131 korur.<\/p>\n<\/div>\n<div class=\"page\" title=\"WBL d\u0131\u015f hava panjurlar\u0131 &#039;Z&#039; form kanat profilleri ile en zor hava \u015fartlar\u0131nda y\u00fcksek performans sergiler.\">\n<div class=\"section\">\n<div class=\"layoutArea\">\n<div class=\"column\">\n<p><strong>Genel Uygulama<\/strong><\/p>\n<p>Transit t\u00fcnelleri, yeralt\u0131 uygulamalar\u0131 i\u00e7in tasarlanm\u0131\u015f olan t\u00fcnel damperleri, hacimsel ak\u0131\u015f\u0131 kontrol eder ve acil durumlarda duman\u0131 ve s\u0131cak gazlar\u0131 tahliye edebilir.<\/p>\n<p><strong>Kullan\u0131m Alan\u0131<\/strong><\/p>\n<ul>\n<li>Transit t\u00fcnel, metro<\/li>\n<li>Maden ve a\u011f\u0131r end\u00fcstri<\/li>\n<\/ul>\n<\/div>\n<div class=\"page\" title=\"WBL d\u0131\u015f hava panjurlar\u0131 &#039;Z&#039; form kanat profilleri ile en zor hava \u015fartlar\u0131nda y\u00fcksek performans sergiler.\">\n<div class=\"section\">\n<div class=\"layoutArea\">\n<div class=\"column\">\n<p><strong>Bas\u0131n\u00e7 dengeleme ve kontrol<\/strong><\/p>\n<p>Dampers applied in the systems are used for discharge of pressure or control air flow<\/p>\n<p><strong>Yang\u0131n ve Duman Kontrol<\/strong><\/p>\n<p>Damperler, havaland\u0131rma ve duman tahliye sistemlerine yerle\u015ftirilir ve duman, bas\u0131n\u00e7 ve gaz tahliye sistemine yard\u0131mc\u0131 olmak i\u00e7in kullan\u0131l\u0131r.<\/p>\n<\/div>\n<\/div>\n<\/div>\n<\/div>\n<\/div>\n<\/div>\n<\/div>\n<\/div>\n<\/div>\n<\/div>","protected":false},"excerpt":{"rendered":"<p>TVD heavy duty fire and smoke damper maintains the highest standards of life safety for ventilation in tunnel transit systems. Typical Applications Designed for transit tunnels,<span class=\"excerpt-hellip\"> [\u2026]<\/span><\/p>\n","protected":false},"featured_media":720,"comment_status":"open","ping_status":"closed","template":"","meta":[],"product_brand":[],"product_cat":[56,35],"product_tag":[80],"class_list":{"0":"post-713","1":"product","2":"type-product","3":"status-publish","4":"has-post-thumbnail","6":"product_cat-industrial-fire-and-smoke-control","7":"product_cat-industrial-ventilation","8":"product_tag-heavy","10":"first","11":"instock","12":"shipping-taxable","13":"product-type-simple"},"_links":{"self":[{"href":"https:\/\/gerhman.com\/tr\/wp-json\/wp\/v2\/product\/713","targetHints":{"allow":["GET"]}}],"collection":[{"href":"https:\/\/gerhman.com\/tr\/wp-json\/wp\/v2\/product"}],"about":[{"href":"https:\/\/gerhman.com\/tr\/wp-json\/wp\/v2\/types\/product"}],"replies":[{"embeddable":true,"href":"https:\/\/gerhman.com\/tr\/wp-json\/wp\/v2\/comments?post=713"}],"version-history":[{"count":1,"href":"https:\/\/gerhman.com\/tr\/wp-json\/wp\/v2\/product\/713\/revisions"}],"predecessor-version":[{"id":719,"href":"https:\/\/gerhman.com\/tr\/wp-json\/wp\/v2\/product\/713\/revisions\/719"}],"wp:featuredmedia":[{"embeddable":true,"href":"https:\/\/gerhman.com\/tr\/wp-json\/wp\/v2\/media\/720"}],"wp:attachment":[{"href":"https:\/\/gerhman.com\/tr\/wp-json\/wp\/v2\/media?parent=713"}],"wp:term":[{"taxonomy":"product_brand","embeddable":true,"href":"https:\/\/gerhman.com\/tr\/wp-json\/wp\/v2\/product_brand?post=713"},{"taxonomy":"product_cat","embeddable":true,"href":"https:\/\/gerhman.com\/tr\/wp-json\/wp\/v2\/product_cat?post=713"},{"taxonomy":"product_tag","embeddable":true,"href":"https:\/\/gerhman.com\/tr\/wp-json\/wp\/v2\/product_tag?post=713"}],"curies":[{"name":"wp","href":"https:\/\/api.w.org\/{rel}","templated":true}]}}