{"id":705,"date":"2022-12-18T23:09:21","date_gmt":"2022-12-18T23:09:21","guid":{"rendered":"http:\/\/gerhman.com\/?post_type=product&#038;p=705"},"modified":"2024-12-03T10:20:03","modified_gmt":"2024-12-03T10:20:03","slug":"acc-r-round-duct-access-door","status":"publish","type":"product","link":"https:\/\/gerhman.com\/tr\/urun\/acc-r-round-duct-access-door\/","title":{"rendered":"ACC-R - Yuvarlak kanal kontrol kapa\u011f\u0131"},"content":{"rendered":"<p>ACC-R Yuvarlak kanal sistemleri i\u00e7in Kontrol Kapa\u011f\u0131<\/p>\n<p>Kanal bile\u015fenlerine kolay ve ekonomik eri\u015fim sa\u011flamak amac\u0131yla tasarlanm\u0131\u015ft\u0131r.<\/p>\n<p><strong>Uygulama<\/strong><\/p>\n<div>\u2022Hava s\u0131zd\u0131rmaz s\u0131k\u0131 conta<\/div>\n<div>\u2022\u00c7\u0131kar\u0131labilir m\u00fcdahale paneli<\/div>\n<div>\u2022Insulated, leak-proof access doors for round ducts<\/div>\n<div>\u2022Hava kanallar\u0131na kolay eri\u015fim<\/div>","protected":false},"excerpt":{"rendered":"<p>ACC-R Access Panels for round duct systems. They are designed to provide convenient, economical access to duct components. Application \u2022Assures a tight seal without obstruction in<span class=\"excerpt-hellip\"> [\u2026]<\/span><\/p>\n","protected":false},"featured_media":706,"comment_status":"open","ping_status":"closed","template":"","meta":[],"product_brand":[],"product_cat":[39],"product_tag":[],"class_list":{"0":"post-705","1":"product","2":"type-product","3":"status-publish","4":"has-post-thumbnail","6":"product_cat-system-technology","8":"first","9":"instock","10":"shipping-taxable","11":"product-type-simple"},"_links":{"self":[{"href":"https:\/\/gerhman.com\/tr\/wp-json\/wp\/v2\/product\/705","targetHints":{"allow":["GET"]}}],"collection":[{"href":"https:\/\/gerhman.com\/tr\/wp-json\/wp\/v2\/product"}],"about":[{"href":"https:\/\/gerhman.com\/tr\/wp-json\/wp\/v2\/types\/product"}],"replies":[{"embeddable":true,"href":"https:\/\/gerhman.com\/tr\/wp-json\/wp\/v2\/comments?post=705"}],"version-history":[{"count":1,"href":"https:\/\/gerhman.com\/tr\/wp-json\/wp\/v2\/product\/705\/revisions"}],"predecessor-version":[{"id":707,"href":"https:\/\/gerhman.com\/tr\/wp-json\/wp\/v2\/product\/705\/revisions\/707"}],"wp:featuredmedia":[{"embeddable":true,"href":"https:\/\/gerhman.com\/tr\/wp-json\/wp\/v2\/media\/706"}],"wp:attachment":[{"href":"https:\/\/gerhman.com\/tr\/wp-json\/wp\/v2\/media?parent=705"}],"wp:term":[{"taxonomy":"product_brand","embeddable":true,"href":"https:\/\/gerhman.com\/tr\/wp-json\/wp\/v2\/product_brand?post=705"},{"taxonomy":"product_cat","embeddable":true,"href":"https:\/\/gerhman.com\/tr\/wp-json\/wp\/v2\/product_cat?post=705"},{"taxonomy":"product_tag","embeddable":true,"href":"https:\/\/gerhman.com\/tr\/wp-json\/wp\/v2\/product_tag?post=705"}],"curies":[{"name":"wp","href":"https:\/\/api.w.org\/{rel}","templated":true}]}}