{"id":700,"date":"2022-12-18T23:05:17","date_gmt":"2022-12-18T23:05:17","guid":{"rendered":"http:\/\/gerhman.com\/?post_type=product&#038;p=700"},"modified":"2022-12-18T23:06:53","modified_gmt":"2022-12-18T23:06:53","slug":"acc-x-pro-access-door-for-high-pressure-high-temperature-systems","status":"publish","type":"product","link":"https:\/\/gerhman.com\/tr\/urun\/acc-x-pro-access-door-for-high-pressure-high-temperature-systems\/","title":{"rendered":"ACC-X Pro \u2013 y\u00fcksek bas\u0131n\u00e7 ve y\u00fcksek s\u0131cakl\u0131\u011fa dayan\u0131kl\u0131 kontrol kapa\u011f\u0131"},"content":{"rendered":"<p>Y\u00fcksek bas\u0131n\u00e7 ve y\u00fcksek s\u0131cakl\u0131\u011fa dayan\u0131kl\u0131 kanal sistemleri i\u00e7in ACC-X Pro Kanal Kontrol Kapaklar\u0131.<\/p>\n<p>Kanal bile\u015fenlerine kolay ve ekonomik eri\u015fim sa\u011flamak amac\u0131yla tasarlanm\u0131\u015ft\u0131r.<\/p>\n<p><strong>Uygulama<\/strong><\/p>\n<div>\u2022Hava s\u0131zd\u0131rmaz s\u0131k\u0131 conta<\/div>\n<div><\/div>\n<div>\u2022\u00c7\u0131kar\u0131labilir m\u00fcdahale paneli<\/div>\n<div>\u2022\u0130zoleli ve izolesiz, s\u0131zd\u0131rmaz, dikd\u00f6rtgen   kanallar i\u00e7in m\u00fcdahale kapa\u011f\u0131<\/div>\n<div><\/div>\n<div>\u2022Hava kanallar\u0131na kolay eri\u015fim<\/div>","protected":false},"excerpt":{"rendered":"<p>ACC-X Pro Duct Access Panels for high pressure and high temperature resist ducts systems. They are designed to provide convenient, economical access to duct components. Application<span class=\"excerpt-hellip\"> [\u2026]<\/span><\/p>\n","protected":false},"featured_media":703,"comment_status":"open","ping_status":"closed","template":"","meta":[],"product_brand":[],"product_cat":[39],"product_tag":[],"class_list":{"0":"post-700","1":"product","2":"type-product","3":"status-publish","4":"has-post-thumbnail","6":"product_cat-system-technology","8":"first","9":"instock","10":"shipping-taxable","11":"product-type-simple"},"_links":{"self":[{"href":"https:\/\/gerhman.com\/tr\/wp-json\/wp\/v2\/product\/700","targetHints":{"allow":["GET"]}}],"collection":[{"href":"https:\/\/gerhman.com\/tr\/wp-json\/wp\/v2\/product"}],"about":[{"href":"https:\/\/gerhman.com\/tr\/wp-json\/wp\/v2\/types\/product"}],"replies":[{"embeddable":true,"href":"https:\/\/gerhman.com\/tr\/wp-json\/wp\/v2\/comments?post=700"}],"version-history":[{"count":3,"href":"https:\/\/gerhman.com\/tr\/wp-json\/wp\/v2\/product\/700\/revisions"}],"predecessor-version":[{"id":704,"href":"https:\/\/gerhman.com\/tr\/wp-json\/wp\/v2\/product\/700\/revisions\/704"}],"wp:featuredmedia":[{"embeddable":true,"href":"https:\/\/gerhman.com\/tr\/wp-json\/wp\/v2\/media\/703"}],"wp:attachment":[{"href":"https:\/\/gerhman.com\/tr\/wp-json\/wp\/v2\/media?parent=700"}],"wp:term":[{"taxonomy":"product_brand","embeddable":true,"href":"https:\/\/gerhman.com\/tr\/wp-json\/wp\/v2\/product_brand?post=700"},{"taxonomy":"product_cat","embeddable":true,"href":"https:\/\/gerhman.com\/tr\/wp-json\/wp\/v2\/product_cat?post=700"},{"taxonomy":"product_tag","embeddable":true,"href":"https:\/\/gerhman.com\/tr\/wp-json\/wp\/v2\/product_tag?post=700"}],"curies":[{"name":"wp","href":"https:\/\/api.w.org\/{rel}","templated":true}]}}