{"id":695,"date":"2022-12-18T23:01:14","date_gmt":"2022-12-18T23:01:14","guid":{"rendered":"http:\/\/gerhman.com\/?post_type=product&#038;p=695"},"modified":"2026-03-04T18:26:16","modified_gmt":"2026-03-04T18:26:16","slug":"acct-duct-type-access-door","status":"publish","type":"product","link":"https:\/\/gerhman.com\/tr\/urun\/acct-duct-type-access-door\/","title":{"rendered":"ACCT \u2013 kanal tipi kontrol kapa\u011f\u0131 (\u00c7er\u00e7eveli)"},"content":{"rendered":"<div class=\"column\">\n<p>\u00c7er\u00e7eveli ACCT Kanal Kontrol Kapaklar\u0131, kanal bile\u015fenlerine uygun ve ekonomik eri\u015fim sa\u011flamak amac\u0131yla tasarlanm\u0131\u015ft\u0131r.\"<\/p>\n<\/div>\n<div class=\"page\" title=\"Page 4\">\n<div class=\"section\">\n<div class=\"layoutArea\">\n<div class=\"column\">\n<p>Uygulama<\/p>\n<ul>\n<li>Hava s\u0131zd\u0131rmaz s\u0131k\u0131 conta<\/li>\n<li>\u00c7\u0131kar\u0131labilir m\u00fcdahale paneli<\/li>\n<li>\u0130zoleli ve izolesiz, s\u0131zd\u0131rmaz dikd\u00f6rtgen kanallar i\u00e7in m\u00fcdahale kapa\u011f\u0131<\/li>\n<li>Hava kanallar\u0131na kolay eri\u015fim<\/li>\n<\/ul>\n<\/div>\n<\/div>\n<\/div>\n<\/div>","protected":false},"excerpt":{"rendered":"<p>ACCT Duct Access Panels with frame are designed to provide convenient, economical access to duct components. Application Assures a tight seal without obstruction in the air<span class=\"excerpt-hellip\"> [\u2026]<\/span><\/p>\n","protected":false},"featured_media":699,"comment_status":"open","ping_status":"closed","template":"","meta":[],"product_brand":[],"product_cat":[39],"product_tag":[],"class_list":{"0":"post-695","1":"product","2":"type-product","3":"status-publish","4":"has-post-thumbnail","6":"product_cat-system-technology","8":"first","9":"instock","10":"shipping-taxable","11":"product-type-simple"},"_links":{"self":[{"href":"https:\/\/gerhman.com\/tr\/wp-json\/wp\/v2\/product\/695","targetHints":{"allow":["GET"]}}],"collection":[{"href":"https:\/\/gerhman.com\/tr\/wp-json\/wp\/v2\/product"}],"about":[{"href":"https:\/\/gerhman.com\/tr\/wp-json\/wp\/v2\/types\/product"}],"replies":[{"embeddable":true,"href":"https:\/\/gerhman.com\/tr\/wp-json\/wp\/v2\/comments?post=695"}],"version-history":[{"count":1,"href":"https:\/\/gerhman.com\/tr\/wp-json\/wp\/v2\/product\/695\/revisions"}],"predecessor-version":[{"id":697,"href":"https:\/\/gerhman.com\/tr\/wp-json\/wp\/v2\/product\/695\/revisions\/697"}],"wp:featuredmedia":[{"embeddable":true,"href":"https:\/\/gerhman.com\/tr\/wp-json\/wp\/v2\/media\/699"}],"wp:attachment":[{"href":"https:\/\/gerhman.com\/tr\/wp-json\/wp\/v2\/media?parent=695"}],"wp:term":[{"taxonomy":"product_brand","embeddable":true,"href":"https:\/\/gerhman.com\/tr\/wp-json\/wp\/v2\/product_brand?post=695"},{"taxonomy":"product_cat","embeddable":true,"href":"https:\/\/gerhman.com\/tr\/wp-json\/wp\/v2\/product_cat?post=695"},{"taxonomy":"product_tag","embeddable":true,"href":"https:\/\/gerhman.com\/tr\/wp-json\/wp\/v2\/product_tag?post=695"}],"curies":[{"name":"wp","href":"https:\/\/api.w.org\/{rel}","templated":true}]}}