{"id":688,"date":"2022-12-18T22:52:56","date_gmt":"2022-12-18T22:52:56","guid":{"rendered":"http:\/\/gerhman.com\/?post_type=product&#038;p=688"},"modified":"2025-06-07T09:48:30","modified_gmt":"2025-06-07T09:48:30","slug":"acc-duct-type-access-door","status":"publish","type":"product","link":"https:\/\/gerhman.com\/tr\/urun\/acc-duct-type-access-door\/","title":{"rendered":"ACC \u2013 kanal tipi kontrol kapa\u011f\u0131"},"content":{"rendered":"<div class=\"page\" title=\"WBL d\u0131\u015f hava panjurlar\u0131 &#039;Z&#039; form kanat profilleri ile en zor hava \u015fartlar\u0131nda y\u00fcksek performans sergiler.\">\n<div class=\"section\">\n<div class=\"layoutArea\">\n<div class=\"column\">\n<p>ACC Kanal Tipi Kontrol Kapaklar\u0131, kanal bile\u015fenlerine ekonomik ve uygun eri\u015fim sa\u011flamak amac\u0131yla tasarlanm\u0131\u015ft\u0131r.<\/p>\n<\/div>\n<div class=\"page\" title=\"Page 4\">\n<div class=\"section\">\n<div class=\"layoutArea\">\n<div class=\"column\">\n<p>Uygulama<\/p>\n<ul>\n<li>Hava s\u0131zd\u0131rmaz s\u0131k\u0131 conta<\/li>\n<li>\u00c7\u0131kar\u0131labilir m\u00fcdahale paneli<\/li>\n<li>\u0130zoleli ve izolesiz, s\u0131zd\u0131rmaz dikd\u00f6rtgen kanallar i\u00e7in m\u00fcdahale kapa\u011f\u0131<\/li>\n<li>Hava kanallar\u0131na kolay eri\u015fim<\/li>\n<\/ul>\n<\/div>\n<\/div>\n<\/div>\n<\/div>\n<\/div>\n<\/div>\n<\/div>","protected":false},"excerpt":{"rendered":"<p>ACC Duct Access Panels are designed to provide convenient, economical access to duct components Application Assures a tight seal without obstruction in the air system Double<span class=\"excerpt-hellip\"> [\u2026]<\/span><\/p>\n","protected":false},"featured_media":692,"comment_status":"open","ping_status":"closed","template":"","meta":[],"product_brand":[],"product_cat":[39],"product_tag":[],"class_list":{"0":"post-688","1":"product","2":"type-product","3":"status-publish","4":"has-post-thumbnail","6":"product_cat-system-technology","8":"first","9":"instock","10":"shipping-taxable","11":"product-type-simple"},"_links":{"self":[{"href":"https:\/\/gerhman.com\/tr\/wp-json\/wp\/v2\/product\/688","targetHints":{"allow":["GET"]}}],"collection":[{"href":"https:\/\/gerhman.com\/tr\/wp-json\/wp\/v2\/product"}],"about":[{"href":"https:\/\/gerhman.com\/tr\/wp-json\/wp\/v2\/types\/product"}],"replies":[{"embeddable":true,"href":"https:\/\/gerhman.com\/tr\/wp-json\/wp\/v2\/comments?post=688"}],"version-history":[{"count":2,"href":"https:\/\/gerhman.com\/tr\/wp-json\/wp\/v2\/product\/688\/revisions"}],"predecessor-version":[{"id":693,"href":"https:\/\/gerhman.com\/tr\/wp-json\/wp\/v2\/product\/688\/revisions\/693"}],"wp:featuredmedia":[{"embeddable":true,"href":"https:\/\/gerhman.com\/tr\/wp-json\/wp\/v2\/media\/692"}],"wp:attachment":[{"href":"https:\/\/gerhman.com\/tr\/wp-json\/wp\/v2\/media?parent=688"}],"wp:term":[{"taxonomy":"product_brand","embeddable":true,"href":"https:\/\/gerhman.com\/tr\/wp-json\/wp\/v2\/product_brand?post=688"},{"taxonomy":"product_cat","embeddable":true,"href":"https:\/\/gerhman.com\/tr\/wp-json\/wp\/v2\/product_cat?post=688"},{"taxonomy":"product_tag","embeddable":true,"href":"https:\/\/gerhman.com\/tr\/wp-json\/wp\/v2\/product_tag?post=688"}],"curies":[{"name":"wp","href":"https:\/\/api.w.org\/{rel}","templated":true}]}}