{"id":682,"date":"2022-10-09T22:41:44","date_gmt":"2022-10-09T22:41:44","guid":{"rendered":"http:\/\/gerhman.com\/?post_type=product&#038;p=682"},"modified":"2025-06-07T00:00:28","modified_gmt":"2025-06-07T00:00:28","slug":"impilo-laminar-airflow-unit","status":"publish","type":"product","link":"https:\/\/gerhman.com\/tr\/urun\/impilo-laminar-airflow-unit\/","title":{"rendered":"Impilo \u2013 laminar flow \u00fcnitesi"},"content":{"rendered":"<div class=\"page\" title=\"Page 6\">\n<div class=\"section\">\n<div class=\"layoutArea\">\n<div class=\"column\">\n<p>D\u00fc\u015f\u00fck t\u00fcrb\u00fclansl\u0131 laminer ak\u0131\u015f \u00fcniteleri, hastanelerde yerel gereksinimleri ve VDI 6022, DIN 1946-4, EN15780, EN 13779, VDI 3803 dahil uluslararas\u0131 standartlar\u0131 kar\u015f\u0131layan cerrahi operasyon odalar\u0131 i\u00e7in tasarlanm\u0131\u015ft\u0131r. Bu \u00fcniteler, d\u00fczenli dikey hava ak\u0131\u015f\u0131 i\u00e7in en y\u00fcksek gereksinimlere sahip operasyon odalar\u0131 i\u00e7in uygundur.<\/p>\n<\/div>\n<div class=\"page\" title=\"Page 6\">\n<div class=\"section\">\n<div class=\"layoutArea\">\n<div class=\"column\">\n<p><strong>Temiz hava<\/strong><\/p>\n<p>DIN EN ISO 14644-1'e g\u00f6re en y\u00fcksek hava temizlik s\u0131n\u0131f\u0131 ISO s\u0131n\u0131f\u0131 5.<\/p>\n<p><strong>Uygulama Alanlar\u0131<\/strong><\/p>\n<p>Cerrahi operasyon odalar\u0131 ve yan\u0131k \u00fcniteleri gibi \u00f6zel uygulamalar i\u00e7in.<\/p>\n<\/div>\n<div class=\"page\" title=\"Page 8\">\n<div class=\"layoutArea\">\n<div class=\"column\">\n<p>Besleme havas\u0131 merkezi bir hava i\u015fleme \u00fcnitesi (merkezi AHU) arac\u0131l\u0131\u011f\u0131yla \u00f6n ko\u015fulland\u0131r\u0131l\u0131r, havaland\u0131rma kanallar\u0131yla laminer ak\u0131\u015f tavan bas\u0131n\u00e7 odas\u0131na y\u00f6nlendirilir ve buradan HEPA filtreler arac\u0131l\u0131\u011f\u0131yla i\u00e7eriye y\u00f6nlendirilir. Besleme hava, \u00f6zel bir kuma\u015fla kaplanm\u0131\u015f, ak\u0131\u015f\u0131 optimize edilmi\u015f trapez profil hava da\u011f\u0131t\u0131c\u0131 arac\u0131l\u0131\u011f\u0131yla cerrahi koruma b\u00f6lgesine do\u011fru 0.25 (0.38) m\/s h\u0131z\u0131nda filtrelenir ve \u00fcflenir. Hava da\u011f\u0131t\u0131c\u0131s\u0131, stabil, d\u00fc\u015f\u00fck t\u00fcrb\u00fclansl\u0131 yer de\u011fi\u015ftirme ak\u0131\u015f\u0131 \u00fcretir. Ak\u0131\u015f d\u00fczenleyiciler, hava ak\u0131\u015f\u0131n\u0131n daralmas\u0131n\u0131 azalt\u0131r.<\/p>\n<\/div>\n<\/div>\n<div class=\"layoutArea\">\n<div class=\"column\">\n<p>Koruma b\u00f6lgesi, cerrahi ekibi ve hastay\u0131, ayn\u0131 zamanda alet ve yan masalar\u0131 i\u00e7erir. \u00c7al\u0131\u015fma\/hasta alan\u0131ndaki kirleticiler, d\u00fc\u015f\u00fck t\u00fcrb\u00fclansl\u0131 yer de\u011fi\u015ftirme ak\u0131\u015f\u0131 taraf\u0131ndan alg\u0131lan\u0131r.<\/p>\n<\/div>\n<\/div>\n<\/div>\n<\/div>\n<\/div>\n<\/div>\n<\/div>\n<\/div>\n<\/div>","protected":false},"excerpt":{"rendered":"<p>Low-turbulence laminar flow units are intended for operating theaters with the highest requirements for uniform vertical air flow in hospitals complying with the local requirements and<span class=\"excerpt-hellip\"> [\u2026]<\/span><\/p>\n","protected":false},"featured_media":683,"comment_status":"open","ping_status":"closed","template":"","meta":[],"product_brand":[],"product_cat":[65,40,66],"product_tag":[83],"class_list":{"0":"post-682","1":"product","2":"type-product","3":"status-publish","4":"has-post-thumbnail","6":"product_cat-air-filtration","7":"product_cat-air-filtration-and-clean-room-units","8":"product_cat-clean-room-units","9":"product_tag-hospitals","11":"first","12":"instock","13":"shipping-taxable","14":"product-type-simple"},"_links":{"self":[{"href":"https:\/\/gerhman.com\/tr\/wp-json\/wp\/v2\/product\/682","targetHints":{"allow":["GET"]}}],"collection":[{"href":"https:\/\/gerhman.com\/tr\/wp-json\/wp\/v2\/product"}],"about":[{"href":"https:\/\/gerhman.com\/tr\/wp-json\/wp\/v2\/types\/product"}],"replies":[{"embeddable":true,"href":"https:\/\/gerhman.com\/tr\/wp-json\/wp\/v2\/comments?post=682"}],"version-history":[{"count":1,"href":"https:\/\/gerhman.com\/tr\/wp-json\/wp\/v2\/product\/682\/revisions"}],"predecessor-version":[{"id":685,"href":"https:\/\/gerhman.com\/tr\/wp-json\/wp\/v2\/product\/682\/revisions\/685"}],"wp:featuredmedia":[{"embeddable":true,"href":"https:\/\/gerhman.com\/tr\/wp-json\/wp\/v2\/media\/683"}],"wp:attachment":[{"href":"https:\/\/gerhman.com\/tr\/wp-json\/wp\/v2\/media?parent=682"}],"wp:term":[{"taxonomy":"product_brand","embeddable":true,"href":"https:\/\/gerhman.com\/tr\/wp-json\/wp\/v2\/product_brand?post=682"},{"taxonomy":"product_cat","embeddable":true,"href":"https:\/\/gerhman.com\/tr\/wp-json\/wp\/v2\/product_cat?post=682"},{"taxonomy":"product_tag","embeddable":true,"href":"https:\/\/gerhman.com\/tr\/wp-json\/wp\/v2\/product_tag?post=682"}],"curies":[{"name":"wp","href":"https:\/\/api.w.org\/{rel}","templated":true}]}}