{"id":672,"date":"2022-09-19T20:09:25","date_gmt":"2022-09-19T20:09:25","guid":{"rendered":"http:\/\/gerhman.com\/?post_type=product&#038;p=672"},"modified":"2025-05-17T19:37:10","modified_gmt":"2025-05-17T19:37:10","slug":"kappa-lb-architectural-hidden-slot-diffuser","status":"publish","type":"product","link":"https:\/\/gerhman.com\/tr\/urun\/kappa-lb-architectural-hidden-slot-diffuser\/","title":{"rendered":"Kappa-LB \u2013 gizli tip slot dif\u00fcz\u00f6r"},"content":{"rendered":"<div class=\"page\" title=\"Page 4\">\n<div class=\"section\">\n<div class=\"layoutArea\">\n<div class=\"column\">\n<p>Mimarlar ve i\u00e7 mekan tasar\u0131mc\u0131lar\u0131 i\u00e7in tasarlanan kesintisiz gizli slot dif\u00fcz\u00f6rlerimiz i\u00e7 mekan mimarisine m\u00fckemmel \u015fekilde entegre edilir. Direkt olarak al\u00e7\u0131pan veya akustik tavanlara monte edilen bu inovatif hava \u00e7\u0131k\u0131\u015flar\u0131, klasik havaland\u0131rma tasar\u0131mlar\u0131n\u0131 ve tasar\u0131m zorluklar\u0131n\u0131 ortadan kald\u0131rarak mimarlara yarat\u0131c\u0131 \u00f6zg\u00fcrl\u00fck sa\u011flar. Minimal ve zarif olan Kappa-LB, m\u00fcmk\u00fcn olan en sade \u015fekilde tasarlanm\u0131\u015ft\u0131r. \u00c7evresindeki mimariye uyum sa\u011flamak i\u00e7in herhangi bir tavana veya duvara sorunsuzca uyum sa\u011flar, temiz ve modern bir g\u00f6r\u00fcn\u00fcm sunar.<\/p>\n<\/div>\n<div class=\"page\" title=\"Page 4\">\n<div class=\"section\">\n<div class=\"layoutArea\">\n<div class=\"column\">\n<p><strong>Genel Uygulama<\/strong><\/p>\n<p>Aerodinamik olarak tasarlanm\u0131\u015f kanatlar, d\u00fc\u015f\u00fck hava ak\u0131\u015f h\u0131zlar\u0131nda bile stabiliteyi koruyan s\u0131k\u0131 bir yatay desen sa\u011flar. Mimarl\u0131k uygulamalar\u0131 i\u00e7in m\u00fckemmel olan Kappa-LB, bir dizi hava ak\u0131\u015f\u0131 gereksinimini kar\u015f\u0131lamak i\u00e7in \u00e7ok say\u0131da montaj stili ve farkl\u0131 yuva geni\u015flikleri ve miktarlar\u0131yla sunulur.<\/p>\n<p><strong>\u00d6zellikler<\/strong><\/p>\n<ul>\n<li>\u00c7er\u00e7evesiz, uygulama.<\/li>\n<li>Hem \u00dcFLEME hem de EGZOZ i\u00e7in kullan\u0131l\u0131r.<\/li>\n<li>Al\u00e7\u0131pan, akustik, karo veya \u00f6zel sistem tavanlar ve duvarlar i\u00e7in uygundur.<\/li>\n<li>Her uzunluk ve yuva a\u00e7\u0131kl\u0131\u011f\u0131nda mevcuttur.<\/li>\n<li>E\u011frisel \u00fcretim imkan\u0131<\/li>\n<li>D\u00fc\u015f\u00fck ses seviyesi<\/li>\n<li>Kolay kurulum<\/li>\n<\/ul>\n<\/div>\n<\/div>\n<\/div>\n<\/div>\n<\/div>\n<\/div>\n<\/div>","protected":false},"excerpt":{"rendered":"<p>Created for Architects and Interior Designers, our seamless slot diffusers are integrated seamlessly within the interior architecture. Installed directly into drywall or acoustical ceilings, these innovative<span class=\"excerpt-hellip\"> [\u2026]<\/span><\/p>\n","protected":false},"featured_media":676,"comment_status":"open","ping_status":"closed","template":"","meta":[],"product_brand":[],"product_cat":[32,30,34,27,29],"product_tag":[77],"class_list":{"0":"post-672","1":"product","2":"type-product","3":"status-publish","4":"has-post-thumbnail","6":"product_cat-architectural-diffusers","7":"product_cat-ceiling-diffusers","8":"product_cat-slot-diffusers","9":"product_cat-ventilation-diffusers","10":"product_cat-wall-diffusers","11":"product_tag-architectural","13":"first","14":"instock","15":"shipping-taxable","16":"product-type-simple"},"_links":{"self":[{"href":"https:\/\/gerhman.com\/tr\/wp-json\/wp\/v2\/product\/672","targetHints":{"allow":["GET"]}}],"collection":[{"href":"https:\/\/gerhman.com\/tr\/wp-json\/wp\/v2\/product"}],"about":[{"href":"https:\/\/gerhman.com\/tr\/wp-json\/wp\/v2\/types\/product"}],"replies":[{"embeddable":true,"href":"https:\/\/gerhman.com\/tr\/wp-json\/wp\/v2\/comments?post=672"}],"version-history":[{"count":3,"href":"https:\/\/gerhman.com\/tr\/wp-json\/wp\/v2\/product\/672\/revisions"}],"predecessor-version":[{"id":1230,"href":"https:\/\/gerhman.com\/tr\/wp-json\/wp\/v2\/product\/672\/revisions\/1230"}],"wp:featuredmedia":[{"embeddable":true,"href":"https:\/\/gerhman.com\/tr\/wp-json\/wp\/v2\/media\/676"}],"wp:attachment":[{"href":"https:\/\/gerhman.com\/tr\/wp-json\/wp\/v2\/media?parent=672"}],"wp:term":[{"taxonomy":"product_brand","embeddable":true,"href":"https:\/\/gerhman.com\/tr\/wp-json\/wp\/v2\/product_brand?post=672"},{"taxonomy":"product_cat","embeddable":true,"href":"https:\/\/gerhman.com\/tr\/wp-json\/wp\/v2\/product_cat?post=672"},{"taxonomy":"product_tag","embeddable":true,"href":"https:\/\/gerhman.com\/tr\/wp-json\/wp\/v2\/product_tag?post=672"}],"curies":[{"name":"wp","href":"https:\/\/api.w.org\/{rel}","templated":true}]}}