{"id":665,"date":"2022-09-18T22:06:53","date_gmt":"2022-09-18T22:06:53","guid":{"rendered":"http:\/\/gerhman.com\/?post_type=product&#038;p=665"},"modified":"2022-09-18T22:16:25","modified_gmt":"2022-09-18T22:16:25","slug":"neo-swirl-diffuser","status":"publish","type":"product","link":"https:\/\/gerhman.com\/tr\/urun\/neo-swirl-diffuser\/","title":{"rendered":"Neo \u2013 swirl dif\u00fcz\u00f6r"},"content":{"rendered":"<p>Neo kare ve yuvarlak tavan dif\u00fcz\u00f6rleri, \u00e7ekici, g\u00f6ze batmayan ve y\u00fcksek kaliteli i\u00e7 mekan hava da\u011f\u0131t\u0131m\u0131 sa\u011flamak \u00fczere tasarlanm\u0131\u015ft\u0131r.<\/p>\n<p>Neo, swirl \u00fcfleme hareketi sayesinde y\u00fcksek hava yay\u0131lma kalitesine ula\u015fabilir. G\u00fc\u00e7l\u00fc ind\u00fcksiyon, oda havas\u0131n\u0131 yukar\u0131 \u00e7eker, bu da y\u00fcksek seviyede kar\u0131\u015f\u0131ma yol a\u00e7ar, b\u00f6ylece y\u00fcksek hava h\u0131z\u0131 ve d\u00fczensiz s\u0131cakl\u0131k gradyanlar\u0131n\u0131 azalt\u0131r.<\/p>\n<p><strong>Teknik \u00d6zellikler<\/strong><\/p>\n<div>\u2022Dif\u00fcz\u00f6r, y\u00fcksek kaliteli GI levhalardan (Z-275) \u00fcretilir.<\/div>\n<div>\"Y\u00fcksek kaliteli al\u00fcminyum ve paslanmaz \u00e7elik levhalardan yap\u0131lan swirl dif\u00fcz\u00f6r, iste\u011fe ba\u011fl\u0131 olarak da temin edilebilir.\"<\/div>\n<div>\u2022Ayarlanabili hava kontrol kanatlar\u0131 ve iste\u011fe ba\u011fl\u0131 perfore d\u00fczenleyiciden olu\u015fmaktad\u0131r.<\/div>\n<div>\u2022Kanatlar manuel olarak ayarlanabilir ve  yatay ya da dikey de\u015farj sa\u011flamak i\u00e7in kullan\u0131labilir.<\/div>\n<div>\u2022Yandan veya \u00fcstten ba\u011flant\u0131<\/div>\n<div>\u2022De\u011fi\u015fken debili sistemlerde m\u00fckemmel \u00e7\u00f6z\u00fcm sa\u011flar<\/div>\n<div>\u00d6zellikle farkl\u0131 h\u0131zlarda \u00e7al\u0131\u015fan fan coil \u00fcniteleri ile m\u00fckemmel bir \u015fekilde uyum sa\u011flar (ayarlamalara ba\u011fl\u0131 olarak ila 0 aras\u0131nda de\u011fi\u015fen de\u011fi\u015fken ak\u0131\u015f).<\/div>\n<div>\u2022Yatay ve dikey \u00fcfleme<\/div>\n<div>\u2022\u00dcfleme ve egzoz sistemine uygun<\/div>\n<div>\u2022Y\u00fcksek kar\u0131\u015f\u0131m etkisi nedeniyle, d\u00fc\u015f\u00fck \u00fcfleme h\u0131z\u0131<\/div>\n<div>\u2022Uygulanabilir tavan modelleri i\u00e7in geni\u015f opsiyonlar<\/div>\n<div>\u20224,5m tavan y\u00fcksekli\u011fine kadar ideal konfor<\/div>","protected":false},"excerpt":{"rendered":"<p>Square and Round Neo Ceiling Swirl Diffusers have been designed to provide attractive, non-obtrusive, high quality indoor air diffusion. Neo is able to achieve high room<span class=\"excerpt-hellip\"> [\u2026]<\/span><\/p>\n","protected":false},"featured_media":669,"comment_status":"open","ping_status":"closed","template":"","meta":[],"product_brand":[],"product_cat":[24,30,27],"product_tag":[85],"class_list":{"0":"post-665","1":"product","2":"type-product","3":"status-publish","4":"has-post-thumbnail","6":"product_cat-building-ventilation","7":"product_cat-ceiling-diffusers","8":"product_cat-ventilation-diffusers","9":"product_tag-office","11":"first","12":"instock","13":"shipping-taxable","14":"product-type-simple"},"_links":{"self":[{"href":"https:\/\/gerhman.com\/tr\/wp-json\/wp\/v2\/product\/665","targetHints":{"allow":["GET"]}}],"collection":[{"href":"https:\/\/gerhman.com\/tr\/wp-json\/wp\/v2\/product"}],"about":[{"href":"https:\/\/gerhman.com\/tr\/wp-json\/wp\/v2\/types\/product"}],"replies":[{"embeddable":true,"href":"https:\/\/gerhman.com\/tr\/wp-json\/wp\/v2\/comments?post=665"}],"version-history":[{"count":1,"href":"https:\/\/gerhman.com\/tr\/wp-json\/wp\/v2\/product\/665\/revisions"}],"predecessor-version":[{"id":667,"href":"https:\/\/gerhman.com\/tr\/wp-json\/wp\/v2\/product\/665\/revisions\/667"}],"wp:featuredmedia":[{"embeddable":true,"href":"https:\/\/gerhman.com\/tr\/wp-json\/wp\/v2\/media\/669"}],"wp:attachment":[{"href":"https:\/\/gerhman.com\/tr\/wp-json\/wp\/v2\/media?parent=665"}],"wp:term":[{"taxonomy":"product_brand","embeddable":true,"href":"https:\/\/gerhman.com\/tr\/wp-json\/wp\/v2\/product_brand?post=665"},{"taxonomy":"product_cat","embeddable":true,"href":"https:\/\/gerhman.com\/tr\/wp-json\/wp\/v2\/product_cat?post=665"},{"taxonomy":"product_tag","embeddable":true,"href":"https:\/\/gerhman.com\/tr\/wp-json\/wp\/v2\/product_tag?post=665"}],"curies":[{"name":"wp","href":"https:\/\/api.w.org\/{rel}","templated":true}]}}