{"id":660,"date":"2022-09-14T08:09:39","date_gmt":"2022-09-14T08:09:39","guid":{"rendered":"http:\/\/gerhman.com\/?post_type=product&#038;p=660"},"modified":"2023-10-30T22:45:29","modified_gmt":"2023-10-30T22:45:29","slug":"x-heat-sr-electric-heater-for-rectangular-ducting","status":"publish","type":"product","link":"https:\/\/gerhman.com\/tr\/urun\/x-heat-sr-electric-heater-for-rectangular-ducting\/","title":{"rendered":"X-heat.SR \u2013 elektrikli kanal tipi \u0131s\u0131t\u0131c\u0131 prizmatik kanallar i\u00e7in"},"content":{"rendered":"<div class=\"page\" title=\"WBL d\u0131\u015f hava panjurlar\u0131 &#039;Z&#039; form kanat profilleri ile en zor hava \u015fartlar\u0131nda y\u00fcksek performans sergiler.\">\n<div class=\"section\">\n<div class=\"layoutArea\">\n<div class=\"column\">\n<p>X-Heat.SR Dikd\u00f6rtgen kanal sistemleri i\u00e7in entegre s\u0131cakl\u0131k kontrol\u00fcne sahip elektrikli kanal \u0131s\u0131t\u0131c\u0131<\/p>\n<p>Entegre bir s\u0131cakl\u0131k kontrol cihaz\u0131 ile donat\u0131lm\u0131\u015ft\u0131r ve neredeyse herhangi bir pozisyonda kanal i\u00e7ine monte edilebilir.<\/p>\n<\/div>\n<div class=\"page\" title=\"WBL d\u0131\u015f hava panjurlar\u0131 &#039;Z&#039; form kanat profilleri ile en zor hava \u015fartlar\u0131nda y\u00fcksek performans sergiler.\">\n<div class=\"section\">\n<div class=\"layoutArea\">\n<div class=\"column\">\n<p><strong>Avantajlar\u0131<\/strong><\/p>\n<ul>\n<li>D\u00fc\u015f\u00fck enerji sarfiyat\u0131<\/li>\n<li>Kolay kurulum<\/li>\n<li>Performans garantisi<\/li>\n<\/ul>\n<\/div>\n<div class=\"column\"><\/div>\n<\/div>\n<div class=\"layoutArea\">\n<div class=\"column\"><\/div>\n<div class=\"column\">\n<p><strong>Genel Uygulama<\/strong><\/p>\n<ul>\n<li>Taze hava \u00f6n \u0131s\u0131tma<\/li>\n<li>Is\u0131 geri kazan\u0131m Re-heat<\/li>\n<li>Mahal \u0131s\u0131tma<\/li>\n<li>Ba\u011f\u0131msz oda s\u0131cakl\u0131k kontrol\u00fc<\/li>\n<\/ul>\n<\/div>\n<\/div>\n<\/div>\n<\/div>\n<\/div>\n<\/div>\n<\/div>","protected":false},"excerpt":{"rendered":"<p>X-Heat.SR electric duct heater for rectangular ducting with integrated temperature control. An easy to install solution for all areas where a constant room or air supply<span class=\"excerpt-hellip\"> [\u2026]<\/span><\/p>\n","protected":false},"featured_media":661,"comment_status":"open","ping_status":"closed","template":"","meta":[],"product_brand":[],"product_cat":[50,36],"product_tag":[],"class_list":{"0":"post-660","1":"product","2":"type-product","3":"status-publish","4":"has-post-thumbnail","6":"product_cat-duct-type-heaters","7":"product_cat-heating-and-cooling-systems","9":"first","10":"instock","11":"shipping-taxable","12":"product-type-simple"},"_links":{"self":[{"href":"https:\/\/gerhman.com\/tr\/wp-json\/wp\/v2\/product\/660","targetHints":{"allow":["GET"]}}],"collection":[{"href":"https:\/\/gerhman.com\/tr\/wp-json\/wp\/v2\/product"}],"about":[{"href":"https:\/\/gerhman.com\/tr\/wp-json\/wp\/v2\/types\/product"}],"replies":[{"embeddable":true,"href":"https:\/\/gerhman.com\/tr\/wp-json\/wp\/v2\/comments?post=660"}],"version-history":[{"count":2,"href":"https:\/\/gerhman.com\/tr\/wp-json\/wp\/v2\/product\/660\/revisions"}],"predecessor-version":[{"id":970,"href":"https:\/\/gerhman.com\/tr\/wp-json\/wp\/v2\/product\/660\/revisions\/970"}],"wp:featuredmedia":[{"embeddable":true,"href":"https:\/\/gerhman.com\/tr\/wp-json\/wp\/v2\/media\/661"}],"wp:attachment":[{"href":"https:\/\/gerhman.com\/tr\/wp-json\/wp\/v2\/media?parent=660"}],"wp:term":[{"taxonomy":"product_brand","embeddable":true,"href":"https:\/\/gerhman.com\/tr\/wp-json\/wp\/v2\/product_brand?post=660"},{"taxonomy":"product_cat","embeddable":true,"href":"https:\/\/gerhman.com\/tr\/wp-json\/wp\/v2\/product_cat?post=660"},{"taxonomy":"product_tag","embeddable":true,"href":"https:\/\/gerhman.com\/tr\/wp-json\/wp\/v2\/product_tag?post=660"}],"curies":[{"name":"wp","href":"https:\/\/api.w.org\/{rel}","templated":true}]}}