{"id":641,"date":"2022-08-25T00:05:54","date_gmt":"2022-08-25T00:05:54","guid":{"rendered":"http:\/\/gerhman.com\/?post_type=product&#038;p=641"},"modified":"2025-06-05T13:33:47","modified_gmt":"2025-06-05T13:33:47","slug":"beam-jet-nozzle-diffuser","status":"publish","type":"product","link":"https:\/\/gerhman.com\/tr\/urun\/beam-jet-nozzle-diffuser\/","title":{"rendered":"Beam \u2013 jet nozul dif\u00fcz\u00f6r"},"content":{"rendered":"<p>Beam jet nozul dif\u00fcz\u00f6rler, estetik tasar\u0131m\u0131 teknik performans ile birle\u015ftirmek \u00fczere tasarlanm\u0131\u015ft\u0131r. \u00c7\u0131k\u0131\u015f a\u00e7\u0131s\u0131 her y\u00f6nde +\/- 300 derece a\u00e7\u0131 i\u00e7inde de\u011fi\u015ftirilebilir. Hava y\u00fcksek h\u0131zda mekana at\u0131l\u0131r, bu da \u00e7ok uzun yatay ve dikey at\u0131\u015f mesafesi ve i\u00e7 hava ile m\u00fckemmel kar\u0131\u015fma \u00f6zellikleri sa\u011flar.<\/p>\n<p>Genel Uygulama<\/p>\n<p>Jet nozul dif\u00fcz\u00f6rler, b\u00fcy\u00fck alanlarda havay\u0131 yatay y\u00f6nde atmak i\u00e7in duvara monte edilebilir veya havay\u0131 a\u015fa\u011f\u0131 do\u011fru atmak i\u00e7in tavana monte edilebilir;<\/p>\n<p><strong>Uygulama Alanlar\u0131<\/strong><\/p>\n<div>\u2022Al\u0131\u015fveri\u015f merkezleri<\/div>\n<div>\u2022Havaalanlar\u0131<\/div>\n<div>\u2022\u0130stasyonlar<\/div>\n<div>\u2022Stadyum ve arenalar<\/div>\n<div>\u2022Geni\u015f ve y\u00fcksek mahaller<\/div>\n<div><\/div>\n<div>\n<p><strong>Dizayn<\/strong><\/p>\n<div>\u2022 Havay\u0131 yatay y\u00f6nde yaymak i\u00e7in duvara montaj yap\u0131labilir.<\/div>\n<div>\u2022 Havay\u0131 a\u015fa\u011f\u0131 do\u011fru yaymak i\u00e7in tavana montaj yap\u0131labilir.<\/div>\n<div>\u2022 Maksimum 12\u00b0C'ye kadar s\u0131cakl\u0131k fark\u0131 ile \u00e7al\u0131\u015fabilir.<\/div>\n<\/div>\n<p>&nbsp;<\/p>\n<p>&nbsp;<\/p>\n<p>&nbsp;<\/p>\n<p>&nbsp;<\/p>\n<p>&nbsp;<\/p>\n<p>&nbsp;<\/p>","protected":false},"excerpt":{"rendered":"<p>Beam jet nozzle diffusers have been designed to combine aesthetics with technical performance. Outlet angle can be changed within +\/- 300 in each direction. Air is<span class=\"excerpt-hellip\"> [\u2026]<\/span><\/p>\n","protected":false},"featured_media":645,"comment_status":"open","ping_status":"closed","template":"","meta":[],"product_brand":[],"product_cat":[32,24,30,27,29],"product_tag":[78,81],"class_list":{"0":"post-641","1":"product","2":"type-product","3":"status-publish","4":"has-post-thumbnail","6":"product_cat-architectural-diffusers","7":"product_cat-building-ventilation","8":"product_cat-ceiling-diffusers","9":"product_cat-ventilation-diffusers","10":"product_cat-wall-diffusers","11":"product_tag-airports","12":"product_tag-stadiums","14":"first","15":"instock","16":"shipping-taxable","17":"product-type-simple"},"_links":{"self":[{"href":"https:\/\/gerhman.com\/tr\/wp-json\/wp\/v2\/product\/641","targetHints":{"allow":["GET"]}}],"collection":[{"href":"https:\/\/gerhman.com\/tr\/wp-json\/wp\/v2\/product"}],"about":[{"href":"https:\/\/gerhman.com\/tr\/wp-json\/wp\/v2\/types\/product"}],"replies":[{"embeddable":true,"href":"https:\/\/gerhman.com\/tr\/wp-json\/wp\/v2\/comments?post=641"}],"version-history":[{"count":1,"href":"https:\/\/gerhman.com\/tr\/wp-json\/wp\/v2\/product\/641\/revisions"}],"predecessor-version":[{"id":642,"href":"https:\/\/gerhman.com\/tr\/wp-json\/wp\/v2\/product\/641\/revisions\/642"}],"wp:featuredmedia":[{"embeddable":true,"href":"https:\/\/gerhman.com\/tr\/wp-json\/wp\/v2\/media\/645"}],"wp:attachment":[{"href":"https:\/\/gerhman.com\/tr\/wp-json\/wp\/v2\/media?parent=641"}],"wp:term":[{"taxonomy":"product_brand","embeddable":true,"href":"https:\/\/gerhman.com\/tr\/wp-json\/wp\/v2\/product_brand?post=641"},{"taxonomy":"product_cat","embeddable":true,"href":"https:\/\/gerhman.com\/tr\/wp-json\/wp\/v2\/product_cat?post=641"},{"taxonomy":"product_tag","embeddable":true,"href":"https:\/\/gerhman.com\/tr\/wp-json\/wp\/v2\/product_tag?post=641"}],"curies":[{"name":"wp","href":"https:\/\/api.w.org\/{rel}","templated":true}]}}