{"id":631,"date":"2022-08-05T15:22:43","date_gmt":"2022-08-05T15:22:43","guid":{"rendered":"http:\/\/gerhman.com\/?post_type=product&#038;p=631"},"modified":"2026-04-12T12:15:52","modified_gmt":"2026-04-12T12:15:52","slug":"iota-ceiling-diffuser","status":"publish","type":"product","link":"https:\/\/gerhman.com\/tr\/urun\/iota-ceiling-diffuser\/","title":{"rendered":"IOTA \u2013 kare anemostad"},"content":{"rendered":"<p>IOTA tavan dif\u00fcz\u00f6rleri, d\u00fc\u015f\u00fck ve orta bas\u0131n\u00e7l\u0131 havaland\u0131rma sistemleriyle birlikte Klima hava besleme ve egzoz kanallar\u0131 ile uyumludur. Aerodinamik olarak tasarlanm\u0131\u015f kanatlar, d\u00fc\u015f\u00fck hava ak\u0131\u015f h\u0131zlar\u0131nda bile stabiliteyi koruyan s\u0131k\u0131 yatay bir desen sa\u011flar. Mimarl\u0131k uygulamalar\u0131 i\u00e7in m\u00fckemmeldir.<\/p>\n<p>&nbsp;<\/p>\n<div>\u2022 Maksimum tavan y\u00fcksekli\u011fi 4-6 m olan alanlar i\u00e7in \u00f6nerilir.<\/div>\n<div>\u2022Kolay kurulum<\/div>\n<div>\u2022 Dif\u00fcz\u00f6r kanatlar\u0131 iste\u011fe ba\u011fl\u0131 olarak \u00e7\u0131kar\u0131labilir.<\/div>\n<div>\u2022 Dif\u00fcz\u00f6r, d\u00f6rt y\u00f6nde \u00fcfleme sa\u011flar.<\/div>\n<div>\u2022 \u0130ste\u011fe ba\u011fl\u0131 olarak kare ve dikd\u00f6rtgen \u015fekillerde mevcuttur; yatay yol \u00fczerinde 1, 2, 3 ve 4 y\u00f6nl\u00fc de\u015farj \u00e7ekirdek stilleri i\u00e7in farkl\u0131 y\u00f6nlere sahiptir.<\/div>\n<div>\u2022 Arka damperler ve yard\u0131mc\u0131 par\u00e7alar al\u00fcminyum  biti\u015flidir. \u0130stek \u00fczerine siyah mat renk se\u00e7ene\u011fiyle mevcuttur.<\/div>\n<div>\u2022 Mod\u00fcler tavanlara uygun iste\u011fe ba\u011fl\u0131 uzat\u0131lm\u0131\u015f panellerle mevcuttur.<\/div>\n<p>&nbsp;<\/p>","protected":false},"excerpt":{"rendered":"<p>IOTA ceiling diffusers are compatible with low and medium pressure ventilation systems as well as A\/C air supply and exhaust ducts. Aerodynamically designed blades provide a<span class=\"excerpt-hellip\"> [\u2026]<\/span><\/p>\n","protected":false},"featured_media":633,"comment_status":"open","ping_status":"closed","template":"","meta":[],"product_brand":[],"product_cat":[24,30,27],"product_tag":[],"class_list":{"0":"post-631","1":"product","2":"type-product","3":"status-publish","4":"has-post-thumbnail","6":"product_cat-building-ventilation","7":"product_cat-ceiling-diffusers","8":"product_cat-ventilation-diffusers","10":"first","11":"instock","12":"shipping-taxable","13":"product-type-simple"},"_links":{"self":[{"href":"https:\/\/gerhman.com\/tr\/wp-json\/wp\/v2\/product\/631","targetHints":{"allow":["GET"]}}],"collection":[{"href":"https:\/\/gerhman.com\/tr\/wp-json\/wp\/v2\/product"}],"about":[{"href":"https:\/\/gerhman.com\/tr\/wp-json\/wp\/v2\/types\/product"}],"replies":[{"embeddable":true,"href":"https:\/\/gerhman.com\/tr\/wp-json\/wp\/v2\/comments?post=631"}],"version-history":[{"count":1,"href":"https:\/\/gerhman.com\/tr\/wp-json\/wp\/v2\/product\/631\/revisions"}],"predecessor-version":[{"id":632,"href":"https:\/\/gerhman.com\/tr\/wp-json\/wp\/v2\/product\/631\/revisions\/632"}],"wp:featuredmedia":[{"embeddable":true,"href":"https:\/\/gerhman.com\/tr\/wp-json\/wp\/v2\/media\/633"}],"wp:attachment":[{"href":"https:\/\/gerhman.com\/tr\/wp-json\/wp\/v2\/media?parent=631"}],"wp:term":[{"taxonomy":"product_brand","embeddable":true,"href":"https:\/\/gerhman.com\/tr\/wp-json\/wp\/v2\/product_brand?post=631"},{"taxonomy":"product_cat","embeddable":true,"href":"https:\/\/gerhman.com\/tr\/wp-json\/wp\/v2\/product_cat?post=631"},{"taxonomy":"product_tag","embeddable":true,"href":"https:\/\/gerhman.com\/tr\/wp-json\/wp\/v2\/product_tag?post=631"}],"curies":[{"name":"wp","href":"https:\/\/api.w.org\/{rel}","templated":true}]}}