{"id":626,"date":"2022-08-04T08:42:51","date_gmt":"2022-08-04T08:42:51","guid":{"rendered":"http:\/\/gerhman.com\/?post_type=product&#038;p=626"},"modified":"2025-08-02T22:23:39","modified_gmt":"2025-08-02T22:23:39","slug":"lines-push-exhaust-access-panel-2","status":"publish","type":"product","link":"https:\/\/gerhman.com\/tr\/urun\/lines-push-exhaust-access-panel-2\/","title":{"rendered":"Linea push+ \u2013 yar\u0131 sac yar\u0131 lineer kontrol kapa\u011f\u0131"},"content":{"rendered":"<p>Al\u00fcminyum yap\u0131s\u0131yla, lineer kanatl\u0131 m\u00fcdahale kapa\u011f\u0131, t\u00fcm egzoz uygulamalar\u0131n\u0131 kar\u015f\u0131lamak \u00fczere tasarlanm\u0131\u015ft\u0131r. Menfez paneli, al\u00fcminyum yatay kanatlar ile donat\u0131lm\u0131\u015f.<\/p>\n<p>\u00c7ift \u00e7er\u00e7eve, mente\u015feli a\u00e7\u0131l\u0131\u015f ve filtrenin kolayca de\u011fi\u015ftirilmesi i\u00e7in bas\/a\u00e7 sistemi ile monte edilir.<\/p>\n<p><strong>Uygulama<\/strong><\/p>\n<p>Gizli vidal\u0131 montaj imkan\u0131 sayesinde kusursuz biti\u015f sa\u011flar.<\/p>\n<p><strong>Uygulama Alanlar\u0131<\/strong><\/p>\n<div>\u2022Al\u0131\u015fveri\u015f merkezleri<\/div>\n<div>\u2022Ofisler, hoteller<\/div>\n<div>\u2022Konutlar<\/div>","protected":false},"excerpt":{"rendered":"<p>Aluminium construction, Linear vaned access panel have been designed to satisfy all exhaust applications. The grille core has an aluminium construction aluminium\u00a0 horizontal bars set with<span class=\"excerpt-hellip\"> [\u2026]<\/span><\/p>\n","protected":false},"featured_media":624,"comment_status":"open","ping_status":"closed","template":"","meta":[],"product_brand":[],"product_cat":[32,24,26],"product_tag":[],"class_list":{"0":"post-626","1":"product","2":"type-product","3":"status-publish","4":"has-post-thumbnail","6":"product_cat-architectural-diffusers","7":"product_cat-building-ventilation","8":"product_cat-ventilation-grills","10":"first","11":"instock","12":"shipping-taxable","13":"product-type-simple"},"_links":{"self":[{"href":"https:\/\/gerhman.com\/tr\/wp-json\/wp\/v2\/product\/626","targetHints":{"allow":["GET"]}}],"collection":[{"href":"https:\/\/gerhman.com\/tr\/wp-json\/wp\/v2\/product"}],"about":[{"href":"https:\/\/gerhman.com\/tr\/wp-json\/wp\/v2\/types\/product"}],"replies":[{"embeddable":true,"href":"https:\/\/gerhman.com\/tr\/wp-json\/wp\/v2\/comments?post=626"}],"version-history":[{"count":3,"href":"https:\/\/gerhman.com\/tr\/wp-json\/wp\/v2\/product\/626\/revisions"}],"predecessor-version":[{"id":680,"href":"https:\/\/gerhman.com\/tr\/wp-json\/wp\/v2\/product\/626\/revisions\/680"}],"wp:featuredmedia":[{"embeddable":true,"href":"https:\/\/gerhman.com\/tr\/wp-json\/wp\/v2\/media\/624"}],"wp:attachment":[{"href":"https:\/\/gerhman.com\/tr\/wp-json\/wp\/v2\/media?parent=626"}],"wp:term":[{"taxonomy":"product_brand","embeddable":true,"href":"https:\/\/gerhman.com\/tr\/wp-json\/wp\/v2\/product_brand?post=626"},{"taxonomy":"product_cat","embeddable":true,"href":"https:\/\/gerhman.com\/tr\/wp-json\/wp\/v2\/product_cat?post=626"},{"taxonomy":"product_tag","embeddable":true,"href":"https:\/\/gerhman.com\/tr\/wp-json\/wp\/v2\/product_tag?post=626"}],"curies":[{"name":"wp","href":"https:\/\/api.w.org\/{rel}","templated":true}]}}