{"id":617,"date":"2022-08-04T06:25:09","date_gmt":"2022-08-04T06:25:09","guid":{"rendered":"http:\/\/gerhman.com\/?post_type=product&#038;p=617"},"modified":"2025-06-01T02:24:23","modified_gmt":"2025-06-01T02:24:23","slug":"disc-disc-valve","status":"publish","type":"product","link":"https:\/\/gerhman.com\/tr\/urun\/disc-disc-valve\/","title":{"rendered":"Disc \u2013 gemici anemostad"},"content":{"rendered":"<div class=\"page\" title=\"WBL d\u0131\u015f hava panjurlar\u0131 &#039;Z&#039; form kanat profilleri ile en zor hava \u015fartlar\u0131nda y\u00fcksek performans sergiler.\">\n<div class=\"section\">\n<div class=\"layoutArea\">\n<div class=\"column\">\n<p>Disk valfler, tavan dif\u00fcz\u00f6r\u00fcne alternatif olarak kullan\u0131l\u0131r. Genellikle havaland\u0131rma amac\u0131yla kullan\u0131l\u0131rlar. Disk valfin i\u00e7inden ge\u00e7en hava ak\u0131\u015f\u0131, g\u00f6bek paneli saat y\u00f6n\u00fcnde veya saat y\u00f6n\u00fcn\u00fcn tersine \u00e7evirerek ayarlanabilir. Bu d\u00f6n\u00fc\u015f, diskin \u00e7er\u00e7eve ile aras\u0131ndaki serbest alan\u0131 de\u011fi\u015ftirir. Disk valfler, basit ancak estetik g\u00f6r\u00fcn\u00fcm\u00fc nedeniyle bir\u00e7ok mimar ve bina sahibi taraf\u0131ndan tuvaletler, banyolar ve nemli alanlardaki havaland\u0131rma i\u00e7in tercih edilir.<\/p>\n<\/div>\n<div class=\"page\" title=\"WBL d\u0131\u015f hava panjurlar\u0131 &#039;Z&#039; form kanat profilleri ile en zor hava \u015fartlar\u0131nda y\u00fcksek performans sergiler.\">\n<div class=\"section\">\n<div class=\"layoutArea\">\n<div class=\"column\">\n<p><strong>Tan\u0131m<\/strong><\/p>\n<ul>\n<li>\u00c7er\u00e7eve ve disk, y\u00fcksek kaliteli galvanizli \u00e7elik levha yap\u0131s\u0131yla \u00fcretilmi\u015f ve RAL renklerine uygun olarak toz boya ile kaplanm\u0131\u015ft\u0131r.<\/li>\n<li>Minimal \u00e7er\u00e7eve tasar\u0131m\u0131<\/li>\n<li>Hava ak\u0131\u015f\u0131, yukar\u0131 veya a\u015fa\u011f\u0131 y\u00f6nde d\u00fczenlenerek ayarlanabilir (+A veya -A).<\/li>\n<li>Hava ka\u00e7a\u011f\u0131n\u0131 \u00f6nlemek i\u00e7in contal\u0131 kasa<\/li>\n<li>Bu valfler, besleme, egzoz ve havaland\u0131rma uygulamalar\u0131nda kullan\u0131labilir.<\/li>\n<li>Montaj kasalar\u0131 ile duvara, tavana veya a\u00e7\u0131k hava kanallar\u0131na monte edilebilir.<\/li>\n<li>Nemli alanlardaki tuvaletler, banyolar ve mutfaklar gibi yerlerde ya\u011fl\u0131 ve nemli havan\u0131n tahliyesi i\u00e7in \u00f6nerilir.<\/li>\n<\/ul>\n<\/div>\n<\/div>\n<\/div>\n<\/div>\n<\/div>\n<\/div>\n<\/div>","protected":false},"excerpt":{"rendered":"<p>Disc valves are used as an alternative to ceiling diffuser. They are most commonly used for the purpose of ventilation. The air flow through the disk<span class=\"excerpt-hellip\"> [\u2026]<\/span><\/p>\n","protected":false},"featured_media":618,"comment_status":"open","ping_status":"closed","template":"","meta":[],"product_brand":[],"product_cat":[24,27,28],"product_tag":[],"class_list":{"0":"post-617","1":"product","2":"type-product","3":"status-publish","4":"has-post-thumbnail","6":"product_cat-building-ventilation","7":"product_cat-ventilation-diffusers","8":"product_cat-ventilation-valves","10":"first","11":"instock","12":"shipping-taxable","13":"product-type-simple"},"_links":{"self":[{"href":"https:\/\/gerhman.com\/tr\/wp-json\/wp\/v2\/product\/617","targetHints":{"allow":["GET"]}}],"collection":[{"href":"https:\/\/gerhman.com\/tr\/wp-json\/wp\/v2\/product"}],"about":[{"href":"https:\/\/gerhman.com\/tr\/wp-json\/wp\/v2\/types\/product"}],"replies":[{"embeddable":true,"href":"https:\/\/gerhman.com\/tr\/wp-json\/wp\/v2\/comments?post=617"}],"version-history":[{"count":1,"href":"https:\/\/gerhman.com\/tr\/wp-json\/wp\/v2\/product\/617\/revisions"}],"predecessor-version":[{"id":620,"href":"https:\/\/gerhman.com\/tr\/wp-json\/wp\/v2\/product\/617\/revisions\/620"}],"wp:featuredmedia":[{"embeddable":true,"href":"https:\/\/gerhman.com\/tr\/wp-json\/wp\/v2\/media\/618"}],"wp:attachment":[{"href":"https:\/\/gerhman.com\/tr\/wp-json\/wp\/v2\/media?parent=617"}],"wp:term":[{"taxonomy":"product_brand","embeddable":true,"href":"https:\/\/gerhman.com\/tr\/wp-json\/wp\/v2\/product_brand?post=617"},{"taxonomy":"product_cat","embeddable":true,"href":"https:\/\/gerhman.com\/tr\/wp-json\/wp\/v2\/product_cat?post=617"},{"taxonomy":"product_tag","embeddable":true,"href":"https:\/\/gerhman.com\/tr\/wp-json\/wp\/v2\/product_tag?post=617"}],"curies":[{"name":"wp","href":"https:\/\/api.w.org\/{rel}","templated":true}]}}