{"id":613,"date":"2022-08-03T22:48:02","date_gmt":"2022-08-03T22:48:02","guid":{"rendered":"http:\/\/gerhman.com\/?post_type=product&#038;p=613"},"modified":"2025-02-16T20:25:01","modified_gmt":"2025-02-16T20:25:01","slug":"prd61-pressure-relief-damper","status":"publish","type":"product","link":"https:\/\/gerhman.com\/tr\/urun\/prd61-pressure-relief-damper\/","title":{"rendered":"PRD61 \u2013 bas\u0131n\u00e7 tahliye damperi"},"content":{"rendered":"<div class=\"page\" title=\"WBL d\u0131\u015f hava panjurlar\u0131 &#039;Z&#039; form kanat profilleri ile en zor hava \u015fartlar\u0131nda y\u00fcksek performans sergiler.\">\n<div class=\"section\">\n<div class=\"layoutArea\">\n<div class=\"column\">\n<p>Bas\u0131n\u00e7 tahliye damperi, HVAC sisteminde olu\u015fan bas\u0131nc\u0131 azaltmak amac\u0131yla kullan\u0131l\u0131r. Bu, di\u011fer bile\u015fenlere zarar vermemek veya alandaki bas\u0131nc\u0131n kontrol edilmesi i\u00e7in hava hareketini d\u00fczenlemek i\u00e7in yap\u0131l\u0131r.<\/p>\n<p><strong>Uygulama<\/strong><\/p>\n<p>\"Bas\u0131n\u00e7 tahliye dampleri hem yatay hem de dikey olarak monte edilebilir. Ancak, damperi monte etmek i\u00e7in istenilen hava ak\u0131\u015f y\u00f6n\u00fcnde kanatlar\u0131n y\u00f6nlendirilmesine dikkat edilmelidir. Damperler, kar\u015f\u0131 a\u011f\u0131rl\u0131klar veya motorlar ile \u00e7al\u0131\u015fabilir.<\/p>\n<p><strong>Renk<\/strong><\/p>\n<p>Standart galvaniz \u00e7elik (iste\u011fe ba\u011fl\u0131 RAL boya kaplama)<\/p>\n<\/div>\n<\/div>\n<\/div>\n<\/div>","protected":false},"excerpt":{"rendered":"<p>Pressure relief damper is used to relieve built-up pressure in HVAC system to prevent damage to other components, or to allow pressure for the area to<span class=\"excerpt-hellip\"> [\u2026]<\/span><\/p>\n","protected":false},"featured_media":616,"comment_status":"open","ping_status":"closed","template":"","meta":[],"product_brand":[],"product_cat":[41,42,44],"product_tag":[80],"class_list":{"0":"post-613","1":"product","2":"type-product","3":"status-publish","4":"has-post-thumbnail","6":"product_cat-airflow-management","7":"product_cat-control-dampers","8":"product_cat-overflow-units","9":"product_tag-heavy","11":"first","12":"instock","13":"shipping-taxable","14":"product-type-simple"},"_links":{"self":[{"href":"https:\/\/gerhman.com\/tr\/wp-json\/wp\/v2\/product\/613","targetHints":{"allow":["GET"]}}],"collection":[{"href":"https:\/\/gerhman.com\/tr\/wp-json\/wp\/v2\/product"}],"about":[{"href":"https:\/\/gerhman.com\/tr\/wp-json\/wp\/v2\/types\/product"}],"replies":[{"embeddable":true,"href":"https:\/\/gerhman.com\/tr\/wp-json\/wp\/v2\/comments?post=613"}],"version-history":[{"count":1,"href":"https:\/\/gerhman.com\/tr\/wp-json\/wp\/v2\/product\/613\/revisions"}],"predecessor-version":[{"id":614,"href":"https:\/\/gerhman.com\/tr\/wp-json\/wp\/v2\/product\/613\/revisions\/614"}],"wp:featuredmedia":[{"embeddable":true,"href":"https:\/\/gerhman.com\/tr\/wp-json\/wp\/v2\/media\/616"}],"wp:attachment":[{"href":"https:\/\/gerhman.com\/tr\/wp-json\/wp\/v2\/media?parent=613"}],"wp:term":[{"taxonomy":"product_brand","embeddable":true,"href":"https:\/\/gerhman.com\/tr\/wp-json\/wp\/v2\/product_brand?post=613"},{"taxonomy":"product_cat","embeddable":true,"href":"https:\/\/gerhman.com\/tr\/wp-json\/wp\/v2\/product_cat?post=613"},{"taxonomy":"product_tag","embeddable":true,"href":"https:\/\/gerhman.com\/tr\/wp-json\/wp\/v2\/product_tag?post=613"}],"curies":[{"name":"wp","href":"https:\/\/api.w.org\/{rel}","templated":true}]}}