{"id":607,"date":"2022-08-02T06:36:57","date_gmt":"2022-08-02T06:36:57","guid":{"rendered":"http:\/\/gerhman.com\/?post_type=product&#038;p=607"},"modified":"2025-06-06T02:07:04","modified_gmt":"2025-06-06T02:07:04","slug":"nrd61-back-draft-damper","status":"publish","type":"product","link":"https:\/\/gerhman.com\/tr\/urun\/nrd61-back-draft-damper\/","title":{"rendered":"NRD61 \u2013  geri d\u00f6n\u00fc\u015fs\u00fcz damper"},"content":{"rendered":"<p>'NRD' Geri d\u00f6n\u00fc\u015fs\u00fcz damperler,  ticari ve konut tipi  kanal klima sistemlerinde hava \u00fcfleme ve tahliye i\u00e7in tasarlanm\u0131\u015ft\u0131r. Havaland\u0131rma sistemi \u00e7al\u0131\u015f\u0131rken, geri d\u00f6n\u00fc\u015fs\u00fcz damper kanatlar\u0131 hava ak\u0131\u015f\u0131 taraf\u0131ndan a\u00e7\u0131k konumda tutulur. Sistem kapat\u0131ld\u0131\u011f\u0131nda, damper kanatlar\u0131 otomatik olarak kapan\u0131r, b\u00f6ylece ters y\u00f6nde hava ak\u0131\u015f\u0131n\u0131 engeller ve klima sistemine d\u00fczensiz hava, ya\u011fmur veya d\u0131\u015f giri\u015fi \u00f6nler<\/p>\n<p><strong>Dizayn<\/strong><\/p>\n<div>\u2022Kanal montaj\u0131 i\u00e7in tasarlanm\u0131\u015f olan tek y\u00f6nl\u00fc damper.<\/div>\n<div>\u2022Galvaniz \u00e7elikten kasa ve kanat<\/div>\n<div>Aluminyumdan mamul \u00e7er\u00e7eve ve kanatlar (iste\u011fe ba\u011fl\u0131)<\/div>\n<div>\u00c7ap\u0131 12 mm olan yuvarlak miller, galvanizli demir ba\u011flant\u0131lar arac\u0131l\u0131\u011f\u0131yla birbirine ba\u011flanm\u0131\u015ft\u0131r.<\/div>\n<div>Kanat u\u00e7lar\u0131nda d\u00fc\u015f\u00fck s\u0131zd\u0131rmazl\u0131k i\u00e7in conta sa\u011flanm\u0131\u015ft\u0131r. (iste\u011fe ba\u011fl\u0131)<\/div>\n<div>EN1752'ye g\u00f6re g\u00f6vde s\u0131zd\u0131rmazl\u0131\u011f\u0131 class C<\/div>\n<div>20-25-30-35 flan\u015f opsiyonu (25 mm flan\u015f standart)<\/div>\n<p>&nbsp;<\/p>","protected":false},"excerpt":{"rendered":"<p>Back draft dampers also named non return dampers type \u2018NRD61\u2019, are designed for use intake and discharge opening in commercial and residential air conditioning systems. When<span class=\"excerpt-hellip\"> [\u2026]<\/span><\/p>\n","protected":false},"featured_media":609,"comment_status":"open","ping_status":"closed","template":"","meta":[],"product_brand":[],"product_cat":[41,42,44],"product_tag":[80],"class_list":{"0":"post-607","1":"product","2":"type-product","3":"status-publish","4":"has-post-thumbnail","6":"product_cat-airflow-management","7":"product_cat-control-dampers","8":"product_cat-overflow-units","9":"product_tag-heavy","11":"first","12":"instock","13":"shipping-taxable","14":"product-type-simple"},"_links":{"self":[{"href":"https:\/\/gerhman.com\/tr\/wp-json\/wp\/v2\/product\/607","targetHints":{"allow":["GET"]}}],"collection":[{"href":"https:\/\/gerhman.com\/tr\/wp-json\/wp\/v2\/product"}],"about":[{"href":"https:\/\/gerhman.com\/tr\/wp-json\/wp\/v2\/types\/product"}],"replies":[{"embeddable":true,"href":"https:\/\/gerhman.com\/tr\/wp-json\/wp\/v2\/comments?post=607"}],"version-history":[{"count":1,"href":"https:\/\/gerhman.com\/tr\/wp-json\/wp\/v2\/product\/607\/revisions"}],"predecessor-version":[{"id":608,"href":"https:\/\/gerhman.com\/tr\/wp-json\/wp\/v2\/product\/607\/revisions\/608"}],"wp:featuredmedia":[{"embeddable":true,"href":"https:\/\/gerhman.com\/tr\/wp-json\/wp\/v2\/media\/609"}],"wp:attachment":[{"href":"https:\/\/gerhman.com\/tr\/wp-json\/wp\/v2\/media?parent=607"}],"wp:term":[{"taxonomy":"product_brand","embeddable":true,"href":"https:\/\/gerhman.com\/tr\/wp-json\/wp\/v2\/product_brand?post=607"},{"taxonomy":"product_cat","embeddable":true,"href":"https:\/\/gerhman.com\/tr\/wp-json\/wp\/v2\/product_cat?post=607"},{"taxonomy":"product_tag","embeddable":true,"href":"https:\/\/gerhman.com\/tr\/wp-json\/wp\/v2\/product_tag?post=607"}],"curies":[{"name":"wp","href":"https:\/\/api.w.org\/{rel}","templated":true}]}}