{"id":542,"date":"2022-07-17T14:25:28","date_gmt":"2022-07-17T14:25:28","guid":{"rendered":"http:\/\/gerhman.com\/?post_type=product&#038;p=542"},"modified":"2025-06-03T10:28:51","modified_gmt":"2025-06-03T10:28:51","slug":"mini-beam-jet-diffuser","status":"publish","type":"product","link":"https:\/\/gerhman.com\/tr\/urun\/mini-beam-jet-diffuser\/","title":{"rendered":"Mini Beam - micro jet nozul dif\u00fcz\u00f6r"},"content":{"rendered":"<div class=\"page\" title=\"WBL d\u0131\u015f hava panjurlar\u0131 &#039;Z&#039; form kanat profilleri ile en zor hava \u015fartlar\u0131nda y\u00fcksek performans sergiler.\">\n<div class=\"section\">\n<div class=\"layoutArea\">\n<div class=\"column\">\n<p>Mini Beam jet dif\u00fcz\u00f6rler, estetikleri teknik performansla birle\u015ftirmek \u00fczere tasarlanm\u0131\u015ft\u0131r. Mikro jet nozul dif\u00fcz\u00f6rler, tam y\u00f6nlendirme esnekli\u011fi sa\u011flayarak duvara veya tavana monte edilmeye uygunlard\u0131r. Ayarlanabilir nozullara sahip modeller, nozullar istenilen y\u00f6ne bireysel olarak ayarlanabilece\u011fi i\u00e7in neredeyse s\u0131n\u0131rs\u0131z ayarlama imkan\u0131 sunar.<\/p>\n<\/div>\n<div class=\"page\" title=\"WBL d\u0131\u015f hava panjurlar\u0131 &#039;Z&#039; form kanat profilleri ile en zor hava \u015fartlar\u0131nda y\u00fcksek performans sergiler.\">\n<div class=\"section\">\n<div class=\"layoutArea\">\n<div class=\"column\">\n<p><strong>Uygulama Alanlar\u0131<\/strong><\/p>\n<ul>\n<li>\u2022Al\u0131\u015fveri\u015f merkezleri<\/li>\n<li>\u2022Havaalanlar\u0131<\/li>\n<li>\u2022\u0130stasyonlar<\/li>\n<li>\u2022Stadyum ve arenalar<\/li>\n<li>\u2022Geni\u015f ve y\u00fcksek mahaller<\/li>\n<\/ul>\n<p>&nbsp;<\/p>\n<\/div>\n<\/div>\n<\/div>\n<\/div>\n<\/div>\n<\/div>\n<\/div>","protected":false},"excerpt":{"rendered":"<p>Mini Beam jet diffusers have been designed to combine aesthetics with technical performance. Micro jet nozzle diffusers, giving complete flexibility of direction, suitable for wall or<span class=\"excerpt-hellip\"> [\u2026]<\/span><\/p>\n","protected":false},"featured_media":546,"comment_status":"open","ping_status":"closed","template":"","meta":[],"product_brand":[],"product_cat":[32,24,30,27,29],"product_tag":[78,77,67,81],"class_list":{"0":"post-542","1":"product","2":"type-product","3":"status-publish","4":"has-post-thumbnail","6":"product_cat-architectural-diffusers","7":"product_cat-building-ventilation","8":"product_cat-ceiling-diffusers","9":"product_cat-ventilation-diffusers","10":"product_cat-wall-diffusers","11":"product_tag-airports","12":"product_tag-architectural","13":"product_tag-hotels","14":"product_tag-stadiums","16":"first","17":"instock","18":"shipping-taxable","19":"product-type-simple"},"_links":{"self":[{"href":"https:\/\/gerhman.com\/tr\/wp-json\/wp\/v2\/product\/542","targetHints":{"allow":["GET"]}}],"collection":[{"href":"https:\/\/gerhman.com\/tr\/wp-json\/wp\/v2\/product"}],"about":[{"href":"https:\/\/gerhman.com\/tr\/wp-json\/wp\/v2\/types\/product"}],"replies":[{"embeddable":true,"href":"https:\/\/gerhman.com\/tr\/wp-json\/wp\/v2\/comments?post=542"}],"version-history":[{"count":5,"href":"https:\/\/gerhman.com\/tr\/wp-json\/wp\/v2\/product\/542\/revisions"}],"predecessor-version":[{"id":551,"href":"https:\/\/gerhman.com\/tr\/wp-json\/wp\/v2\/product\/542\/revisions\/551"}],"wp:featuredmedia":[{"embeddable":true,"href":"https:\/\/gerhman.com\/tr\/wp-json\/wp\/v2\/media\/546"}],"wp:attachment":[{"href":"https:\/\/gerhman.com\/tr\/wp-json\/wp\/v2\/media?parent=542"}],"wp:term":[{"taxonomy":"product_brand","embeddable":true,"href":"https:\/\/gerhman.com\/tr\/wp-json\/wp\/v2\/product_brand?post=542"},{"taxonomy":"product_cat","embeddable":true,"href":"https:\/\/gerhman.com\/tr\/wp-json\/wp\/v2\/product_cat?post=542"},{"taxonomy":"product_tag","embeddable":true,"href":"https:\/\/gerhman.com\/tr\/wp-json\/wp\/v2\/product_tag?post=542"}],"curies":[{"name":"wp","href":"https:\/\/api.w.org\/{rel}","templated":true}]}}