{"id":505,"date":"2022-07-10T23:17:52","date_gmt":"2022-07-10T23:17:52","guid":{"rendered":"http:\/\/gerhman.com\/?post_type=product&#038;p=505"},"modified":"2025-03-05T07:35:02","modified_gmt":"2025-03-05T07:35:02","slug":"lynx-linear-jet-diffuser","status":"publish","type":"product","link":"https:\/\/gerhman.com\/tr\/urun\/lynx-linear-jet-diffuser\/","title":{"rendered":"Lynx \u2013 lineer jet dif\u00fcz\u00f6r"},"content":{"rendered":"<div class=\"page\" title=\"WBL d\u0131\u015f hava panjurlar\u0131 &#039;Z&#039; form kanat profilleri ile en zor hava \u015fartlar\u0131nda y\u00fcksek performans sergiler.\">\n<div class=\"section\">\n<div class=\"layoutArea\">\n<div class=\"column\">\n<p>Lynx mimari lineer jet dif\u00fcz\u00f6rler, uzun mesafeli veya y\u00fcksek at\u0131\u015fl\u0131 hava da\u011f\u0131t\u0131m performans\u0131n\u0131 ve mimari olarak s\u00fcrekli g\u00f6r\u00fcn\u00fcm tasarlanmak istenen  mimari uygulamalar\u0131 kar\u015f\u0131lamak \u00fczere tasarlanm\u0131\u015ft\u0131r. Bu lineer jet dif\u00fcz\u00f6rler, ekstr\u00fczyon al\u00fcminyumdan \u00fcretilmi\u015f tamamen ayarlanabilir, dif\u00fcz\u00f6r g\u00f6vdesine sahiptir. Lynx, m\u00fchendislik m\u00fckemmelli\u011fi ve mimari cazibesi aras\u0131ndaki ideal dengeyi sunar<\/p>\n<div class=\"page\" title=\"WBL d\u0131\u015f hava panjurlar\u0131 &#039;Z&#039; form kanat profilleri ile en zor hava \u015fartlar\u0131nda y\u00fcksek performans sergiler.\">\n<div class=\"section\">\n<div class=\"layoutArea\">\n<div class=\"column\">\n<p><strong>Uygulama Alanlar\u0131<\/strong><\/p>\n<\/div>\n<\/div>\n<\/div>\n<\/div>\n<\/div>\n<div class=\"page\" title=\"WBL d\u0131\u015f hava panjurlar\u0131 &#039;Z&#039; form kanat profilleri ile en zor hava \u015fartlar\u0131nda y\u00fcksek performans sergiler.\">\n<div class=\"section\">\n<div class=\"layoutArea\">\n<div class=\"column\">\n<ul>\n<li>\u2022Al\u0131\u015fveri\u015f merkezleri<\/li>\n<li>\u2022Havaalanlar\u0131<\/li>\n<li>\u2022\u0130stasyonlar<\/li>\n<li>\u2022Stadyum ve arenalar<\/li>\n<li>\u2022Geni\u015f ve y\u00fcksek mahaller<\/li>\n<\/ul>\n<div class=\"page\" title=\"WBL d\u0131\u015f hava panjurlar\u0131 &#039;Z&#039; form kanat profilleri ile en zor hava \u015fartlar\u0131nda y\u00fcksek performans sergiler.\">\n<div class=\"section\">\n<div class=\"layoutArea\">\n<div class=\"column\"><\/div>\n<\/div>\n<\/div>\n<\/div>\n<\/div>\n<\/div>\n<\/div>\n<\/div>\n<\/div>\n<\/div>\n<\/div>","protected":false},"excerpt":{"rendered":"<p>Lynx architectural linear jet diffusers is designed to satisfy architectural applications that require continuous lengths without compromising long throw air distribution performance. These linear jet diffusers<span class=\"excerpt-hellip\"> [\u2026]<\/span><\/p>\n","protected":false},"featured_media":506,"comment_status":"open","ping_status":"closed","template":"","meta":[],"product_brand":[],"product_cat":[32,24,30,27,29],"product_tag":[78,77],"class_list":{"0":"post-505","1":"product","2":"type-product","3":"status-publish","4":"has-post-thumbnail","6":"product_cat-architectural-diffusers","7":"product_cat-building-ventilation","8":"product_cat-ceiling-diffusers","9":"product_cat-ventilation-diffusers","10":"product_cat-wall-diffusers","11":"product_tag-airports","12":"product_tag-architectural","14":"first","15":"instock","16":"shipping-taxable","17":"product-type-simple"},"_links":{"self":[{"href":"https:\/\/gerhman.com\/tr\/wp-json\/wp\/v2\/product\/505","targetHints":{"allow":["GET"]}}],"collection":[{"href":"https:\/\/gerhman.com\/tr\/wp-json\/wp\/v2\/product"}],"about":[{"href":"https:\/\/gerhman.com\/tr\/wp-json\/wp\/v2\/types\/product"}],"replies":[{"embeddable":true,"href":"https:\/\/gerhman.com\/tr\/wp-json\/wp\/v2\/comments?post=505"}],"version-history":[{"count":2,"href":"https:\/\/gerhman.com\/tr\/wp-json\/wp\/v2\/product\/505\/revisions"}],"predecessor-version":[{"id":510,"href":"https:\/\/gerhman.com\/tr\/wp-json\/wp\/v2\/product\/505\/revisions\/510"}],"wp:featuredmedia":[{"embeddable":true,"href":"https:\/\/gerhman.com\/tr\/wp-json\/wp\/v2\/media\/506"}],"wp:attachment":[{"href":"https:\/\/gerhman.com\/tr\/wp-json\/wp\/v2\/media?parent=505"}],"wp:term":[{"taxonomy":"product_brand","embeddable":true,"href":"https:\/\/gerhman.com\/tr\/wp-json\/wp\/v2\/product_brand?post=505"},{"taxonomy":"product_cat","embeddable":true,"href":"https:\/\/gerhman.com\/tr\/wp-json\/wp\/v2\/product_cat?post=505"},{"taxonomy":"product_tag","embeddable":true,"href":"https:\/\/gerhman.com\/tr\/wp-json\/wp\/v2\/product_tag?post=505"}],"curies":[{"name":"wp","href":"https:\/\/api.w.org\/{rel}","templated":true}]}}