{"id":497,"date":"2022-07-04T20:35:07","date_gmt":"2022-07-04T20:35:07","guid":{"rendered":"http:\/\/gerhman.com\/?post_type=product&#038;p=497"},"modified":"2025-06-06T00:17:09","modified_gmt":"2025-06-06T00:17:09","slug":"sdjr-s-smoke-control-damper","status":"publish","type":"product","link":"https:\/\/gerhman.com\/tr\/urun\/sdjr-s-smoke-control-damper\/","title":{"rendered":"Smoketop SDJR-S \u2013 duman kontrol damperi"},"content":{"rendered":"<div class=\"page\" title=\"Page 1\">\n<div class=\"section\">\n<div class=\"layoutArea\">\n<div class=\"column\">\n<p><strong>S\u0131n\u0131fland\u0131rma (EN13501-4)\u00a0<\/strong><\/p>\n<p>E600 120 (ve &#8211; i&lt;-&gt;o)S 1500 Cmod MA Single<\/p>\n<p>&nbsp;<\/p>\n<p>Tek kompartman duman ve \u0131s\u0131 tahliye sistemleri i\u00e7in dikd\u00f6rtgen duman kontrol damperi. Kanat ve g\u00f6vde galvanizli \u00e7elikten yap\u0131lm\u0131\u015ft\u0131r.<\/p>\n<p>Yang\u0131n durumunda duman ve s\u0131cak hava, duman kontrol sistemi arac\u0131l\u0131\u011f\u0131yla tahliye edilir ve bu damper, senaryoya ba\u011fl\u0131 olarak a\u00e7\u0131labilir veya kapal\u0131 kalabilir \u015fekilde tasarlanm\u0131\u015ft\u0131r. B\u00f6ylece binadan duman ve s\u0131cak havan\u0131n tahliye edilmesi m\u00fcmk\u00fcn olur.<\/p>\n<p>This damper is equipped with an actuator, either 24V or 230V and can be used as an automatic (AA) or manual activation (MA) damper.<\/p>\n<p>CE i\u015fareti ta\u015f\u0131r ve EN12101-8'e uygun olarak sertifikal\u0131d\u0131r, EN1366-10'a g\u00f6re test edilmi\u015f ve EN13501-4'e g\u00f6re s\u0131n\u0131fland\u0131r\u0131lm\u0131\u015ft\u0131r<\/p>\n<p>Bu damper, EN 1366-9'a g\u00f6re tek kompartman duman kanal\u0131 tahliye sistemleri ile kullan\u0131lmas\u0131 tavsiye edilir. Dikey ve yatay montaja uygundur, 1000Pa negatif bas\u0131n\u00e7ta duman s\u0131z\u0131nt\u0131 s\u0131n\u0131f\u0131 'S'.<\/p>\n<p><strong>S\u0131n\u0131fland\u0131rma (EN13501-4)\u00a0<\/strong><\/p>\n<p>E600 120 (ve &#8211; i&lt;-&gt;o)S 1500 Cmod MA Single<\/p>\n<\/div>\n<\/div>\n<\/div>\n<\/div>","protected":false},"excerpt":{"rendered":"<p>Classifications (EN13501-4)\u00a0 E600 120 (ve &#8211; i&lt;-&gt;o)S 1500 Cmod MA Single &nbsp; Rectangular smoke control damper for smoke and heat evacuation systems for single compartment. The<span class=\"excerpt-hellip\"> [\u2026]<\/span><\/p>\n","protected":false},"featured_media":498,"comment_status":"open","ping_status":"closed","template":"","meta":[],"product_brand":[],"product_cat":[37,52],"product_tag":[],"class_list":{"0":"post-497","1":"product","2":"type-product","3":"status-publish","4":"has-post-thumbnail","6":"product_cat-fire-and-smoke-safety","7":"product_cat-smoke-control-dampers","9":"first","10":"instock","11":"shipping-taxable","12":"product-type-simple"},"_links":{"self":[{"href":"https:\/\/gerhman.com\/tr\/wp-json\/wp\/v2\/product\/497","targetHints":{"allow":["GET"]}}],"collection":[{"href":"https:\/\/gerhman.com\/tr\/wp-json\/wp\/v2\/product"}],"about":[{"href":"https:\/\/gerhman.com\/tr\/wp-json\/wp\/v2\/types\/product"}],"replies":[{"embeddable":true,"href":"https:\/\/gerhman.com\/tr\/wp-json\/wp\/v2\/comments?post=497"}],"version-history":[{"count":5,"href":"https:\/\/gerhman.com\/tr\/wp-json\/wp\/v2\/product\/497\/revisions"}],"predecessor-version":[{"id":501,"href":"https:\/\/gerhman.com\/tr\/wp-json\/wp\/v2\/product\/497\/revisions\/501"}],"wp:featuredmedia":[{"embeddable":true,"href":"https:\/\/gerhman.com\/tr\/wp-json\/wp\/v2\/media\/498"}],"wp:attachment":[{"href":"https:\/\/gerhman.com\/tr\/wp-json\/wp\/v2\/media?parent=497"}],"wp:term":[{"taxonomy":"product_brand","embeddable":true,"href":"https:\/\/gerhman.com\/tr\/wp-json\/wp\/v2\/product_brand?post=497"},{"taxonomy":"product_cat","embeddable":true,"href":"https:\/\/gerhman.com\/tr\/wp-json\/wp\/v2\/product_cat?post=497"},{"taxonomy":"product_tag","embeddable":true,"href":"https:\/\/gerhman.com\/tr\/wp-json\/wp\/v2\/product_tag?post=497"}],"curies":[{"name":"wp","href":"https:\/\/api.w.org\/{rel}","templated":true}]}}