{"id":463,"date":"2022-07-03T17:46:03","date_gmt":"2022-07-03T17:46:03","guid":{"rendered":"http:\/\/gerhman.com\/?post_type=product&#038;p=463"},"modified":"2025-06-03T18:19:40","modified_gmt":"2025-06-03T18:19:40","slug":"x-heat-electric-duct-heater","status":"publish","type":"product","link":"https:\/\/gerhman.com\/tr\/urun\/x-heat-electric-duct-heater\/","title":{"rendered":"X-heat \u2013 elektrikli kanal tipi \u0131s\u0131t\u0131c\u0131"},"content":{"rendered":"<p>X-Heat entegre s\u0131cakl\u0131k kontrol\u00fcne sahip elektrikli kanal \u0131s\u0131t\u0131c\u0131<\/p>\n<p>Entegre bir s\u0131cakl\u0131k kontrol cihaz\u0131 ile donat\u0131lm\u0131\u015ft\u0131r ve neredeyse herhangi bir pozisyonda kanal i\u00e7ine monte edilebilir.<\/p>\n<ul>\n<li>Kolay kurulum<\/li>\n<li>Kolay devreye alma<\/li>\n<li>Minimal boyutlar<\/li>\n<\/ul>\n<p>D\u00fc\u015f\u00fck y\u00fczey s\u0131cakl\u0131\u011f\u0131na sahip y\u00fcksek kaliteli \u00e7elik \u0131s\u0131tma elemanlar\u0131, entegre s\u0131cakl\u0131k kontrol\u00fcne sahip galvanizli \u00e7elik bir kasa i\u00e7inde yer al\u0131r. Otomatik devre kesme \u00f6zelli\u011fine sahiptir; s\u0131cakl\u0131k 50\u00b0C'nin alt\u0131na d\u00fc\u015ft\u00fc\u011f\u00fcnde otomatik olarak s\u0131f\u0131rlan\u0131r, 70\u00b0C'nin \u00fczerine \u00e7\u0131kt\u0131\u011f\u0131nda manuel olarak s\u0131f\u0131rlanmas\u0131 gereken bir g\u00fcvenlik \u00f6zelli\u011fine sahiptir. Ayr\u0131ca bir kanal sens\u00f6r\u00fc ve hava ak\u0131\u015f\u0131 izleyici de i\u00e7erir.<\/p>\n<p>&nbsp;<\/p>","protected":false},"excerpt":{"rendered":"<p>The X-Heat electric duct heater with integrated temperature control. An easy to install solution for all areas where a constant room or air supply temperature is<span class=\"excerpt-hellip\"> [\u2026]<\/span><\/p>\n","protected":false},"featured_media":464,"comment_status":"open","ping_status":"closed","template":"","meta":[],"product_brand":[],"product_cat":[50,36],"product_tag":[83],"class_list":{"0":"post-463","1":"product","2":"type-product","3":"status-publish","4":"has-post-thumbnail","6":"product_cat-duct-type-heaters","7":"product_cat-heating-and-cooling-systems","8":"product_tag-hospitals","10":"first","11":"instock","12":"shipping-taxable","13":"product-type-simple"},"_links":{"self":[{"href":"https:\/\/gerhman.com\/tr\/wp-json\/wp\/v2\/product\/463","targetHints":{"allow":["GET"]}}],"collection":[{"href":"https:\/\/gerhman.com\/tr\/wp-json\/wp\/v2\/product"}],"about":[{"href":"https:\/\/gerhman.com\/tr\/wp-json\/wp\/v2\/types\/product"}],"replies":[{"embeddable":true,"href":"https:\/\/gerhman.com\/tr\/wp-json\/wp\/v2\/comments?post=463"}],"version-history":[{"count":4,"href":"https:\/\/gerhman.com\/tr\/wp-json\/wp\/v2\/product\/463\/revisions"}],"predecessor-version":[{"id":515,"href":"https:\/\/gerhman.com\/tr\/wp-json\/wp\/v2\/product\/463\/revisions\/515"}],"wp:featuredmedia":[{"embeddable":true,"href":"https:\/\/gerhman.com\/tr\/wp-json\/wp\/v2\/media\/464"}],"wp:attachment":[{"href":"https:\/\/gerhman.com\/tr\/wp-json\/wp\/v2\/media?parent=463"}],"wp:term":[{"taxonomy":"product_brand","embeddable":true,"href":"https:\/\/gerhman.com\/tr\/wp-json\/wp\/v2\/product_brand?post=463"},{"taxonomy":"product_cat","embeddable":true,"href":"https:\/\/gerhman.com\/tr\/wp-json\/wp\/v2\/product_cat?post=463"},{"taxonomy":"product_tag","embeddable":true,"href":"https:\/\/gerhman.com\/tr\/wp-json\/wp\/v2\/product_tag?post=463"}],"curies":[{"name":"wp","href":"https:\/\/api.w.org\/{rel}","templated":true}]}}