{"id":450,"date":"2022-07-03T17:14:48","date_gmt":"2022-07-03T17:14:48","guid":{"rendered":"http:\/\/gerhman.com\/?post_type=product&#038;p=450"},"modified":"2026-04-09T22:16:45","modified_gmt":"2026-04-09T22:16:45","slug":"rho-tg-transfer-grille","status":"publish","type":"product","link":"https:\/\/gerhman.com\/tr\/urun\/rho-tg-transfer-grille\/","title":{"rendered":"Rho TG \u2013 transfer menfezi"},"content":{"rendered":"<p>Aluminyum transfer menfezi<\/p>\n<p><strong>\u00d6zellikler<\/strong><\/p>\n<ul>\n<li>Ekstr\u00fczyon y\u00f6ntemiyle \u00fcretilmi\u015f al\u00fcminyum konstr\u00fcksiyon.<\/li>\n<li>Arka plan\u0131 g\u00f6stermez<\/li>\n<li>En iyi g\u00f6r\u00fc\u015f kalitesi ve hava ak\u0131\u015f\u0131 i\u00e7in ters 'V' tipi \u0131zgara kanat.<\/li>\n<li>M\u00fckemmel kap\u0131 ve b\u00f6lme \u00fczeri montaj<\/li>\n<li>Tercihe g\u00f6re RAL kodundan se\u00e7ilen istenilen renkte veya eloksal y\u00fczey ham aluminyum olarak \u00fcretilir<\/li>\n<\/ul>","protected":false},"excerpt":{"rendered":"<p>Aluminum transfer door grille with frame Characteristics Extruded aluminum construction Vision proof Inverted V type grille bar for best vision proof quality and airflow Excellent for<span class=\"excerpt-hellip\"> [\u2026]<\/span><\/p>\n","protected":false},"featured_media":454,"comment_status":"open","ping_status":"closed","template":"","meta":[],"product_brand":[],"product_cat":[24,26],"product_tag":[],"class_list":{"0":"post-450","1":"product","2":"type-product","3":"status-publish","4":"has-post-thumbnail","6":"product_cat-building-ventilation","7":"product_cat-ventilation-grills","9":"first","10":"instock","11":"shipping-taxable","12":"product-type-simple"},"_links":{"self":[{"href":"https:\/\/gerhman.com\/tr\/wp-json\/wp\/v2\/product\/450","targetHints":{"allow":["GET"]}}],"collection":[{"href":"https:\/\/gerhman.com\/tr\/wp-json\/wp\/v2\/product"}],"about":[{"href":"https:\/\/gerhman.com\/tr\/wp-json\/wp\/v2\/types\/product"}],"replies":[{"embeddable":true,"href":"https:\/\/gerhman.com\/tr\/wp-json\/wp\/v2\/comments?post=450"}],"version-history":[{"count":2,"href":"https:\/\/gerhman.com\/tr\/wp-json\/wp\/v2\/product\/450\/revisions"}],"predecessor-version":[{"id":518,"href":"https:\/\/gerhman.com\/tr\/wp-json\/wp\/v2\/product\/450\/revisions\/518"}],"wp:featuredmedia":[{"embeddable":true,"href":"https:\/\/gerhman.com\/tr\/wp-json\/wp\/v2\/media\/454"}],"wp:attachment":[{"href":"https:\/\/gerhman.com\/tr\/wp-json\/wp\/v2\/media?parent=450"}],"wp:term":[{"taxonomy":"product_brand","embeddable":true,"href":"https:\/\/gerhman.com\/tr\/wp-json\/wp\/v2\/product_brand?post=450"},{"taxonomy":"product_cat","embeddable":true,"href":"https:\/\/gerhman.com\/tr\/wp-json\/wp\/v2\/product_cat?post=450"},{"taxonomy":"product_tag","embeddable":true,"href":"https:\/\/gerhman.com\/tr\/wp-json\/wp\/v2\/product_tag?post=450"}],"curies":[{"name":"wp","href":"https:\/\/api.w.org\/{rel}","templated":true}]}}