{"id":447,"date":"2022-07-03T17:08:52","date_gmt":"2022-07-03T17:08:52","guid":{"rendered":"http:\/\/gerhman.com\/?post_type=product&#038;p=447"},"modified":"2026-04-09T22:17:39","modified_gmt":"2026-04-09T22:17:39","slug":"rho-egg-push-access-return-grille","status":"publish","type":"product","link":"https:\/\/gerhman.com\/tr\/urun\/rho-egg-push-access-return-grille\/","title":{"rendered":"Rho Egg Push \u2013 kare petek emi\u015f ve kontrol kapa\u011f\u0131"},"content":{"rendered":"<p>12x12 mm kare petek  menfez, i\u00e7 i\u00e7e ge\u00e7mi\u015f \u00e7ift \u00e7er\u00e7eve ile mente\u015feli ve bas\/a\u00e7 mekanizmal\u0131.<\/p>\n<p><strong>\u00d6zellikler<\/strong><\/p>\n<p>Malzeme: Aluminyum<br \/>\nY\u00fczey Kaplama: anodize al\u00fcminyum, toz boya kaplama.<br \/>\nFiltre: G2 s\u0131n\u0131f (opsiyonel)<br \/>\nMekanizma: bas\/a\u00e7<\/p>","protected":false},"excerpt":{"rendered":"<p>Exhaust egg crate grille 12&#215;12 mm pitch for false ceiling installation, with double frame (internal 15 mm) with hinged opening and push-pull system for easy storage<span class=\"excerpt-hellip\"> [\u2026]<\/span><\/p>\n","protected":false},"featured_media":448,"comment_status":"open","ping_status":"closed","template":"","meta":[],"product_brand":[],"product_cat":[24,26],"product_tag":[],"class_list":{"0":"post-447","1":"product","2":"type-product","3":"status-publish","4":"has-post-thumbnail","6":"product_cat-building-ventilation","7":"product_cat-ventilation-grills","9":"first","10":"instock","11":"shipping-taxable","12":"product-type-simple"},"_links":{"self":[{"href":"https:\/\/gerhman.com\/tr\/wp-json\/wp\/v2\/product\/447","targetHints":{"allow":["GET"]}}],"collection":[{"href":"https:\/\/gerhman.com\/tr\/wp-json\/wp\/v2\/product"}],"about":[{"href":"https:\/\/gerhman.com\/tr\/wp-json\/wp\/v2\/types\/product"}],"replies":[{"embeddable":true,"href":"https:\/\/gerhman.com\/tr\/wp-json\/wp\/v2\/comments?post=447"}],"version-history":[{"count":4,"href":"https:\/\/gerhman.com\/tr\/wp-json\/wp\/v2\/product\/447\/revisions"}],"predecessor-version":[{"id":630,"href":"https:\/\/gerhman.com\/tr\/wp-json\/wp\/v2\/product\/447\/revisions\/630"}],"wp:featuredmedia":[{"embeddable":true,"href":"https:\/\/gerhman.com\/tr\/wp-json\/wp\/v2\/media\/448"}],"wp:attachment":[{"href":"https:\/\/gerhman.com\/tr\/wp-json\/wp\/v2\/media?parent=447"}],"wp:term":[{"taxonomy":"product_brand","embeddable":true,"href":"https:\/\/gerhman.com\/tr\/wp-json\/wp\/v2\/product_brand?post=447"},{"taxonomy":"product_cat","embeddable":true,"href":"https:\/\/gerhman.com\/tr\/wp-json\/wp\/v2\/product_cat?post=447"},{"taxonomy":"product_tag","embeddable":true,"href":"https:\/\/gerhman.com\/tr\/wp-json\/wp\/v2\/product_tag?post=447"}],"curies":[{"name":"wp","href":"https:\/\/api.w.org\/{rel}","templated":true}]}}