{"id":402,"date":"2022-07-03T13:49:13","date_gmt":"2022-07-03T13:49:13","guid":{"rendered":"http:\/\/gerhman.com\/?post_type=product&#038;p=402"},"modified":"2025-08-02T22:19:18","modified_gmt":"2025-08-02T22:19:18","slug":"lineapg-plaster-in-linear-grille","status":"publish","type":"product","link":"https:\/\/gerhman.com\/tr\/urun\/lineapg-plaster-in-linear-grille\/","title":{"rendered":"Linea+PG \u2013 s\u0131va alt\u0131 tip lineer menfez"},"content":{"rendered":"<div class=\"page\" title=\"Page 8\">\n<div class=\"section\">\n<div class=\"layoutArea\">\n<div class=\"column\">\n<p><strong>Projelerinizde daha temiz, daha estetik bir menfez mi ar\u0131yorsunuz?<\/strong><\/p>\n<\/div>\n<div class=\"page\" title=\"Page 8\">\n<div class=\"section\">\n<div class=\"layoutArea\">\n<div class=\"column\">\n<p>Linea+PG \u0131zgaralar\u0131, sizin i\u00e7in ideal bir \u00e7\u00f6z\u00fcm olabilir. Bu uygulaman\u0131n sa\u011flad\u0131\u011f\u0131 d\u00fcz biti\u015f, duvarlar\u0131n\u0131z\u0131n tertemiz g\u00f6r\u00fcnmesini sa\u011flarken ayn\u0131 zamanda inan\u0131lmaz hava ak\u0131\u015f\u0131 ve verimlili\u011fe olanak tan\u0131r. Linea+PG lineer menfezler, standart, d\u00fc\u015f\u00fck b\u00fct\u00e7eli bir g\u00f6r\u00fcn\u00fcmden zaman\u0131n \u00f6tesinde odan\u0131n geri kalan\u0131yla b\u00fct\u00fcnle\u015fen bir tasar\u0131ma d\u00f6n\u00fc\u015ft\u00fcr\u00fcr.<\/p>\n<div class=\"page\" title=\"Page 8\">\n<div class=\"section\">\n<div class=\"layoutArea\">\n<div class=\"column\">\n<p><strong>+PG menfezlerimizi di\u011ferlerinden ay\u0131ran baz\u0131 harika \u00f6zellikler:<\/strong><\/p>\n<div class=\"page\" title=\"Page 8\">\n<div class=\"section\">\n<div class=\"layoutArea\">\n<div class=\"column\">\n<ul>\n<li>S\u0131n\u0131rs\u0131z tasar\u0131m ve uygulama imkani, hatta e\u011fimli y\u00fczeylerde bile m\u00fcmk\u00fcn.<\/li>\n<li>Seviye 5 s\u0131va biti\u015fi elde edin.<\/li>\n<li>H\u0131zl\u0131 montaj i\u00e7in \u00f6nceden delinmi\u015f delikler. Sadece s\u0131va ekleyin ve d\u00fczeltin!<\/li>\n<li>Al\u00fcminyum, bronz veya paslanmaz \u00e7elik se\u00e7enekler.<\/li>\n<\/ul>\n<\/div>\n<\/div>\n<\/div>\n<\/div>\n<\/div>\n<\/div>\n<\/div>\n<\/div>\n<\/div>\n<\/div>\n<\/div>\n<\/div>\n<\/div>\n<\/div>\n<\/div>","protected":false},"excerpt":{"rendered":"<p>Looking for a cleaner, more streamlined grille construction in your project? Linea+PG grilles might be the ideal solution for you. The flush finish provided by this<span class=\"excerpt-hellip\"> [\u2026]<\/span><\/p>\n","protected":false},"featured_media":403,"comment_status":"open","ping_status":"closed","template":"","meta":[],"product_brand":[],"product_cat":[24,26],"product_tag":[77],"class_list":{"0":"post-402","1":"product","2":"type-product","3":"status-publish","4":"has-post-thumbnail","6":"product_cat-building-ventilation","7":"product_cat-ventilation-grills","8":"product_tag-architectural","10":"first","11":"instock","12":"shipping-taxable","13":"product-type-simple"},"_links":{"self":[{"href":"https:\/\/gerhman.com\/tr\/wp-json\/wp\/v2\/product\/402","targetHints":{"allow":["GET"]}}],"collection":[{"href":"https:\/\/gerhman.com\/tr\/wp-json\/wp\/v2\/product"}],"about":[{"href":"https:\/\/gerhman.com\/tr\/wp-json\/wp\/v2\/types\/product"}],"replies":[{"embeddable":true,"href":"https:\/\/gerhman.com\/tr\/wp-json\/wp\/v2\/comments?post=402"}],"version-history":[{"count":3,"href":"https:\/\/gerhman.com\/tr\/wp-json\/wp\/v2\/product\/402\/revisions"}],"predecessor-version":[{"id":526,"href":"https:\/\/gerhman.com\/tr\/wp-json\/wp\/v2\/product\/402\/revisions\/526"}],"wp:featuredmedia":[{"embeddable":true,"href":"https:\/\/gerhman.com\/tr\/wp-json\/wp\/v2\/media\/403"}],"wp:attachment":[{"href":"https:\/\/gerhman.com\/tr\/wp-json\/wp\/v2\/media?parent=402"}],"wp:term":[{"taxonomy":"product_brand","embeddable":true,"href":"https:\/\/gerhman.com\/tr\/wp-json\/wp\/v2\/product_brand?post=402"},{"taxonomy":"product_cat","embeddable":true,"href":"https:\/\/gerhman.com\/tr\/wp-json\/wp\/v2\/product_cat?post=402"},{"taxonomy":"product_tag","embeddable":true,"href":"https:\/\/gerhman.com\/tr\/wp-json\/wp\/v2\/product_tag?post=402"}],"curies":[{"name":"wp","href":"https:\/\/api.w.org\/{rel}","templated":true}]}}