{"id":399,"date":"2022-07-03T13:40:45","date_gmt":"2022-07-03T13:40:45","guid":{"rendered":"http:\/\/gerhman.com\/?post_type=product&#038;p=399"},"modified":"2025-08-02T22:20:21","modified_gmt":"2025-08-02T22:20:21","slug":"linea-linear-grille","status":"publish","type":"product","link":"https:\/\/gerhman.com\/tr\/urun\/linea-linear-grille\/","title":{"rendered":"Linea \u2013 lineer menfez"},"content":{"rendered":"<div class=\"page\" title=\"WBL d\u0131\u015f hava panjurlar\u0131 &#039;Z&#039; form kanat profilleri ile en zor hava \u015fartlar\u0131nda y\u00fcksek performans sergiler.\">\n<div class=\"section\">\n<div class=\"layoutArea\">\n<div class=\"column\">\n<p>LINEA Lineer menfezler, estetik g\u00f6r\u00fcn\u00fcmleri nedeniyle \u0131s\u0131tma, so\u011futma ve havaland\u0131rma sistemlerinde yayg\u0131n olarak tercih edilen \u00fcr\u00fcnlerdir. B\u00fcy\u00fck alanlardaki \u0131s\u0131tma ve so\u011futma i\u00e7in hava kanallar\u0131ndaki besleme veya egzoz menfezleri olarak kullan\u0131labilirler. Ayr\u0131ca, fan coil \u00fcniteleri ve radyat\u00f6rlerin yan\u0131nda ve \u00fcst\u00fcnde en \u00e7ok tercih edilen \u00fcr\u00fcnler aras\u0131ndad\u0131r. Kanatlar aras\u0131ndaki mesafe ve kanatlarda kullan\u0131lan profillerin kal\u0131nl\u0131\u011f\u0131, dayan\u0131kl\u0131 bir yap\u0131 sa\u011flarken estetik g\u00f6r\u00fcn\u00fcm ideal bir havaland\u0131rma ekipman\u0131n\u0131 garanti eder. Lineer bir g\u00f6r\u00fcn\u00fcm gerektiren alanlar i\u00e7in, bir\u00e7ok menfez birle\u015ftirilebilir ve ihtiyaca g\u00f6re uzun menfezler olu\u015fturulabilir.<\/p>\n<\/div>\n<div class=\"page\" title=\"WBL d\u0131\u015f hava panjurlar\u0131 &#039;Z&#039; form kanat profilleri ile en zor hava \u015fartlar\u0131nda y\u00fcksek performans sergiler.\">\n<div class=\"section\">\n<div class=\"layoutArea\">\n<div class=\"column\">\n<p>\u00d6zellikler<\/p>\n<ul>\n<li>Besleme ve egzoz menfezi olarak kullan\u0131l\u0131rlar.<\/li>\n<li>Geni\u015f veya dar \u00e7er\u00e7eve altenatifleri ile \u00fcretilebilirler.<\/li>\n<li>Can be manufactured with or without frames.<\/li>\n<li>Ekstr\u00fczyon al\u00fcminyum profil kullan\u0131l\u0131r.<\/li>\n<li>Kanatlar, \u00fcr\u00fcn tipine g\u00f6re 0\u00b0 veya 15\u00b0 a\u00e7\u0131yla \u00fcretilir.<\/li>\n<li>Anodize edilmi\u015f veya elektrostatik toz kaplama (RAL katalo\u011fundan renk se\u00e7ilebilir) olarak \u00fcretilebilirler.<\/li>\n<li>Hassas kontol ayar\u0131 i\u00e7in paralel veya z\u0131t y\u00f6nl\u00fc damper ile kullan\u0131m<\/li>\n<\/ul>\n<\/div>\n<\/div>\n<\/div>\n<\/div>\n<\/div>\n<\/div>\n<\/div>","protected":false},"excerpt":{"rendered":"<p>LINEA Linear grilles are mostly preferred products that are used in heating, cooling and ventilation systems because of their aesthetic appearance. They can be used as<span class=\"excerpt-hellip\"> [\u2026]<\/span><\/p>\n","protected":false},"featured_media":404,"comment_status":"open","ping_status":"closed","template":"","meta":[],"product_brand":[],"product_cat":[26],"product_tag":[77,67,84],"class_list":{"0":"post-399","1":"product","2":"type-product","3":"status-publish","4":"has-post-thumbnail","6":"product_cat-ventilation-grills","7":"product_tag-architectural","8":"product_tag-hotels","9":"product_tag-residential","11":"first","12":"instock","13":"shipping-taxable","14":"product-type-simple"},"_links":{"self":[{"href":"https:\/\/gerhman.com\/tr\/wp-json\/wp\/v2\/product\/399","targetHints":{"allow":["GET"]}}],"collection":[{"href":"https:\/\/gerhman.com\/tr\/wp-json\/wp\/v2\/product"}],"about":[{"href":"https:\/\/gerhman.com\/tr\/wp-json\/wp\/v2\/types\/product"}],"replies":[{"embeddable":true,"href":"https:\/\/gerhman.com\/tr\/wp-json\/wp\/v2\/comments?post=399"}],"version-history":[{"count":2,"href":"https:\/\/gerhman.com\/tr\/wp-json\/wp\/v2\/product\/399\/revisions"}],"predecessor-version":[{"id":527,"href":"https:\/\/gerhman.com\/tr\/wp-json\/wp\/v2\/product\/399\/revisions\/527"}],"wp:featuredmedia":[{"embeddable":true,"href":"https:\/\/gerhman.com\/tr\/wp-json\/wp\/v2\/media\/404"}],"wp:attachment":[{"href":"https:\/\/gerhman.com\/tr\/wp-json\/wp\/v2\/media?parent=399"}],"wp:term":[{"taxonomy":"product_brand","embeddable":true,"href":"https:\/\/gerhman.com\/tr\/wp-json\/wp\/v2\/product_brand?post=399"},{"taxonomy":"product_cat","embeddable":true,"href":"https:\/\/gerhman.com\/tr\/wp-json\/wp\/v2\/product_cat?post=399"},{"taxonomy":"product_tag","embeddable":true,"href":"https:\/\/gerhman.com\/tr\/wp-json\/wp\/v2\/product_tag?post=399"}],"curies":[{"name":"wp","href":"https:\/\/api.w.org\/{rel}","templated":true}]}}