{"id":395,"date":"2022-07-03T13:30:18","date_gmt":"2022-07-03T13:30:18","guid":{"rendered":"http:\/\/gerhman.com\/?post_type=product&#038;p=395"},"modified":"2025-06-04T06:12:42","modified_gmt":"2025-06-04T06:12:42","slug":"395","status":"publish","type":"product","link":"https:\/\/gerhman.com\/tr\/urun\/395\/","title":{"rendered":"VAV 3000 Grand-S \u2013 de\u011fi\u015fken debi damperi"},"content":{"rendered":"<p>Galvanizli sac \u00e7elikten yap\u0131lm\u0131\u015f Dikd\u00f6rtgen VAV kutusu, elektronik kontrol cihaz\u0131 ve yerle\u015fik fark bas\u0131n\u00e7 sens\u00f6r\u00fc ile donat\u0131lm\u0131\u015ft\u0131r.<\/p>\n<p>&nbsp;<\/p>\n<ul>\n<li>D\u00fc\u015f\u00fck, orta ve y\u00fcksek bas\u0131n\u00e7l\u0131 kurulumlar i\u00e7in.<\/li>\n<li>Hem \u00fcfleme hem de hava egzoz sistemleri i\u00e7in uygundur.<\/li>\n<li>Minimum hava ak\u0131\u015f\u0131 1,5 m\/s h\u0131z\u0131nda belirlenmi\u015ftir<\/li>\n<li>Maksimum hava ak\u0131\u015f\u0131 10 m\/s h\u0131z\u0131nda belirlenmi\u015ftir.<\/li>\n<li>Giri\u015f bas\u0131nc\u0131na ba\u011fl\u0131 veya ba\u011f\u0131ms\u0131zd\u0131r.<\/li>\n<li>D\u00fc\u015f\u00fck bas\u0131n\u00e7 kayb\u0131.<\/li>\n<li>Y\u00fcksek kontrol hassasiyeti.<\/li>\n<\/ul>","protected":false},"excerpt":{"rendered":"<p>Rectangular VAV box (Variable Air Volume) in galvanised sheet steel, equipped with electronic controller and a built-in aluminium pressure differential sensor. &nbsp; For low, medium and<span class=\"excerpt-hellip\"> [\u2026]<\/span><\/p>\n","protected":false},"featured_media":398,"comment_status":"open","ping_status":"closed","template":"","meta":[],"product_brand":[],"product_cat":[41,42,43],"product_tag":[83],"class_list":{"0":"post-395","1":"product","2":"type-product","3":"status-publish","4":"has-post-thumbnail","6":"product_cat-airflow-management","7":"product_cat-control-dampers","8":"product_cat-vavcav-units","9":"product_tag-hospitals","11":"first","12":"instock","13":"shipping-taxable","14":"product-type-simple"},"_links":{"self":[{"href":"https:\/\/gerhman.com\/tr\/wp-json\/wp\/v2\/product\/395","targetHints":{"allow":["GET"]}}],"collection":[{"href":"https:\/\/gerhman.com\/tr\/wp-json\/wp\/v2\/product"}],"about":[{"href":"https:\/\/gerhman.com\/tr\/wp-json\/wp\/v2\/types\/product"}],"replies":[{"embeddable":true,"href":"https:\/\/gerhman.com\/tr\/wp-json\/wp\/v2\/comments?post=395"}],"version-history":[{"count":4,"href":"https:\/\/gerhman.com\/tr\/wp-json\/wp\/v2\/product\/395\/revisions"}],"predecessor-version":[{"id":528,"href":"https:\/\/gerhman.com\/tr\/wp-json\/wp\/v2\/product\/395\/revisions\/528"}],"wp:featuredmedia":[{"embeddable":true,"href":"https:\/\/gerhman.com\/tr\/wp-json\/wp\/v2\/media\/398"}],"wp:attachment":[{"href":"https:\/\/gerhman.com\/tr\/wp-json\/wp\/v2\/media?parent=395"}],"wp:term":[{"taxonomy":"product_brand","embeddable":true,"href":"https:\/\/gerhman.com\/tr\/wp-json\/wp\/v2\/product_brand?post=395"},{"taxonomy":"product_cat","embeddable":true,"href":"https:\/\/gerhman.com\/tr\/wp-json\/wp\/v2\/product_cat?post=395"},{"taxonomy":"product_tag","embeddable":true,"href":"https:\/\/gerhman.com\/tr\/wp-json\/wp\/v2\/product_tag?post=395"}],"curies":[{"name":"wp","href":"https:\/\/api.w.org\/{rel}","templated":true}]}}