{"id":382,"date":"2022-07-03T07:48:49","date_gmt":"2022-07-03T07:48:49","guid":{"rendered":"http:\/\/gerhman.com\/?post_type=product&#038;p=382"},"modified":"2025-06-02T01:27:15","modified_gmt":"2025-06-02T01:27:15","slug":"kappa-slot-diffuser-2","status":"publish","type":"product","link":"https:\/\/gerhman.com\/tr\/urun\/kappa-slot-diffuser-2\/","title":{"rendered":"Kappa \u2013 slot dif\u00fcz\u00f6r"},"content":{"rendered":"<p>Kappa slot dif\u00fcz\u00f6rler, hava da\u011f\u0131t\u0131m performans\u0131n\u0131 sa\u011flayan ve s\u00fcrekli uzunluklar\u0131 gerektiren mimari uygulamalar\u0131 kar\u015f\u0131lamak \u00fczere tasarlanm\u0131\u015ft\u0131r. Bu lineer slot dif\u00fcz\u00f6rler, ekstr\u00fczyon al\u00fcminyumdan \u00fcretilmi\u015f tamamen ayarlanabilir, aerodinamik kanatlara sahiptir ve geni\u015f bir \u00e7er\u00e7eve stili se\u00e7kisinde bulunur. Kappa, m\u00fchendislik m\u00fckemmelli\u011fi ile mimari cazibesinin ideal kombinasyonunu sunar.<\/p>\n<p>Genel Uygulama<\/p>\n<p>Aerodinamik olarak tasarlanm\u0131\u015f kanatlar, d\u00fc\u015f\u00fck hava ak\u0131\u015f h\u0131zlar\u0131nda bile stabiliteyi koruyan s\u0131k\u0131 bir yatay desen sa\u011flar. Mimarl\u0131k uygulamalar\u0131 i\u00e7in m\u00fckemmel olan Kappa, bir dizi hava ak\u0131\u015f\u0131 gereksinimini kar\u015f\u0131lamak i\u00e7in \u00e7ok say\u0131da montaj stili ve farkl\u0131 yuva geni\u015flikleri ve miktarlar\u0131yla sunulur.<\/p>","protected":false},"excerpt":{"rendered":"<p>The Kappa linear slot diffuser is designed to satisfy architectural applications that require continuous lengths without compromising air distribution performance. These linear slot diffusers feature fully<span class=\"excerpt-hellip\"> [\u2026]<\/span><\/p>\n","protected":false},"featured_media":386,"comment_status":"open","ping_status":"closed","template":"","meta":[],"product_brand":[],"product_cat":[32,30,34],"product_tag":[77,82,85,84],"class_list":{"0":"post-382","1":"product","2":"type-product","3":"status-publish","4":"has-post-thumbnail","6":"product_cat-architectural-diffusers","7":"product_cat-ceiling-diffusers","8":"product_cat-slot-diffusers","9":"product_tag-architectural","10":"product_tag-educational","11":"product_tag-office","12":"product_tag-residential","14":"first","15":"instock","16":"shipping-taxable","17":"product-type-simple"},"_links":{"self":[{"href":"https:\/\/gerhman.com\/tr\/wp-json\/wp\/v2\/product\/382","targetHints":{"allow":["GET"]}}],"collection":[{"href":"https:\/\/gerhman.com\/tr\/wp-json\/wp\/v2\/product"}],"about":[{"href":"https:\/\/gerhman.com\/tr\/wp-json\/wp\/v2\/types\/product"}],"replies":[{"embeddable":true,"href":"https:\/\/gerhman.com\/tr\/wp-json\/wp\/v2\/comments?post=382"}],"version-history":[{"count":3,"href":"https:\/\/gerhman.com\/tr\/wp-json\/wp\/v2\/product\/382\/revisions"}],"predecessor-version":[{"id":530,"href":"https:\/\/gerhman.com\/tr\/wp-json\/wp\/v2\/product\/382\/revisions\/530"}],"wp:featuredmedia":[{"embeddable":true,"href":"https:\/\/gerhman.com\/tr\/wp-json\/wp\/v2\/media\/386"}],"wp:attachment":[{"href":"https:\/\/gerhman.com\/tr\/wp-json\/wp\/v2\/media?parent=382"}],"wp:term":[{"taxonomy":"product_brand","embeddable":true,"href":"https:\/\/gerhman.com\/tr\/wp-json\/wp\/v2\/product_brand?post=382"},{"taxonomy":"product_cat","embeddable":true,"href":"https:\/\/gerhman.com\/tr\/wp-json\/wp\/v2\/product_cat?post=382"},{"taxonomy":"product_tag","embeddable":true,"href":"https:\/\/gerhman.com\/tr\/wp-json\/wp\/v2\/product_tag?post=382"}],"curies":[{"name":"wp","href":"https:\/\/api.w.org\/{rel}","templated":true}]}}