{"id":372,"date":"2022-07-02T23:58:18","date_gmt":"2022-07-02T23:58:18","guid":{"rendered":"http:\/\/gerhman.com\/?post_type=product&#038;p=372"},"modified":"2022-08-03T06:21:01","modified_gmt":"2022-08-03T06:21:01","slug":"cav-r-round-constant-flow","status":"publish","type":"product","link":"https:\/\/gerhman.com\/tr\/urun\/cav-r-round-constant-flow\/","title":{"rendered":"CAV-R \u2013 dairesel sabit debi damperi"},"content":{"rendered":"<p>CAV-R  sabit debi kontrol cihazlar\u0131, hava da\u011f\u0131t\u0131m miktar\u0131n\u0131 otomatik olarak kontrol etmek i\u00e7in karma\u015f\u0131k kanal sistemlerinde kullan\u0131l\u0131r.<\/p>\n<p>Avantajlar<\/p>\n<ul>\n<li>\u00c7al\u0131\u015fma aral\u0131\u011f\u0131: 2 - 12 m\/s<\/li>\n<li>\u00c7al\u0131\u015fma bas\u0131nc\u0131: 50 - 1000 Pa<\/li>\n<li>Kullan\u0131c\u0131 taraf\u0131ndan ayarlanabilir set kontrol<\/li>\n<li>Aktuatorl\u00fc kullan\u0131m opsiyonu<\/li>\n<li>EN1751'e g\u00f6re class C0'a uygun<\/li>\n<li>Cihaz, elektrik enerjisi kayna\u011f\u0131 gerektirmez (akt\u00fcat\u00f6rs\u00fcz versiyon i\u00e7in)<\/li>\n<li>Hem \u00fcfleme hem de emi\u015f kanallar\u0131nda kullan\u0131l\u0131r<\/li>\n<li>Hem yatay hem de dikey montajda kullan\u0131l\u0131r.<\/li>\n<li>Ba\u011flant\u0131 contas\u0131 opsiyonel olarak mevcuttur<\/li>\n<li>Yuvarlak veya prizmatik opsiyon<\/li>\n<li>\u00b14% ayar t\u00f6lerans\u0131<\/li>\n<li>\u00c7al\u0131\u015fma s\u0131cakl\u0131\u011f\u0131 10 \u2013 80 \u00b0C<\/li>\n<\/ul>","protected":false},"excerpt":{"rendered":"<p>The volume flow controllers CAV-R are used in complex piping systems for automatically controlling the amount of air distribution. Main Advantages Operating range 2 \u2013 12<span class=\"excerpt-hellip\"> [\u2026]<\/span><\/p>\n","protected":false},"featured_media":375,"comment_status":"open","ping_status":"closed","template":"","meta":[],"product_brand":[],"product_cat":[41,42,43],"product_tag":[],"class_list":{"0":"post-372","1":"product","2":"type-product","3":"status-publish","4":"has-post-thumbnail","6":"product_cat-airflow-management","7":"product_cat-control-dampers","8":"product_cat-vavcav-units","10":"first","11":"instock","12":"shipping-taxable","13":"product-type-simple"},"_links":{"self":[{"href":"https:\/\/gerhman.com\/tr\/wp-json\/wp\/v2\/product\/372","targetHints":{"allow":["GET"]}}],"collection":[{"href":"https:\/\/gerhman.com\/tr\/wp-json\/wp\/v2\/product"}],"about":[{"href":"https:\/\/gerhman.com\/tr\/wp-json\/wp\/v2\/types\/product"}],"replies":[{"embeddable":true,"href":"https:\/\/gerhman.com\/tr\/wp-json\/wp\/v2\/comments?post=372"}],"version-history":[{"count":2,"href":"https:\/\/gerhman.com\/tr\/wp-json\/wp\/v2\/product\/372\/revisions"}],"predecessor-version":[{"id":532,"href":"https:\/\/gerhman.com\/tr\/wp-json\/wp\/v2\/product\/372\/revisions\/532"}],"wp:featuredmedia":[{"embeddable":true,"href":"https:\/\/gerhman.com\/tr\/wp-json\/wp\/v2\/media\/375"}],"wp:attachment":[{"href":"https:\/\/gerhman.com\/tr\/wp-json\/wp\/v2\/media?parent=372"}],"wp:term":[{"taxonomy":"product_brand","embeddable":true,"href":"https:\/\/gerhman.com\/tr\/wp-json\/wp\/v2\/product_brand?post=372"},{"taxonomy":"product_cat","embeddable":true,"href":"https:\/\/gerhman.com\/tr\/wp-json\/wp\/v2\/product_cat?post=372"},{"taxonomy":"product_tag","embeddable":true,"href":"https:\/\/gerhman.com\/tr\/wp-json\/wp\/v2\/product_tag?post=372"}],"curies":[{"name":"wp","href":"https:\/\/api.w.org\/{rel}","templated":true}]}}