{"id":368,"date":"2022-07-02T23:45:03","date_gmt":"2022-07-02T23:45:03","guid":{"rendered":"http:\/\/gerhman.com\/?post_type=product&#038;p=368"},"modified":"2026-03-11T10:15:05","modified_gmt":"2026-03-11T10:15:05","slug":"blue-s-volume-control-damper","status":"publish","type":"product","link":"https:\/\/gerhman.com\/tr\/urun\/blue-s-volume-control-damper\/","title":{"rendered":"Blue-S \u2013 debi kontrol damperi"},"content":{"rendered":"<p>Blue-S debi kontrol damperleri HVAC sistemlerinde hava ve bas\u0131n\u00e7 kontrol\u00fc i\u00e7in kullan\u0131l\u0131r. Galvanizli \u00e7elik levhadan yap\u0131lm\u0131\u015ft\u0131r. Damper manuel olarak \u00e7al\u0131\u015ft\u0131r\u0131labilir veya pozisyon g\u00f6stergesi ile birlikte elektrikli aktuat\u00f6rle (24V veya 230V) kullan\u0131l\u0131r.<\/p>\n<p>Dizayn<\/p>\n<ul>\n<li>Blue-S damperler, sac \u00e7elik g\u00f6vde ve al\u00fcminyum profilden yap\u0131lm\u0131\u015f kanatlardan olu\u015fur.<\/li>\n<li>20-25-30-35 flan\u015f opsiyonu (25 mm flan\u015f standart)<\/li>\n<li>Ekstr\u00fcde al\u00fcminyumdan aerofoil kanatlar<\/li>\n<li>The blades are optionally equipped by rubber gaskets eliminating leakage in closed position.<\/li>\n<li>Z\u0131t kanatl\u0131 \u00e7al\u0131\u015fma<\/li>\n<li>Casing air leakage according to EN1751, class C<\/li>\n<li>-On\/off, h\u0131zl\u0131 tepki veren ve yay d\u00f6n\u00fc\u015fl\u00fc akt\u00fcat\u00f6r se\u00e7enekleri mevcuttur<\/li>\n<li>-Kullan\u0131m: \u0394pmax = 1000 Pa; tmax = 200 \u00b0C<\/li>\n<\/ul>","protected":false},"excerpt":{"rendered":"<p>Volume control dampers type \u2018Blue-S\u2019, are used for air volume and pressure control. They are made out of galvanized steel sheet. Damper gears and bearings are<span class=\"excerpt-hellip\"> [\u2026]<\/span><\/p>\n","protected":false},"featured_media":473,"comment_status":"open","ping_status":"closed","template":"","meta":[],"product_brand":[],"product_cat":[41,42],"product_tag":[],"class_list":{"0":"post-368","1":"product","2":"type-product","3":"status-publish","4":"has-post-thumbnail","6":"product_cat-airflow-management","7":"product_cat-control-dampers","9":"first","10":"instock","11":"shipping-taxable","12":"product-type-simple"},"_links":{"self":[{"href":"https:\/\/gerhman.com\/tr\/wp-json\/wp\/v2\/product\/368","targetHints":{"allow":["GET"]}}],"collection":[{"href":"https:\/\/gerhman.com\/tr\/wp-json\/wp\/v2\/product"}],"about":[{"href":"https:\/\/gerhman.com\/tr\/wp-json\/wp\/v2\/types\/product"}],"replies":[{"embeddable":true,"href":"https:\/\/gerhman.com\/tr\/wp-json\/wp\/v2\/comments?post=368"}],"version-history":[{"count":4,"href":"https:\/\/gerhman.com\/tr\/wp-json\/wp\/v2\/product\/368\/revisions"}],"predecessor-version":[{"id":1365,"href":"https:\/\/gerhman.com\/tr\/wp-json\/wp\/v2\/product\/368\/revisions\/1365"}],"wp:featuredmedia":[{"embeddable":true,"href":"https:\/\/gerhman.com\/tr\/wp-json\/wp\/v2\/media\/473"}],"wp:attachment":[{"href":"https:\/\/gerhman.com\/tr\/wp-json\/wp\/v2\/media?parent=368"}],"wp:term":[{"taxonomy":"product_brand","embeddable":true,"href":"https:\/\/gerhman.com\/tr\/wp-json\/wp\/v2\/product_brand?post=368"},{"taxonomy":"product_cat","embeddable":true,"href":"https:\/\/gerhman.com\/tr\/wp-json\/wp\/v2\/product_cat?post=368"},{"taxonomy":"product_tag","embeddable":true,"href":"https:\/\/gerhman.com\/tr\/wp-json\/wp\/v2\/product_tag?post=368"}],"curies":[{"name":"wp","href":"https:\/\/api.w.org\/{rel}","templated":true}]}}