{"id":362,"date":"2022-07-02T23:08:27","date_gmt":"2022-07-02T23:08:27","guid":{"rendered":"http:\/\/gerhman.com\/?post_type=product&#038;p=362"},"modified":"2025-06-03T07:27:47","modified_gmt":"2025-06-03T07:27:47","slug":"salus-x","status":"publish","type":"product","link":"https:\/\/gerhman.com\/tr\/urun\/salus-x\/","title":{"rendered":"Salus-X \u2013 Hepa\/Ulpa filtre \u00fcniteleri"},"content":{"rendered":"<p>Temiz oda i\u00e7in son filtreleme HEPA\/ULPA filtre \u00fcnitesi.<\/p>\n<p>&nbsp;<\/p>\n<ul>\n<li>Hastaneler, laboratuvarlar  ve temiz odalar i\u00e7in.<\/li>\n<li>Standart ve y\u00fcksek hava ak\u0131\u015f\u0131na sahip H10, H13 ve H14 s\u0131n\u0131f\u0131 HEPA filtreler.<\/li>\n<li>Mikrobiyal b\u00fcy\u00fcmenin \u00f6nlenmesi i\u00e7in  antibakteriyel epoksi-poliester toz boya kaplama.<\/li>\n<li>Filtre bas\u0131n\u00e7 kayb\u0131n\u0131 \u00f6l\u00e7mek i\u00e7in entegre test problu.<\/li>\n<\/ul>\n<p>&nbsp;<\/p>\n<p>&nbsp;<\/p>","protected":false},"excerpt":{"rendered":"<p>Hepa\/Ulpa filter unit\u00a0for ceiling or wall installation for the final filtration of clean room. &nbsp; For Cleanrooms in hospitals and laboratories H10, H13 and H14 class<span class=\"excerpt-hellip\"> [\u2026]<\/span><\/p>\n","protected":false},"featured_media":363,"comment_status":"open","ping_status":"closed","template":"","meta":[],"product_brand":[],"product_cat":[65,40,66],"product_tag":[83],"class_list":{"0":"post-362","1":"product","2":"type-product","3":"status-publish","4":"has-post-thumbnail","6":"product_cat-air-filtration","7":"product_cat-air-filtration-and-clean-room-units","8":"product_cat-clean-room-units","9":"product_tag-hospitals","11":"first","12":"instock","13":"shipping-taxable","14":"product-type-simple"},"_links":{"self":[{"href":"https:\/\/gerhman.com\/tr\/wp-json\/wp\/v2\/product\/362","targetHints":{"allow":["GET"]}}],"collection":[{"href":"https:\/\/gerhman.com\/tr\/wp-json\/wp\/v2\/product"}],"about":[{"href":"https:\/\/gerhman.com\/tr\/wp-json\/wp\/v2\/types\/product"}],"replies":[{"embeddable":true,"href":"https:\/\/gerhman.com\/tr\/wp-json\/wp\/v2\/comments?post=362"}],"version-history":[{"count":6,"href":"https:\/\/gerhman.com\/tr\/wp-json\/wp\/v2\/product\/362\/revisions"}],"predecessor-version":[{"id":995,"href":"https:\/\/gerhman.com\/tr\/wp-json\/wp\/v2\/product\/362\/revisions\/995"}],"wp:featuredmedia":[{"embeddable":true,"href":"https:\/\/gerhman.com\/tr\/wp-json\/wp\/v2\/media\/363"}],"wp:attachment":[{"href":"https:\/\/gerhman.com\/tr\/wp-json\/wp\/v2\/media?parent=362"}],"wp:term":[{"taxonomy":"product_brand","embeddable":true,"href":"https:\/\/gerhman.com\/tr\/wp-json\/wp\/v2\/product_brand?post=362"},{"taxonomy":"product_cat","embeddable":true,"href":"https:\/\/gerhman.com\/tr\/wp-json\/wp\/v2\/product_cat?post=362"},{"taxonomy":"product_tag","embeddable":true,"href":"https:\/\/gerhman.com\/tr\/wp-json\/wp\/v2\/product_tag?post=362"}],"curies":[{"name":"wp","href":"https:\/\/api.w.org\/{rel}","templated":true}]}}