{"id":356,"date":"2022-07-02T22:17:54","date_gmt":"2022-07-02T22:17:54","guid":{"rendered":"http:\/\/gerhman.com\/?post_type=product&#038;p=356"},"modified":"2025-12-17T22:28:42","modified_gmt":"2025-12-17T22:28:42","slug":"hertz","status":"publish","type":"product","link":"https:\/\/gerhman.com\/tr\/urun\/hertz\/","title":{"rendered":"Hertz \u2013 kanal tipi susturucu"},"content":{"rendered":"<p>Hertz Kanal Susturucular, havaland\u0131rma sistemlerinde i\u00e7inde ta\u015f\u0131nan g\u00fcr\u00fclt\u00fcy\u00fc azaltmak i\u00e7in kullan\u0131lan bir bile\u015fendir. Kanal susturucular\u0131 ayn\u0131 zamanda ses azalt\u0131c\u0131lar, ses tuza\u011f\u0131 veya susturucular olarak da adland\u0131r\u0131l\u0131r. Binalardaki, kabinlerdeki veya ekipman odalar\u0131ndaki kanallardaki ve a\u00e7\u0131kl\u0131klardaki hava yolu g\u00fcr\u00fclt\u00fcs\u00fcn\u00fc kontrol eder, azalt\u0131r veya s\u0131n\u0131rlar.<\/p>\n<div class=\"page\" title=\"WBL d\u0131\u015f hava panjurlar\u0131 &#039;Z&#039; form kanat profilleri ile en zor hava \u015fartlar\u0131nda y\u00fcksek performans sergiler.\">\n<div class=\"layoutArea\">\n<div class=\"column\">\n<p>Gerhman, geni\u015f yelpazede bulunan kanal susturucular\u0131n\u0131 \/ ses azalt\u0131c\u0131lar\u0131 sistem \u00e7\u00f6z\u00fcm\u00fcne entegre etmek i\u00e7in tasar\u0131m ve m\u00fchendislik yard\u0131m\u0131 sunar. Sonu\u00e7 olarak, her uygulaman\u0131n gereksinimlerini kar\u015f\u0131layacak \u015fekilde tasarlanm\u0131\u015f bir dizi \u00f6zel olarak \u00fcretilmi\u015f kanal susturucusu se\u00e7ene\u011finden se\u00e7im yapabilirsiniz.<\/p>\n<div class=\"page\" title=\"WBL d\u0131\u015f hava panjurlar\u0131 &#039;Z&#039; form kanat profilleri ile en zor hava \u015fartlar\u0131nda y\u00fcksek performans sergiler.\">\n<div class=\"section\">\n<div class=\"layoutArea\">\n<div class=\"column\">\n<p><strong>Genel uygulamalar<\/strong><\/p>\n<ul>\n<li>Hava Kanal Sistemi<\/li>\n<li>Fan At\u0131\u015f ve Emi\u015f A\u011fz\u0131<\/li>\n<li>Klima Santralleri<\/li>\n<li>So\u011futma Kuleleri<\/li>\n<li>Jenarat\u00f6r ve Mekanik Odalar<\/li>\n<\/ul>\n<div class=\"page\" title=\"Page 4\">\n<div class=\"layoutArea\">\n<div class=\"column\">\n<p><strong>Dizayn<\/strong><\/p>\n<\/div>\n<div class=\"page\" title=\"Page 4\">\n<div class=\"layoutArea\">\n<div class=\"column\">\n<ul>\n<li>Y\u00fcksek Kalite Galvaniz g\u00f6vde<\/li>\n<li>D\u00fc\u015f\u00fck hava direnci i\u00e7in tasarlanm\u0131\u015f, \u00f6zellikle d\u00fc\u015f\u00fck frekansta g\u00fcr\u00fclt\u00fcy\u00fc iyi \u015fekilde azaltan baffle kombinasyonlar\u0131na sahiptir.\"<\/li>\n<li>Yal\u0131t\u0131m malzemesi, iyi ses \u00f6zellikleri, d\u00fc\u015f\u00fck a\u011f\u0131rl\u0131k ve temizlenebilir olmas\u0131 i\u00e7in geli\u015ftirilmi\u015ftir.<\/li>\n<li>EN 1507:2006'ya g\u00f6re hava s\u0131zd\u0131rmazl\u0131k s\u0131n\u0131f\u0131 C ve bas\u0131n\u00e7 s\u0131n\u0131f\u0131 2.<\/li>\n<li>ISO 7235'e g\u00f6re test edilmi\u015ftir.<\/li>\n<\/ul>\n<\/div>\n<\/div>\n<\/div>\n<\/div>\n<\/div>\n<\/div>\n<\/div>\n<\/div>\n<\/div>\n<\/div>\n<\/div>\n<\/div>","protected":false},"excerpt":{"rendered":"<p>Hertz Duct Silencers is a component of ventilation system used to\u00a0reduce noise\u00a0transmitted inside ventilation ductwork. Duct silencers are also referred to as\u00a0sound attenuators, sound traps or<span class=\"excerpt-hellip\"> [\u2026]<\/span><\/p>\n","protected":false},"featured_media":357,"comment_status":"open","ping_status":"closed","template":"","meta":[],"product_brand":[],"product_cat":[38,57,59],"product_tag":[],"class_list":{"0":"post-356","1":"product","2":"type-product","3":"status-publish","4":"has-post-thumbnail","6":"product_cat-acoustics","7":"product_cat-airflow-attenuation","8":"product_cat-duct-silencers","10":"first","11":"instock","12":"shipping-taxable","13":"product-type-simple"},"_links":{"self":[{"href":"https:\/\/gerhman.com\/tr\/wp-json\/wp\/v2\/product\/356","targetHints":{"allow":["GET"]}}],"collection":[{"href":"https:\/\/gerhman.com\/tr\/wp-json\/wp\/v2\/product"}],"about":[{"href":"https:\/\/gerhman.com\/tr\/wp-json\/wp\/v2\/types\/product"}],"replies":[{"embeddable":true,"href":"https:\/\/gerhman.com\/tr\/wp-json\/wp\/v2\/comments?post=356"}],"version-history":[{"count":5,"href":"https:\/\/gerhman.com\/tr\/wp-json\/wp\/v2\/product\/356\/revisions"}],"predecessor-version":[{"id":535,"href":"https:\/\/gerhman.com\/tr\/wp-json\/wp\/v2\/product\/356\/revisions\/535"}],"wp:featuredmedia":[{"embeddable":true,"href":"https:\/\/gerhman.com\/tr\/wp-json\/wp\/v2\/media\/357"}],"wp:attachment":[{"href":"https:\/\/gerhman.com\/tr\/wp-json\/wp\/v2\/media?parent=356"}],"wp:term":[{"taxonomy":"product_brand","embeddable":true,"href":"https:\/\/gerhman.com\/tr\/wp-json\/wp\/v2\/product_brand?post=356"},{"taxonomy":"product_cat","embeddable":true,"href":"https:\/\/gerhman.com\/tr\/wp-json\/wp\/v2\/product_cat?post=356"},{"taxonomy":"product_tag","embeddable":true,"href":"https:\/\/gerhman.com\/tr\/wp-json\/wp\/v2\/product_tag?post=356"}],"curies":[{"name":"wp","href":"https:\/\/api.w.org\/{rel}","templated":true}]}}