{"id":352,"date":"2022-07-02T22:07:47","date_gmt":"2022-07-02T22:07:47","guid":{"rendered":"http:\/\/gerhman.com\/?post_type=product&#038;p=352"},"modified":"2025-03-14T11:15:45","modified_gmt":"2025-03-14T11:15:45","slug":"hertz-elbow","status":"publish","type":"product","link":"https:\/\/gerhman.com\/tr\/urun\/hertz-elbow\/","title":{"rendered":"Hertz Elbow \u2013 dirsek tip susturucu"},"content":{"rendered":"<div class=\"page\" title=\"WBL d\u0131\u015f hava panjurlar\u0131 &#039;Z&#039; form kanat profilleri ile en zor hava \u015fartlar\u0131nda y\u00fcksek performans sergiler.\">\n<div class=\"section\">\n<div class=\"layoutArea\">\n<div class=\"column\">\n<p>Dikd\u00f6rtgen dirsek susturucular, kanal i\u015flerinde k\u0131sa mesafelerde istenmeyen g\u00fcr\u00fclt\u00fcye \u00e7\u00f6z\u00fcm sa\u011flamak \u00fczere tasarlanm\u0131\u015ft\u0131r; ayr\u0131ca 90\u00b0 b\u00fck\u00fcm taraf\u0131ndan sa\u011flanan geli\u015fmi\u015f orta frekans ekleme kayb\u0131 avantaj\u0131na sahiptir. D\u00fc\u015f\u00fck ila orta h\u0131z uygulamalar i\u00e7in ideal olan Hertz Elbox, hedeflenen frekans aral\u0131\u011f\u0131nda y\u00fcksek d\u00fczeyde s\u00f6n\u00fcmleme sa\u011flar ve statik kazanc\u0131 m\u00fcmk\u00fcn k\u0131lmak ve bas\u0131n\u00e7 d\u00fc\u015f\u00fc\u015f\u00fcn\u00fc en aza indirmek i\u00e7in konik kulis dizayn\u0131ndan yararlan\u0131r.<\/p>\n<div class=\"page\" title=\"WBL d\u0131\u015f hava panjurlar\u0131 &#039;Z&#039; form kanat profilleri ile en zor hava \u015fartlar\u0131nda y\u00fcksek performans sergiler.\">\n<div class=\"layoutArea\">\n<div class=\"column\">\n<ul>\n<li>Kompakt Tasar\u0131m<\/li>\n<li>M\u00fckemmel geni\u015f bant performans\u0131<\/li>\n<li>Geni\u015f konfig\u00fcrasyon \u00e7e\u015fitlili\u011fi<\/li>\n<li>Akustik kaplamal\u0131 kulisler<\/li>\n<li>Akustik kulis dolgusu<\/li>\n<\/ul>\n<div class=\"page\" title=\"WBL d\u0131\u015f hava panjurlar\u0131 &#039;Z&#039; form kanat profilleri ile en zor hava \u015fartlar\u0131nda y\u00fcksek performans sergiler.\">\n<div class=\"layoutArea\">\n<div class=\"column\">\n<p><strong>\u00d6zellikler<\/strong><\/p>\n<ul>\n<li>T\u00fcm sekiz oktav bant\u0131nda akustik s\u00f6n\u00fcmleme<\/li>\n<li>Mod\u00fcler \u00fcretim ile daha b\u00fcy\u00fck boyutlar<\/li>\n<li>D\u00fc\u015f\u00fck sistem etkileri i\u00e7in aerodinamik tasar\u0131m<\/li>\n<\/ul>\n<\/div>\n<\/div>\n<\/div>\n<\/div>\n<\/div>\n<\/div>\n<\/div>\n<\/div>\n<\/div>\n<\/div>","protected":false},"excerpt":{"rendered":"<p>Rectangular elbow silencers are designed to provide a solution to undesirable noise in short runs of ductwork, with the additional benefit of improved mid frequency insertion<span class=\"excerpt-hellip\"> [\u2026]<\/span><\/p>\n","protected":false},"featured_media":353,"comment_status":"open","ping_status":"closed","template":"","meta":[],"product_brand":[],"product_cat":[59],"product_tag":[],"class_list":{"0":"post-352","1":"product","2":"type-product","3":"status-publish","4":"has-post-thumbnail","6":"product_cat-duct-silencers","8":"first","9":"instock","10":"shipping-taxable","11":"product-type-simple"},"_links":{"self":[{"href":"https:\/\/gerhman.com\/tr\/wp-json\/wp\/v2\/product\/352","targetHints":{"allow":["GET"]}}],"collection":[{"href":"https:\/\/gerhman.com\/tr\/wp-json\/wp\/v2\/product"}],"about":[{"href":"https:\/\/gerhman.com\/tr\/wp-json\/wp\/v2\/types\/product"}],"replies":[{"embeddable":true,"href":"https:\/\/gerhman.com\/tr\/wp-json\/wp\/v2\/comments?post=352"}],"version-history":[{"count":6,"href":"https:\/\/gerhman.com\/tr\/wp-json\/wp\/v2\/product\/352\/revisions"}],"predecessor-version":[{"id":536,"href":"https:\/\/gerhman.com\/tr\/wp-json\/wp\/v2\/product\/352\/revisions\/536"}],"wp:featuredmedia":[{"embeddable":true,"href":"https:\/\/gerhman.com\/tr\/wp-json\/wp\/v2\/media\/353"}],"wp:attachment":[{"href":"https:\/\/gerhman.com\/tr\/wp-json\/wp\/v2\/media?parent=352"}],"wp:term":[{"taxonomy":"product_brand","embeddable":true,"href":"https:\/\/gerhman.com\/tr\/wp-json\/wp\/v2\/product_brand?post=352"},{"taxonomy":"product_cat","embeddable":true,"href":"https:\/\/gerhman.com\/tr\/wp-json\/wp\/v2\/product_cat?post=352"},{"taxonomy":"product_tag","embeddable":true,"href":"https:\/\/gerhman.com\/tr\/wp-json\/wp\/v2\/product_tag?post=352"}],"curies":[{"name":"wp","href":"https:\/\/api.w.org\/{rel}","templated":true}]}}