{"id":1279,"date":"2025-09-30T20:16:09","date_gmt":"2025-09-30T20:16:09","guid":{"rendered":"https:\/\/gerhman.com\/?post_type=product&#038;p=1279"},"modified":"2025-09-30T20:20:15","modified_gmt":"2025-09-30T20:20:15","slug":"pan","status":"publish","type":"product","link":"https:\/\/gerhman.com\/tr\/urun\/pan\/","title":{"rendered":"Pan &#8211; disc valve"},"content":{"rendered":"<div class=\"page\" title=\"WBL d\u0131\u015f hava panjurlar\u0131 &#039;Z&#039; form kanat profilleri ile en zor hava \u015fartlar\u0131nda y\u00fcksek performans sergiler.\">\n<div class=\"section\">\n<div class=\"layoutArea\">\n<div class=\"column\">\n<p>Pan disc valves are used as an alternative to ceiling diffuser. They are most commonly used for the purpose of ventilation. The air flow through the disk valve can be adjusted by rotating the disc clockwise or anticlockwise. The rotation changes the free area between the disc and the frame. Disc valves are preferred by many architects and building owners for toilets, bathrooms and ventilation in damp areas due to its simplistic yet aesthetic appearance.<\/p>\n<\/div>\n<div class=\"page\" title=\"WBL d\u0131\u015f hava panjurlar\u0131 &#039;Z&#039; form kanat profilleri ile en zor hava \u015fartlar\u0131nda y\u00fcksek performans sergiler.\">\n<div class=\"section\">\n<div class=\"layoutArea\">\n<div class=\"column\">\n<p><strong>Tan\u0131m<\/strong><\/p>\n<ul>\n<li>\u00c7er\u00e7eve ve disk, y\u00fcksek kaliteli galvanizli \u00e7elik levha yap\u0131s\u0131yla \u00fcretilmi\u015f ve RAL renklerine uygun olarak toz boya ile kaplanm\u0131\u015ft\u0131r.<\/li>\n<li>Minimal \u00e7er\u00e7eve tasar\u0131m\u0131<\/li>\n<li>Hava ak\u0131\u015f\u0131, yukar\u0131 veya a\u015fa\u011f\u0131 y\u00f6nde d\u00fczenlenerek ayarlanabilir (+A veya -A).<\/li>\n<li>Hava ka\u00e7a\u011f\u0131n\u0131 \u00f6nlemek i\u00e7in contal\u0131 kasa<\/li>\n<li>Bu valfler, besleme, egzoz ve havaland\u0131rma uygulamalar\u0131nda kullan\u0131labilir.<\/li>\n<li>Montaj kasalar\u0131 ile duvara, tavana veya a\u00e7\u0131k hava kanallar\u0131na monte edilebilir.<\/li>\n<li>Nemli alanlardaki tuvaletler, banyolar ve mutfaklar gibi yerlerde ya\u011fl\u0131 ve nemli havan\u0131n tahliyesi i\u00e7in \u00f6nerilir.<\/li>\n<\/ul>\n<\/div>\n<\/div>\n<\/div>\n<\/div>\n<\/div>\n<\/div>\n<\/div>","protected":false},"excerpt":{"rendered":"<p>Pan disc valves are used as an alternative to ceiling diffuser. They are most commonly used for the purpose of ventilation. The air flow through the<span class=\"excerpt-hellip\"> [\u2026]<\/span><\/p>\n","protected":false},"featured_media":1280,"comment_status":"open","ping_status":"closed","template":"","meta":[],"product_brand":[],"product_cat":[24,27,28],"product_tag":[],"class_list":{"0":"post-1279","1":"product","2":"type-product","3":"status-publish","4":"has-post-thumbnail","6":"product_cat-building-ventilation","7":"product_cat-ventilation-diffusers","8":"product_cat-ventilation-valves","10":"first","11":"instock","12":"shipping-taxable","13":"product-type-simple"},"_links":{"self":[{"href":"https:\/\/gerhman.com\/tr\/wp-json\/wp\/v2\/product\/1279","targetHints":{"allow":["GET"]}}],"collection":[{"href":"https:\/\/gerhman.com\/tr\/wp-json\/wp\/v2\/product"}],"about":[{"href":"https:\/\/gerhman.com\/tr\/wp-json\/wp\/v2\/types\/product"}],"replies":[{"embeddable":true,"href":"https:\/\/gerhman.com\/tr\/wp-json\/wp\/v2\/comments?post=1279"}],"version-history":[{"count":1,"href":"https:\/\/gerhman.com\/tr\/wp-json\/wp\/v2\/product\/1279\/revisions"}],"predecessor-version":[{"id":1281,"href":"https:\/\/gerhman.com\/tr\/wp-json\/wp\/v2\/product\/1279\/revisions\/1281"}],"wp:featuredmedia":[{"embeddable":true,"href":"https:\/\/gerhman.com\/tr\/wp-json\/wp\/v2\/media\/1280"}],"wp:attachment":[{"href":"https:\/\/gerhman.com\/tr\/wp-json\/wp\/v2\/media?parent=1279"}],"wp:term":[{"taxonomy":"product_brand","embeddable":true,"href":"https:\/\/gerhman.com\/tr\/wp-json\/wp\/v2\/product_brand?post=1279"},{"taxonomy":"product_cat","embeddable":true,"href":"https:\/\/gerhman.com\/tr\/wp-json\/wp\/v2\/product_cat?post=1279"},{"taxonomy":"product_tag","embeddable":true,"href":"https:\/\/gerhman.com\/tr\/wp-json\/wp\/v2\/product_tag?post=1279"}],"curies":[{"name":"wp","href":"https:\/\/api.w.org\/{rel}","templated":true}]}}