{"id":1159,"date":"2025-01-13T23:54:28","date_gmt":"2025-01-13T23:54:28","guid":{"rendered":"https:\/\/gerhman.com\/?post_type=product&#038;p=1159"},"modified":"2025-05-30T20:58:24","modified_gmt":"2025-05-30T20:58:24","slug":"kappa-04-slot-diffuser","status":"publish","type":"product","link":"https:\/\/gerhman.com\/tr\/urun\/kappa-04-slot-diffuser\/","title":{"rendered":"Kappa 04 &#8211; slot diffuser"},"content":{"rendered":"<div class=\"page\" title=\"Page 4\">\n<div class=\"section\">\n<div class=\"layoutArea\">\n<div class=\"column\">\n<p>Created for Architects and Interior Designers, slot diffusers are integrated seamlessly within the interior architecture. Installed directly into drywall or acoustical ceilings, these innovative air outlets give architects creative freedom by eliminating ugly air registers and vents. Minimal and sublime, Kappa-04 is as discreet as it gets. It blends seamlessly into any ceiling or wall for a clean, modern look that complements the surrounding architecture.<\/p>\n<\/div>\n<div class=\"page\" title=\"Page 4\">\n<div class=\"section\">\n<div class=\"layoutArea\">\n<div class=\"column\">\n<p><strong>Genel Uygulama<\/strong><\/p>\n<p>Aerodynamically designed blades provide a tight horizontal pattern that maintains stability even at low airflow rates. Excellent for architectural applications, the Kappa-04 has many mounting styles and is available with multiple slot widths and quantities to meet a range of airflow requirements.<\/p>\n<p><strong>\u00d6zellikler<\/strong><\/p>\n<ul>\n<li>Frameless and with frame, flush mount installation<\/li>\n<li>Hem \u00dcFLEME hem de EGZOZ i\u00e7in kullan\u0131l\u0131r.<\/li>\n<li>Al\u00e7\u0131pan, akustik, karo veya \u00f6zel sistem tavanlar ve duvarlar i\u00e7in uygundur.<\/li>\n<li>Her uzunluk ve yuva a\u00e7\u0131kl\u0131\u011f\u0131nda mevcuttur.<\/li>\n<li>E\u011frisel \u00fcretim imkan\u0131<\/li>\n<li>D\u00fc\u015f\u00fck ses seviyesi<\/li>\n<li>Kolay kurulum<\/li>\n<\/ul>\n<\/div>\n<\/div>\n<\/div>\n<\/div>\n<\/div>\n<\/div>\n<\/div>","protected":false},"excerpt":{"rendered":"<p>Created for Architects and Interior Designers, slot diffusers are integrated seamlessly within the interior architecture. Installed directly into drywall or acoustical ceilings, these innovative air outlets<span class=\"excerpt-hellip\"> [\u2026]<\/span><\/p>\n","protected":false},"featured_media":1160,"comment_status":"open","ping_status":"closed","template":"","meta":[],"product_brand":[],"product_cat":[32,30,34,27,29],"product_tag":[77],"class_list":{"0":"post-1159","1":"product","2":"type-product","3":"status-publish","4":"has-post-thumbnail","6":"product_cat-architectural-diffusers","7":"product_cat-ceiling-diffusers","8":"product_cat-slot-diffusers","9":"product_cat-ventilation-diffusers","10":"product_cat-wall-diffusers","11":"product_tag-architectural","13":"first","14":"instock","15":"shipping-taxable","16":"product-type-simple"},"_links":{"self":[{"href":"https:\/\/gerhman.com\/tr\/wp-json\/wp\/v2\/product\/1159","targetHints":{"allow":["GET"]}}],"collection":[{"href":"https:\/\/gerhman.com\/tr\/wp-json\/wp\/v2\/product"}],"about":[{"href":"https:\/\/gerhman.com\/tr\/wp-json\/wp\/v2\/types\/product"}],"replies":[{"embeddable":true,"href":"https:\/\/gerhman.com\/tr\/wp-json\/wp\/v2\/comments?post=1159"}],"version-history":[{"count":0,"href":"https:\/\/gerhman.com\/tr\/wp-json\/wp\/v2\/product\/1159\/revisions"}],"wp:featuredmedia":[{"embeddable":true,"href":"https:\/\/gerhman.com\/tr\/wp-json\/wp\/v2\/media\/1160"}],"wp:attachment":[{"href":"https:\/\/gerhman.com\/tr\/wp-json\/wp\/v2\/media?parent=1159"}],"wp:term":[{"taxonomy":"product_brand","embeddable":true,"href":"https:\/\/gerhman.com\/tr\/wp-json\/wp\/v2\/product_brand?post=1159"},{"taxonomy":"product_cat","embeddable":true,"href":"https:\/\/gerhman.com\/tr\/wp-json\/wp\/v2\/product_cat?post=1159"},{"taxonomy":"product_tag","embeddable":true,"href":"https:\/\/gerhman.com\/tr\/wp-json\/wp\/v2\/product_tag?post=1159"}],"curies":[{"name":"wp","href":"https:\/\/api.w.org\/{rel}","templated":true}]}}