{"id":1063,"date":"2024-01-11T20:54:28","date_gmt":"2024-01-11T20:54:28","guid":{"rendered":"https:\/\/gerhman.com\/?post_type=product&#038;p=1063"},"modified":"2024-01-11T20:59:43","modified_gmt":"2024-01-11T20:59:43","slug":"cal-access-door-for-round-ducts","status":"publish","type":"product","link":"https:\/\/gerhman.com\/tr\/urun\/cal-access-door-for-round-ducts\/","title":{"rendered":"CAL - yuvarlak kanal kontrol kapa\u011f\u0131"},"content":{"rendered":"<div class=\"page\" title=\"WBL d\u0131\u015f hava panjurlar\u0131 &#039;Z&#039; form kanat profilleri ile en zor hava \u015fartlar\u0131nda y\u00fcksek performans sergiler.\">\n<div class=\"section\">\n<div class=\"layoutArea\">\n<div class=\"column\">\n<p><strong>CAL<\/strong> Yuvarlak kanal i\u00e7in kontrol kapaklar\u0131, birbirlerine iki vida, yay ve mekanizma ile ba\u011fl\u0131 olan iki panelden olu\u015fmaktad\u0131r.<\/p>\n<\/div>\n<\/div>\n<\/div>\n<\/div>\n<div class=\"page\" title=\"WBL d\u0131\u015f hava panjurlar\u0131 &#039;Z&#039; form kanat profilleri ile en zor hava \u015fartlar\u0131nda y\u00fcksek performans sergiler.\">\n<div class=\"section\">\n<div class=\"layoutArea\">\n<div class=\"column\">\n<p><strong>Uygulama<\/strong><\/p>\n<ul>\n<li>Hava s\u0131zd\u0131rmaz s\u0131k\u0131 conta<\/li>\n<li>\u00c7\u0131kar\u0131labilir m\u00fcdahale paneli<\/li>\n<li>\u0130zoleli ve izolesiz, s\u0131zd\u0131rmaz yuvarlak kanallar i\u00e7in m\u00fcdahale kapa\u011f\u0131\n<p>round ducts<\/li>\n<li>Hava kanallar\u0131na kolay eri\u015fim<\/li>\n<\/ul>\n<p>&nbsp;<\/p>\n<\/div>\n<\/div>\n<\/div>\n<\/div>","protected":false},"excerpt":{"rendered":"<p>CAL access doors for round ducting consist of two panels connected between themselves with two screws, springs and knobs. Application Assures a tight seal without obstruction<span class=\"excerpt-hellip\"> [\u2026]<\/span><\/p>\n","protected":false},"featured_media":1064,"comment_status":"open","ping_status":"closed","template":"","meta":[],"product_brand":[],"product_cat":[39],"product_tag":[],"class_list":{"0":"post-1063","1":"product","2":"type-product","3":"status-publish","4":"has-post-thumbnail","6":"product_cat-system-technology","8":"first","9":"instock","10":"shipping-taxable","11":"product-type-simple"},"_links":{"self":[{"href":"https:\/\/gerhman.com\/tr\/wp-json\/wp\/v2\/product\/1063","targetHints":{"allow":["GET"]}}],"collection":[{"href":"https:\/\/gerhman.com\/tr\/wp-json\/wp\/v2\/product"}],"about":[{"href":"https:\/\/gerhman.com\/tr\/wp-json\/wp\/v2\/types\/product"}],"replies":[{"embeddable":true,"href":"https:\/\/gerhman.com\/tr\/wp-json\/wp\/v2\/comments?post=1063"}],"version-history":[{"count":1,"href":"https:\/\/gerhman.com\/tr\/wp-json\/wp\/v2\/product\/1063\/revisions"}],"predecessor-version":[{"id":1066,"href":"https:\/\/gerhman.com\/tr\/wp-json\/wp\/v2\/product\/1063\/revisions\/1066"}],"wp:featuredmedia":[{"embeddable":true,"href":"https:\/\/gerhman.com\/tr\/wp-json\/wp\/v2\/media\/1064"}],"wp:attachment":[{"href":"https:\/\/gerhman.com\/tr\/wp-json\/wp\/v2\/media?parent=1063"}],"wp:term":[{"taxonomy":"product_brand","embeddable":true,"href":"https:\/\/gerhman.com\/tr\/wp-json\/wp\/v2\/product_brand?post=1063"},{"taxonomy":"product_cat","embeddable":true,"href":"https:\/\/gerhman.com\/tr\/wp-json\/wp\/v2\/product_cat?post=1063"},{"taxonomy":"product_tag","embeddable":true,"href":"https:\/\/gerhman.com\/tr\/wp-json\/wp\/v2\/product_tag?post=1063"}],"curies":[{"name":"wp","href":"https:\/\/api.w.org\/{rel}","templated":true}]}}