{"id":1039,"date":"2023-12-03T20:40:45","date_gmt":"2023-12-03T20:40:45","guid":{"rendered":"https:\/\/gerhman.com\/?post_type=product&#038;p=1039"},"modified":"2025-08-02T13:03:58","modified_gmt":"2025-08-02T13:03:58","slug":"altus-high-induction-ceiling-diffuser","status":"publish","type":"product","link":"https:\/\/gerhman.com\/tr\/urun\/altus-high-induction-ceiling-diffuser\/","title":{"rendered":"Altus &#8211; high induction ceiling diffuser"},"content":{"rendered":"<div>\n<p>The ALTUS long throw Swirl Diffuser represents a distinctive outlet systemdesigned to induce high primary airflow within the plenum box. It integrates an adaptable mechanism for modifying the air flow&#8217;s structure. Its core constituentsconsist of a circular or square plenum box housing an internal cylindrical swirlelement, accompanied by an adjustable deflection vane serving as a controlnozzle, culminating in a rounded outlet diffuser. It&#8217;s essential to note that the swirldiffuser is solely compatible when paired with a plenum box. Altus is manufactured in diverse configurations and surface finishes, tailored to meetvarious constructional and technical criteria and necessities.<\/p>\n<\/div>\n<div class=\"page\" title=\"WBL d\u0131\u015f hava panjurlar\u0131 &#039;Z&#039; form kanat profilleri ile en zor hava \u015fartlar\u0131nda y\u00fcksek performans sergiler.\">\n<div class=\"section\">\n<div class=\"layoutArea\">\n<div class=\"column\">\n<ul>\n<li>Maksimum tavan y\u00fcksekli\u011fi 3-15 m olan alanlar i\u00e7in \u00f6nerilir.<\/li>\n<li>Y\u00fcksek \u00fcfleme debileri i\u00e7in uygundur<\/li>\n<li>Manuel veya motorlu kontrol<\/li>\n<\/ul>\n<\/div>\n<\/div>\n<\/div>\n<\/div>","protected":false},"excerpt":{"rendered":"<p>The ALTUS long throw Swirl Diffuser represents a distinctive outlet systemdesigned to induce high primary airflow within the plenum box. It integrates an adaptable mechanism for<span class=\"excerpt-hellip\"> [\u2026]<\/span><\/p>\n","protected":false},"featured_media":1041,"comment_status":"open","ping_status":"closed","template":"","meta":[],"product_brand":[],"product_cat":[24,30,27],"product_tag":[],"class_list":{"0":"post-1039","1":"product","2":"type-product","3":"status-publish","4":"has-post-thumbnail","6":"product_cat-building-ventilation","7":"product_cat-ceiling-diffusers","8":"product_cat-ventilation-diffusers","10":"first","11":"instock","12":"shipping-taxable","13":"product-type-simple"},"_links":{"self":[{"href":"https:\/\/gerhman.com\/tr\/wp-json\/wp\/v2\/product\/1039","targetHints":{"allow":["GET"]}}],"collection":[{"href":"https:\/\/gerhman.com\/tr\/wp-json\/wp\/v2\/product"}],"about":[{"href":"https:\/\/gerhman.com\/tr\/wp-json\/wp\/v2\/types\/product"}],"replies":[{"embeddable":true,"href":"https:\/\/gerhman.com\/tr\/wp-json\/wp\/v2\/comments?post=1039"}],"version-history":[{"count":1,"href":"https:\/\/gerhman.com\/tr\/wp-json\/wp\/v2\/product\/1039\/revisions"}],"predecessor-version":[{"id":1042,"href":"https:\/\/gerhman.com\/tr\/wp-json\/wp\/v2\/product\/1039\/revisions\/1042"}],"wp:featuredmedia":[{"embeddable":true,"href":"https:\/\/gerhman.com\/tr\/wp-json\/wp\/v2\/media\/1041"}],"wp:attachment":[{"href":"https:\/\/gerhman.com\/tr\/wp-json\/wp\/v2\/media?parent=1039"}],"wp:term":[{"taxonomy":"product_brand","embeddable":true,"href":"https:\/\/gerhman.com\/tr\/wp-json\/wp\/v2\/product_brand?post=1039"},{"taxonomy":"product_cat","embeddable":true,"href":"https:\/\/gerhman.com\/tr\/wp-json\/wp\/v2\/product_cat?post=1039"},{"taxonomy":"product_tag","embeddable":true,"href":"https:\/\/gerhman.com\/tr\/wp-json\/wp\/v2\/product_tag?post=1039"}],"curies":[{"name":"wp","href":"https:\/\/api.w.org\/{rel}","templated":true}]}}